{"id":417165,"date":"2022-09-05T12:21:55","date_gmt":"2022-09-05T10:21:55","guid":{"rendered":"https:\/\/lucacastelli.com\/prodotto\/helly-hansen-parka-avec-mayen\/"},"modified":"2026-04-01T01:51:31","modified_gmt":"2026-03-31T23:51:31","slug":"helly-hansen-parka-avec-mayen","status":"publish","type":"product","link":"https:\/\/lucacastelli.com\/fr\/produit\/helly-hansen-parka-avec-mayen\/","title":{"rendered":"HELLY HANSEN PARKA AVEC MAYEN"},"content":{"rendered":"<p>Parka imperm\u00e9able en duvet pour femme avec taille ajustable et capuche en molleton<\/p>\n<p>Mayen vous garde au chaud et au sec sans sacrifier le style. C\u2019est une parka parfaite pour la vie quotidienne en ville en hiver. Nous avons utilis\u00e9 la technologie de protection HELLY TECH\u00ae pour le rendre imperm\u00e9able, respirant et coupe-vent. Il est rembourr\u00e9 avec le PrimaLoft\u00ae tr\u00e8s l\u00e9ger et tr\u00e8s chaud. La capuche est dot\u00e9e d\u2019une doublure en polaire douce.    <\/p>\n<p>Contenu en fibres&nbsp;: Coquille&nbsp;: 100&nbsp;% polyester. Fourrure : 85&nbsp;% acrylique, 15&nbsp;% polyester. Doublure : 100&nbsp;% polyamide. Isolation : 80 % polyester (recycl\u00e9), 20 % polyester<\/p>\n<p>Instructions d\u2019entretien : N\u2019utilisez pas d\u2019assouplissant. Retirez tous les \u00e9l\u00e9ments d\u00e9tach\u00e9s avant le lavage. S\u00e9chez le v\u00eatement en machine pour r\u00e9activer le traitement d\u00e9perlant. Laver avec des couleurs similaires   <\/p>\n<p>Poids : 1160g<\/p>\n","protected":false},"excerpt":{"rendered":"<p>Parka imperm\u00e9able en duvet pour femme avec taille ajustable et capuche en molleton Mayen vous garde au chaud et au<\/p>\n","protected":false},"featured_media":98238,"template":"","meta":{"_seopress_robots_primary_cat":"none","_seopress_titles_title":"","_seopress_titles_desc":"","_seopress_robots_index":""},"product_brand":[3646],"product_cat":[81,981,1387],"product_tag":[],"class_list":{"0":"post-417165","1":"product","2":"type-product","3":"status-publish","4":"has-post-thumbnail","6":"product_brand-helly-hansen-fr","7":"product_cat-vetements","8":"product_cat-vetements-de-loisirs","9":"product_cat-vetements-pour-femmes","11":"first","12":"instock","13":"shipping-taxable","14":"purchasable","15":"product-type-variable"},"_links":{"self":[{"href":"https:\/\/lucacastelli.com\/fr\/wp-json\/wp\/v2\/product\/417165","targetHints":{"allow":["GET"]}}],"collection":[{"href":"https:\/\/lucacastelli.com\/fr\/wp-json\/wp\/v2\/product"}],"about":[{"href":"https:\/\/lucacastelli.com\/fr\/wp-json\/wp\/v2\/types\/product"}],"wp:featuredmedia":[{"embeddable":true,"href":"https:\/\/lucacastelli.com\/fr\/wp-json\/wp\/v2\/media\/98238"}],"wp:attachment":[{"href":"https:\/\/lucacastelli.com\/fr\/wp-json\/wp\/v2\/media?parent=417165"}],"wp:term":[{"taxonomy":"product_brand","embeddable":true,"href":"https:\/\/lucacastelli.com\/fr\/wp-json\/wp\/v2\/product_brand?post=417165"},{"taxonomy":"product_cat","embeddable":true,"href":"https:\/\/lucacastelli.com\/fr\/wp-json\/wp\/v2\/product_cat?post=417165"},{"taxonomy":"product_tag","embeddable":true,"href":"https:\/\/lucacastelli.com\/fr\/wp-json\/wp\/v2\/product_tag?post=417165"}],"curies":[{"name":"wp","href":"https:\/\/api.w.org\/{rel}","templated":true}]}}