{"id":417126,"date":"2022-07-07T08:25:46","date_gmt":"2022-07-07T06:25:46","guid":{"rendered":"https:\/\/lucacastelli.com\/prodotto\/helly-hansen-chelsea-evo-boa-wide-mid\/"},"modified":"2025-08-12T18:10:43","modified_gmt":"2025-08-12T16:10:43","slug":"helly-hansen-chelsea-evo-boa-wide-mid","status":"publish","type":"product","link":"https:\/\/lucacastelli.com\/fr\/produit\/helly-hansen-chelsea-evo-boa-wide-mid\/","title":{"rendered":"HELLY HANSEN CHELSEA EVO BOA WIDE MID"},"content":{"rendered":"<p>Ce style ample est le compl\u00e9ment parfait \u00e0 notre collection Chelsea Evolution. Le confort exceptionnel s\u2019\u00e9tend d\u00e9sormais \u00e9galement aux conditions humides, car ce mod\u00e8le est \u00e9quip\u00e9 de la membrane Helly Tech\u00ae. Le syst\u00e8me de fermeture BOA\u00ae vous permet d\u2019enfiler et d\u2019enlever vos chaussures en toute simplicit\u00e9.  <\/p>\n<p>Membrane imperm\u00e9able Helly Tech\u00ae<br \/>\nEmbout pr\u00e9form\u00e9<br \/>\nen TPU Couvre-talon pr\u00e9form\u00e9<br \/>\nSyst\u00e8me BOA\u00ae Fit &#8211; M4<br \/>\nDoublure en maille a\u00e9r\u00e9e respirante avec contr\u00f4le de l\u2019humidit\u00e9<br \/>\nEmbout de s\u00e9curit\u00e9 en composite<br \/>\nProtection non m\u00e9tallique contre la p\u00e9n\u00e9tration des pointes<\/p>\n","protected":false},"excerpt":{"rendered":"<p>Ce style ample est le compl\u00e9ment parfait \u00e0 notre collection Chelsea Evolution. Le confort exceptionnel s\u2019\u00e9tend d\u00e9sormais \u00e9galement aux conditions<\/p>\n","protected":false},"featured_media":74823,"template":"","meta":{"_seopress_robots_primary_cat":"","_seopress_titles_title":"","_seopress_titles_desc":"","_seopress_robots_index":""},"product_brand":[4685],"product_cat":[173,1423],"product_tag":[],"class_list":{"0":"post-417126","1":"product","2":"type-product","3":"status-publish","4":"has-post-thumbnail","6":"product_brand-helly-hansen-workwear-fr","7":"product_cat-chaussures","8":"product_cat-chaussures-de-travail","9":"sws-gruppo-abb-libero-fr","10":"sws-conto-ricavi-merci-rivendita-abbigliamento","11":"sws-gruppo-iva-iva81","13":"first","14":"instock","15":"shipping-taxable","16":"purchasable","17":"product-type-variable"},"_links":{"self":[{"href":"https:\/\/lucacastelli.com\/fr\/wp-json\/wp\/v2\/product\/417126","targetHints":{"allow":["GET"]}}],"collection":[{"href":"https:\/\/lucacastelli.com\/fr\/wp-json\/wp\/v2\/product"}],"about":[{"href":"https:\/\/lucacastelli.com\/fr\/wp-json\/wp\/v2\/types\/product"}],"wp:featuredmedia":[{"embeddable":true,"href":"https:\/\/lucacastelli.com\/fr\/wp-json\/wp\/v2\/media\/74823"}],"wp:attachment":[{"href":"https:\/\/lucacastelli.com\/fr\/wp-json\/wp\/v2\/media?parent=417126"}],"wp:term":[{"taxonomy":"product_brand","embeddable":true,"href":"https:\/\/lucacastelli.com\/fr\/wp-json\/wp\/v2\/product_brand?post=417126"},{"taxonomy":"product_cat","embeddable":true,"href":"https:\/\/lucacastelli.com\/fr\/wp-json\/wp\/v2\/product_cat?post=417126"},{"taxonomy":"product_tag","embeddable":true,"href":"https:\/\/lucacastelli.com\/fr\/wp-json\/wp\/v2\/product_tag?post=417126"}],"curies":[{"name":"wp","href":"https:\/\/api.w.org\/{rel}","templated":true}]}}