{"id":417067,"date":"2022-07-07T07:59:12","date_gmt":"2022-07-07T05:59:12","guid":{"rendered":"https:\/\/lucacastelli.com\/prodotto\/helly-hansen-chelsea-evo-low-s3\/"},"modified":"2025-08-12T18:10:50","modified_gmt":"2025-08-12T16:10:50","slug":"helly-hansen-chelsea-evo-low-s3","status":"publish","type":"product","link":"https:\/\/lucacastelli.com\/fr\/produit\/helly-hansen-chelsea-evo-low-s3\/","title":{"rendered":"HELLY HANSEN CHELSEA EVO LOW S3"},"content":{"rendered":"<p>La collection Chelsea Evolution allie un confort exceptionnel \u00e0 un nouveau design. La semelle interm\u00e9diaire en EVA assure un excellent amorti tandis que le mat\u00e9riau sup\u00e9rieur souple adh\u00e8re au pied comme un gant. <\/p>\n<p>Embout en TPU pr\u00e9form\u00e9<br \/>\nDoublure en maille a\u00e9r\u00e9e respirante avec contr\u00f4le de l\u2019humidit\u00e9<br \/>\nEmbout de s\u00e9curit\u00e9 en aluminium<br \/>\nProtection non m\u00e9tallique contre la p\u00e9n\u00e9tration des clous<\/p>\n","protected":false},"excerpt":{"rendered":"<p>La collection Chelsea Evolution allie un confort exceptionnel \u00e0 un nouveau design. La semelle interm\u00e9diaire en EVA assure un excellent<\/p>\n","protected":false},"featured_media":74784,"template":"","meta":{"_seopress_robots_primary_cat":"","_seopress_titles_title":"","_seopress_titles_desc":"","_seopress_robots_index":""},"product_brand":[4685],"product_cat":[173,1423],"product_tag":[],"class_list":{"0":"post-417067","1":"product","2":"type-product","3":"status-publish","4":"has-post-thumbnail","6":"product_brand-helly-hansen-workwear-fr","7":"product_cat-chaussures","8":"product_cat-chaussures-de-travail","9":"sws-gruppo-abb-libero-fr","10":"sws-conto-ricavi-merci-rivendita-abbigliamento-fr","11":"sws-gruppo-iva-iva81-fr","13":"first","14":"instock","15":"shipping-taxable","16":"purchasable","17":"product-type-variable"},"_links":{"self":[{"href":"https:\/\/lucacastelli.com\/fr\/wp-json\/wp\/v2\/product\/417067","targetHints":{"allow":["GET"]}}],"collection":[{"href":"https:\/\/lucacastelli.com\/fr\/wp-json\/wp\/v2\/product"}],"about":[{"href":"https:\/\/lucacastelli.com\/fr\/wp-json\/wp\/v2\/types\/product"}],"wp:featuredmedia":[{"embeddable":true,"href":"https:\/\/lucacastelli.com\/fr\/wp-json\/wp\/v2\/media\/74784"}],"wp:attachment":[{"href":"https:\/\/lucacastelli.com\/fr\/wp-json\/wp\/v2\/media?parent=417067"}],"wp:term":[{"taxonomy":"product_brand","embeddable":true,"href":"https:\/\/lucacastelli.com\/fr\/wp-json\/wp\/v2\/product_brand?post=417067"},{"taxonomy":"product_cat","embeddable":true,"href":"https:\/\/lucacastelli.com\/fr\/wp-json\/wp\/v2\/product_cat?post=417067"},{"taxonomy":"product_tag","embeddable":true,"href":"https:\/\/lucacastelli.com\/fr\/wp-json\/wp\/v2\/product_tag?post=417067"}],"curies":[{"name":"wp","href":"https:\/\/api.w.org\/{rel}","templated":true}]}}