{"id":417002,"date":"2022-07-07T07:48:06","date_gmt":"2022-07-07T05:48:06","guid":{"rendered":"https:\/\/lucacastelli.com\/prodotto\/helly-hansen-kensington-t-shirt\/"},"modified":"2025-08-12T14:44:59","modified_gmt":"2025-08-12T12:44:59","slug":"helly-hansen-kensington-t-shirt","status":"publish","type":"product","link":"https:\/\/lucacastelli.com\/fr\/produit\/helly-hansen-kensington-t-shirt\/","title":{"rendered":"HELLY HANSEN KENSINGTON T-SHIRT"},"content":{"rendered":"<p>En mati\u00e8re de confort, rien ne vaut la collection Kensington. L\u2019association du coton et de l\u2019\u00e9lasthanne assure un confort tout au long de la journ\u00e9e en toutes circonstances<br \/>\nContenu en fibres :<br \/>\nTissu principal : 92&nbsp;% Coton, 8&nbsp;% \u00c9lasthanne &#8211; 220 g\/m\u00b2. Tissu principal Gris M\u00e9lange : 47&nbsp;% Coton, 45&nbsp;% Polyester, 8&nbsp;% \u00c9lasthanne &#8211; 220 g\/m\u00b2  <\/p>\n<p>Instructions d\u2019entretien :<br \/>\nLavage en machine \u00e0 l\u2019eau ti\u00e8de &#8211; 40\u00b0C, Ne pas javelliser, Ne pas s\u00e9cher en machine, Repasser \u00e0 basse temp\u00e9rature, Ne pas nettoyer \u00e0 sec<\/p>\n","protected":false},"excerpt":{"rendered":"<p>En mati\u00e8re de confort, rien ne vaut la collection Kensington. L\u2019association du coton et de l\u2019\u00e9lasthanne assure un confort tout<\/p>\n","protected":false},"featured_media":41748,"template":"","meta":{"_seopress_robots_primary_cat":"","_seopress_titles_title":"","_seopress_titles_desc":"","_seopress_robots_index":""},"product_brand":[4685],"product_cat":[81,1381],"product_tag":[],"class_list":{"0":"post-417002","1":"product","2":"type-product","3":"status-publish","4":"has-post-thumbnail","6":"product_brand-helly-hansen-workwear-fr","7":"product_cat-vetements","8":"product_cat-vetements-de-travail","9":"sws-gruppo-abb-libero-fr","10":"sws-conto-ricavi-merci-rivendita-abbigliamento-fr","11":"sws-gruppo-iva-iva81-fr","13":"first","14":"instock","15":"shipping-taxable","16":"purchasable","17":"product-type-variable"},"_links":{"self":[{"href":"https:\/\/lucacastelli.com\/fr\/wp-json\/wp\/v2\/product\/417002","targetHints":{"allow":["GET"]}}],"collection":[{"href":"https:\/\/lucacastelli.com\/fr\/wp-json\/wp\/v2\/product"}],"about":[{"href":"https:\/\/lucacastelli.com\/fr\/wp-json\/wp\/v2\/types\/product"}],"wp:featuredmedia":[{"embeddable":true,"href":"https:\/\/lucacastelli.com\/fr\/wp-json\/wp\/v2\/media\/41748"}],"wp:attachment":[{"href":"https:\/\/lucacastelli.com\/fr\/wp-json\/wp\/v2\/media?parent=417002"}],"wp:term":[{"taxonomy":"product_brand","embeddable":true,"href":"https:\/\/lucacastelli.com\/fr\/wp-json\/wp\/v2\/product_brand?post=417002"},{"taxonomy":"product_cat","embeddable":true,"href":"https:\/\/lucacastelli.com\/fr\/wp-json\/wp\/v2\/product_cat?post=417002"},{"taxonomy":"product_tag","embeddable":true,"href":"https:\/\/lucacastelli.com\/fr\/wp-json\/wp\/v2\/product_tag?post=417002"}],"curies":[{"name":"wp","href":"https:\/\/api.w.org\/{rel}","templated":true}]}}