{"id":416964,"date":"2022-07-06T15:00:16","date_gmt":"2022-07-06T13:00:16","guid":{"rendered":"https:\/\/lucacastelli.com\/prodotto\/pant-haute-coquille\/"},"modified":"2025-08-12T14:44:47","modified_gmt":"2025-08-12T12:44:47","slug":"pant-haute-coquille","status":"publish","type":"product","link":"https:\/\/lucacastelli.com\/fr\/produit\/pant-haute-coquille\/","title":{"rendered":"PANT HAUTE COQUILLE"},"content":{"rendered":"<p>Ce pantalon s\u2019accorde parfaitement avec notre veste coquille Alta et offre s\u00e9curit\u00e9 et visibilit\u00e9 au travail<br \/>\nTeneur en fibres :<br \/>\nTissu principal : 100&nbsp;% polyester, 200 g\/m\u00b2 ! Mati\u00e8re principale secondaire : 100&nbsp;% Polyamide 145 g\/m\u00b2 ! Doublure&nbsp;: 100&nbsp;% Polyester  <\/p>\n<p>Instructions d\u2019entretien :<br \/>\nLavage en machine \u00e0 l\u2019eau ti\u00e8de &#8211; 40\u00b0C, Ne pas javelliser, S\u00e9cher en machine &#8211; basse temp\u00e9rature, Ne pas repasser, Ne pas nettoyer \u00e0 sec<\/p>\n<p>EN ISO 20471:2013 Classe 2<br \/>\nEN 343:2003+A1:2007 Classe 3.3<br \/>\nConstruction enti\u00e8rement couture Cordon de serrage r\u00e9glable<\/p>\n<p>\u00e0 la taille Passants de ceinture<br \/>\nCompatible avec 79550 HH WW BRETELLES 2.0<br \/>\nYKK\u00ae Fermeture \u00e9clair pour bottes hautes avec gu\u00eatre de pluie et fermeture \u00e0 pression<br \/>\nBoucle pour carte d\u2019identit\u00e9<\/p>\n","protected":false},"excerpt":{"rendered":"<p>Ce pantalon s\u2019accorde parfaitement avec notre veste coquille Alta et offre s\u00e9curit\u00e9 et visibilit\u00e9 au travail Teneur en fibres :<\/p>\n","protected":false},"featured_media":41363,"template":"","meta":{"_seopress_robots_primary_cat":"","_seopress_titles_title":"","_seopress_titles_desc":"","_seopress_robots_index":""},"product_brand":[4685],"product_cat":[81,1381],"product_tag":[],"class_list":{"0":"post-416964","1":"product","2":"type-product","3":"status-publish","4":"has-post-thumbnail","6":"product_brand-helly-hansen-workwear-fr","7":"product_cat-vetements","8":"product_cat-vetements-de-travail","9":"sws-gruppo-abb-libero-fr","10":"sws-conto-ricavi-merci-rivendita-abbigliamento-fr","11":"sws-gruppo-iva-iva81-fr","13":"first","14":"instock","15":"shipping-taxable","16":"purchasable","17":"product-type-variable"},"_links":{"self":[{"href":"https:\/\/lucacastelli.com\/fr\/wp-json\/wp\/v2\/product\/416964","targetHints":{"allow":["GET"]}}],"collection":[{"href":"https:\/\/lucacastelli.com\/fr\/wp-json\/wp\/v2\/product"}],"about":[{"href":"https:\/\/lucacastelli.com\/fr\/wp-json\/wp\/v2\/types\/product"}],"wp:featuredmedia":[{"embeddable":true,"href":"https:\/\/lucacastelli.com\/fr\/wp-json\/wp\/v2\/media\/41363"}],"wp:attachment":[{"href":"https:\/\/lucacastelli.com\/fr\/wp-json\/wp\/v2\/media?parent=416964"}],"wp:term":[{"taxonomy":"product_brand","embeddable":true,"href":"https:\/\/lucacastelli.com\/fr\/wp-json\/wp\/v2\/product_brand?post=416964"},{"taxonomy":"product_cat","embeddable":true,"href":"https:\/\/lucacastelli.com\/fr\/wp-json\/wp\/v2\/product_cat?post=416964"},{"taxonomy":"product_tag","embeddable":true,"href":"https:\/\/lucacastelli.com\/fr\/wp-json\/wp\/v2\/product_tag?post=416964"}],"curies":[{"name":"wp","href":"https:\/\/api.w.org\/{rel}","templated":true}]}}