{"id":416963,"date":"2022-07-07T07:35:12","date_gmt":"2022-07-07T05:35:12","guid":{"rendered":"https:\/\/lucacastelli.com\/prodotto\/helly-hansen-veste-haute-coquille\/"},"modified":"2025-08-12T14:44:43","modified_gmt":"2025-08-12T12:44:43","slug":"helly-hansen-veste-haute-coquille","status":"publish","type":"product","link":"https:\/\/lucacastelli.com\/fr\/produit\/helly-hansen-veste-haute-coquille\/","title":{"rendered":"HELLY HANSEN VESTE HAUTE COQUILLE"},"content":{"rendered":"<p>Veste shell imperm\u00e9able et respirante avec membrane Helly Tech\u00ae Protection. Certifi\u00e9 EN ISO 20471 Classe 3 avec \u00e9l\u00e9ments r\u00e9fl\u00e9chissants sur l\u2019\u00e9paule pour plus de polyvalence. Capuche compressible, poche int\u00e9rieure et doublure en maille pour plus de confort.<br \/>\nTeneur en fibres&nbsp;:<br \/>\nTissu principal&nbsp;: 100&nbsp;% Polyester, 200 g\/m\u00b2 ! Mati\u00e8re principale secondaire : 100&nbsp;% Polyamide 145 g\/m\u00b2 ! Doublure&nbsp;: 100&nbsp;% Polyester    <\/p>\n<p>Instructions d\u2019entretien :<br \/>\nLavage en machine \u00e0 l\u2019eau ti\u00e8de &#8211; 40\u00b0C, Ne pas javelliser, S\u00e9cher en machine &#8211; basse temp\u00e9rature, Ne pas repasser, Ne pas nettoyer \u00e0 sec<\/p>\n<p>EN ISO 20471:2013 Classe 3<br \/>\nEN 343:2003+A1:2007 Classe 3.3<br \/>\nCoutures enti\u00e8rement \u00e9tanches<br \/>\nCapuche amovible<br \/>\nCapuche r\u00e9glable avec cordon de serrage et fermeture \u00e9clair Velcro<br \/>\nYKK\u00ae Poche napol\u00e9on accessible sans ouvrir la veste<br \/>\nPoches pour les mains zipp\u00e9es YKK<br \/>\n\u00aePoignets r\u00e9glables<br \/>\nOurlet \u00e0 cordon<br \/>\nde serrage r\u00e9glable Fermetures \u00e9clair ornementales<br \/>\nBoucle pour carte d\u2019identit\u00e9<\/p>\n","protected":false},"excerpt":{"rendered":"<p>Veste shell imperm\u00e9able et respirante avec membrane Helly Tech\u00ae Protection. Certifi\u00e9 EN ISO 20471 Classe 3 avec \u00e9l\u00e9ments r\u00e9fl\u00e9chissants sur<\/p>\n","protected":false},"featured_media":41607,"template":"","meta":{"_seopress_robots_primary_cat":"","_seopress_titles_title":"","_seopress_titles_desc":"","_seopress_robots_index":""},"product_brand":[4685],"product_cat":[81,1381],"product_tag":[],"class_list":{"0":"post-416963","1":"product","2":"type-product","3":"status-publish","4":"has-post-thumbnail","6":"product_brand-helly-hansen-workwear-fr","7":"product_cat-vetements","8":"product_cat-vetements-de-travail","9":"sws-gruppo-abb-libero-fr","10":"sws-conto-ricavi-merci-rivendita-abbigliamento-fr","11":"sws-gruppo-iva-iva81-fr","13":"first","14":"instock","15":"shipping-taxable","16":"purchasable","17":"product-type-variable"},"_links":{"self":[{"href":"https:\/\/lucacastelli.com\/fr\/wp-json\/wp\/v2\/product\/416963","targetHints":{"allow":["GET"]}}],"collection":[{"href":"https:\/\/lucacastelli.com\/fr\/wp-json\/wp\/v2\/product"}],"about":[{"href":"https:\/\/lucacastelli.com\/fr\/wp-json\/wp\/v2\/types\/product"}],"wp:featuredmedia":[{"embeddable":true,"href":"https:\/\/lucacastelli.com\/fr\/wp-json\/wp\/v2\/media\/41607"}],"wp:attachment":[{"href":"https:\/\/lucacastelli.com\/fr\/wp-json\/wp\/v2\/media?parent=416963"}],"wp:term":[{"taxonomy":"product_brand","embeddable":true,"href":"https:\/\/lucacastelli.com\/fr\/wp-json\/wp\/v2\/product_brand?post=416963"},{"taxonomy":"product_cat","embeddable":true,"href":"https:\/\/lucacastelli.com\/fr\/wp-json\/wp\/v2\/product_cat?post=416963"},{"taxonomy":"product_tag","embeddable":true,"href":"https:\/\/lucacastelli.com\/fr\/wp-json\/wp\/v2\/product_tag?post=416963"}],"curies":[{"name":"wp","href":"https:\/\/api.w.org\/{rel}","templated":true}]}}