{"id":416864,"date":"2022-07-06T12:08:34","date_gmt":"2022-07-06T10:08:34","guid":{"rendered":"https:\/\/lucacastelli.com\/prodotto\/helly-hansen-addvis-t-shirt\/"},"modified":"2025-08-12T14:44:41","modified_gmt":"2025-08-12T12:44:41","slug":"helly-hansen-addvis-t-shirt","status":"publish","type":"product","link":"https:\/\/lucacastelli.com\/fr\/produit\/helly-hansen-addvis-t-shirt\/","title":{"rendered":"HELLY HANSEN ADDVIS T-SHIRT"},"content":{"rendered":"<p>Description<br \/>\nLe t-shirt Addvis combine des tissus extensibles doux et r\u00e9fl\u00e9chissants pour assurer un confort maximal. La certification Hi Vis garantit la s\u00e9curit\u00e9 et la visibilit\u00e9 pendant le travail. <\/p>\n<p>Mat\u00e9riau<br \/>\nTissu principal : 100&nbsp;% polyester &#8211; 143 g\/m\u00b2  <\/p>\n<p>WashCare<br \/>\nLavage en machine \u00e0 l\u2019eau ti\u00e8de \u00e0 40\u00b0C, Ne pas javelliser, S\u00e9cher par culbutage \u00e0 basse temp\u00e9rature, Ne pas repasser, Ne pas nettoyer \u00e0 sec<\/p>\n<p>Tissu<br \/>\nextensible dans les 4 sens<br \/>\nCol c\u00f4tel\u00e9 pour plus de confort<br \/>\nEN ISO 20471:2013 Classe 2<\/p>\n","protected":false},"excerpt":{"rendered":"<p>Description Le t-shirt Addvis combine des tissus extensibles doux et r\u00e9fl\u00e9chissants pour assurer un confort maximal. La certification Hi Vis<\/p>\n","protected":false},"featured_media":41216,"template":"","meta":{"_seopress_robots_primary_cat":"","_seopress_titles_title":"","_seopress_titles_desc":"","_seopress_robots_index":""},"product_brand":[4685],"product_cat":[81,1381],"product_tag":[],"class_list":{"0":"post-416864","1":"product","2":"type-product","3":"status-publish","4":"has-post-thumbnail","6":"product_brand-helly-hansen-workwear-fr","7":"product_cat-vetements","8":"product_cat-vetements-de-travail","9":"sws-gruppo-abb-libero-fr","10":"sws-conto-ricavi-merci-rivendita-abbigliamento-fr","11":"sws-gruppo-iva-iva81-fr","13":"first","14":"instock","15":"shipping-taxable","16":"purchasable","17":"product-type-variable"},"_links":{"self":[{"href":"https:\/\/lucacastelli.com\/fr\/wp-json\/wp\/v2\/product\/416864","targetHints":{"allow":["GET"]}}],"collection":[{"href":"https:\/\/lucacastelli.com\/fr\/wp-json\/wp\/v2\/product"}],"about":[{"href":"https:\/\/lucacastelli.com\/fr\/wp-json\/wp\/v2\/types\/product"}],"wp:featuredmedia":[{"embeddable":true,"href":"https:\/\/lucacastelli.com\/fr\/wp-json\/wp\/v2\/media\/41216"}],"wp:attachment":[{"href":"https:\/\/lucacastelli.com\/fr\/wp-json\/wp\/v2\/media?parent=416864"}],"wp:term":[{"taxonomy":"product_brand","embeddable":true,"href":"https:\/\/lucacastelli.com\/fr\/wp-json\/wp\/v2\/product_brand?post=416864"},{"taxonomy":"product_cat","embeddable":true,"href":"https:\/\/lucacastelli.com\/fr\/wp-json\/wp\/v2\/product_cat?post=416864"},{"taxonomy":"product_tag","embeddable":true,"href":"https:\/\/lucacastelli.com\/fr\/wp-json\/wp\/v2\/product_tag?post=416864"}],"curies":[{"name":"wp","href":"https:\/\/api.w.org\/{rel}","templated":true}]}}