{"id":416860,"date":"2022-06-14T03:31:49","date_gmt":"2022-06-14T01:31:49","guid":{"rendered":"https:\/\/lucacastelli.com\/prodotto\/helly-hansen-alna-2-0-veste-dhiver\/"},"modified":"2025-08-12T14:44:11","modified_gmt":"2025-08-12T12:44:11","slug":"helly-hansen-alna-2-0-veste-dhiver","status":"publish","type":"product","link":"https:\/\/lucacastelli.com\/fr\/produit\/helly-hansen-alna-2-0-veste-dhiver\/","title":{"rendered":"HELLY HANSEN ALNA 2.0 VESTE D\u2019HIVER"},"content":{"rendered":"<p>Description  <\/p>\n<p>La veste d\u2019hiver Alna 2.0 est durable, visible et \u00e9l\u00e9gante. Avec des r\u00e9flecteurs de chaleur, un ajustement parfait et une technologie de poche de vie pour garder les appareils \u00e9lectroniques personnels en vie plus longtemps, cette veste est un excellent choix pour rester au chaud et en s\u00e9curit\u00e9 m\u00eame pendant les journ\u00e9es froides et sombres de l\u2019hiver.   <\/p>\n<p>Mat\u00e9riel  <\/p>\n<p>Tissu principal : 100&nbsp;% polyester &#8211; 215 g\/m\u00b2 ! Tissu principal secondaire : 100&nbsp;% polyamide &#8211; 235 g\/m\u00b2 ! Doublure : 100&nbsp;% polyamide ! Isolation : 80&nbsp;% polyester recycl\u00e9, 20&nbsp;% polyester &#8211; 133 g\/m\u00b2 dans le corps, 80 g\/m\u00b2 dans les manches et la capuche   <\/p>\n<p>Fonctionnalit\u00e9s  <\/p>\n<p>Poignets r\u00e9glables<br \/>\nOurlet ajustable avec cordon de serrage \u00e9lastique \u00e0 l\u2019int\u00e9rieur de la poche pour les mains<br \/>\nClasse de perm\u00e9abilit\u00e9 \u00e0 l\u2019air 3<br \/>\nManchons articul\u00e9s pour une mobilit\u00e9 optimale<br \/>\nCol int\u00e9rieur en polyester bross\u00e9<br \/>\nPoche poitrine zipp\u00e9e YKK<br \/>\nCapuche amovible<br \/>\nFermeture \u00e9clair d\u2019embellissement<br \/>\nEN 342:2017 0,324 m\u00b2K\/L(B) (2,09 clo)<br \/>\nEN 343:2019 4.1<br \/>\nEN ISO 2047:20131 Classe 2 : Tailles XS &#8211; S<br \/>\nDos allong\u00e9 pour plus de confort<br \/>\nConstruction enti\u00e8rement scell\u00e9e<br \/>\nPoches pour les mains avec doublure bross\u00e9e<br \/>\nPoches pour les mains zipp\u00e9es YKK<br \/>\nCapuche compatible avec un casque<br \/>\nBoucle pour carte d\u2019identit\u00e9<br \/>\nPoche \u00e0 la taille<br \/>\nLife Pocket\u2122 pour tablettes<br \/>\nPas de coutures aux \u00e9paules<br \/>\nCol rembourr\u00e9 pour plus de confort<br \/>\nPoche zipp\u00e9e YKK pour tablette<br \/>\nR\u00e9glage vertical et horizontal du capuchon<br \/>\nGu\u00eatres aux poignets<br \/>\nFermeture \u00e9clair YKK\u00ae \u00e0 l\u2019avant avec prot\u00e8ge-menton<br \/>\nFermeture \u00e9clair YKK\u00ae pour l\u2019a\u00e9ration sous les bras<br \/>\nEN ISO 20471:2013 Classe 3 : Taille M -&gt;<\/p>\n","protected":false},"excerpt":{"rendered":"<p>Description La veste d\u2019hiver Alna 2.0 est durable, visible et \u00e9l\u00e9gante. Avec des r\u00e9flecteurs de chaleur, un ajustement parfait et<\/p>\n","protected":false},"featured_media":39868,"template":"","meta":{"_seopress_robots_primary_cat":"","_seopress_titles_title":"","_seopress_titles_desc":"","_seopress_robots_index":""},"product_brand":[4685],"product_cat":[81,1381],"product_tag":[],"class_list":{"0":"post-416860","1":"product","2":"type-product","3":"status-publish","4":"has-post-thumbnail","6":"product_brand-helly-hansen-workwear-fr","7":"product_cat-vetements","8":"product_cat-vetements-de-travail","9":"sws-gruppo-abb-libero-fr","10":"sws-conto-ricavi-merci-rivendita-abbigliamento-fr","11":"sws-gruppo-iva-iva81-fr","13":"first","14":"instock","15":"shipping-taxable","16":"purchasable","17":"product-type-variable"},"_links":{"self":[{"href":"https:\/\/lucacastelli.com\/fr\/wp-json\/wp\/v2\/product\/416860","targetHints":{"allow":["GET"]}}],"collection":[{"href":"https:\/\/lucacastelli.com\/fr\/wp-json\/wp\/v2\/product"}],"about":[{"href":"https:\/\/lucacastelli.com\/fr\/wp-json\/wp\/v2\/types\/product"}],"wp:featuredmedia":[{"embeddable":true,"href":"https:\/\/lucacastelli.com\/fr\/wp-json\/wp\/v2\/media\/39868"}],"wp:attachment":[{"href":"https:\/\/lucacastelli.com\/fr\/wp-json\/wp\/v2\/media?parent=416860"}],"wp:term":[{"taxonomy":"product_brand","embeddable":true,"href":"https:\/\/lucacastelli.com\/fr\/wp-json\/wp\/v2\/product_brand?post=416860"},{"taxonomy":"product_cat","embeddable":true,"href":"https:\/\/lucacastelli.com\/fr\/wp-json\/wp\/v2\/product_cat?post=416860"},{"taxonomy":"product_tag","embeddable":true,"href":"https:\/\/lucacastelli.com\/fr\/wp-json\/wp\/v2\/product_tag?post=416860"}],"curies":[{"name":"wp","href":"https:\/\/api.w.org\/{rel}","templated":true}]}}