{"id":416803,"date":"2024-04-29T15:04:41","date_gmt":"2024-04-29T13:04:41","guid":{"rendered":"https:\/\/lucacastelli.com\/prodotto\/helly-hansen-oxford-4x-short-cargo\/"},"modified":"2025-06-29T09:49:51","modified_gmt":"2025-06-29T07:49:51","slug":"helly-hansen-oxford-4x-short-cargo","status":"publish","type":"product","link":"https:\/\/lucacastelli.com\/fr\/produit\/helly-hansen-oxford-4x-short-cargo\/","title":{"rendered":"HELLY HANSEN OXFORD 4X SHORT CARGO"},"content":{"rendered":"<p>SHORT CARGO 4X<br \/>\nOXFORD N\u00b0 77508<br \/>\nLe short cargo Oxford 4X vous permet de mieux travailler dans toutes les directions gr\u00e2ce au tissu l\u00e9ger extensible dans les 4 sens qui recouvre l\u2019ensemble du v\u00eatement pour une plus grande libert\u00e9 de mouvement. Les fermetures \u00e9clair YKK et les fils Amann am\u00e9liorent la r\u00e9sistance et la long\u00e9vit\u00e9 du v\u00eatement, qui est \u00e9quip\u00e9 de plusieurs poches et de compartiments sp\u00e9cialis\u00e9s, tels qu\u2019une poche m\u00e8tre, une boucle pour documents, etc. Une large boucle de ceinture au centre du dos ajoute de la stabilit\u00e9 et de la durabilit\u00e9, tandis que des boutons en m\u00e9tal plastifi\u00e9s prot\u00e8gent les surfaces d\u00e9licates des rayures. Id\u00e9al pour le travail actif ou par temps chaud.   <\/p>\n<p>Composition des fibres&nbsp;: Mati\u00e8re principale&nbsp;: 94 % polyamide, 6 % \u00e9lasthanne &#8211; 260 g\/m\u00b2 &#8211; Mati\u00e8re secondaire&nbsp;: 79 % coton, 18 % polyester, 3 % \u00e9lastol\u00e9fine 265 g\/m\u00b2<\/p>\n<p>FONCTIONS<br \/>\nFermeture \u00e9clair YKK<br \/>\nCoutures AMANN<br \/>\nMati\u00e8re extensible dans les 4 sens<br \/>\nTissu l\u00e9ger pour plus de confort<br \/>\nLarge boucle de ceinture au centre pour plus de stabilit\u00e9 et de durabilit\u00e9<br \/>\nGousset \u00e0 l\u2019entrejambe pour une plus grande libert\u00e9 de mouvement<br \/>\nPoches sur les cuisses avec fermeture<br \/>\nBoutons en m\u00e9tal recouverts<br \/>\nde caoutchouc Boucle pour carte<br \/>\nd\u2019identit\u00e9 D\u00e9tails de conception r\u00e9fl\u00e9chissants<\/p>\n","protected":false},"excerpt":{"rendered":"<p>SHORT CARGO 4X OXFORD N\u00b0 77508 Le short cargo Oxford 4X vous permet de mieux travailler dans toutes les directions<\/p>\n","protected":false},"featured_media":49081,"template":"","meta":{"_seopress_robots_primary_cat":"","_seopress_titles_title":"","_seopress_titles_desc":"","_seopress_robots_index":""},"product_brand":[3646],"product_cat":[81,1381],"product_tag":[],"class_list":{"0":"post-416803","1":"product","2":"type-product","3":"status-publish","4":"has-post-thumbnail","6":"product_brand-helly-hansen-fr","7":"product_cat-vetements","8":"product_cat-vetements-de-travail","10":"first","11":"instock","12":"shipping-taxable","13":"purchasable","14":"product-type-variable"},"_links":{"self":[{"href":"https:\/\/lucacastelli.com\/fr\/wp-json\/wp\/v2\/product\/416803","targetHints":{"allow":["GET"]}}],"collection":[{"href":"https:\/\/lucacastelli.com\/fr\/wp-json\/wp\/v2\/product"}],"about":[{"href":"https:\/\/lucacastelli.com\/fr\/wp-json\/wp\/v2\/types\/product"}],"wp:featuredmedia":[{"embeddable":true,"href":"https:\/\/lucacastelli.com\/fr\/wp-json\/wp\/v2\/media\/49081"}],"wp:attachment":[{"href":"https:\/\/lucacastelli.com\/fr\/wp-json\/wp\/v2\/media?parent=416803"}],"wp:term":[{"taxonomy":"product_brand","embeddable":true,"href":"https:\/\/lucacastelli.com\/fr\/wp-json\/wp\/v2\/product_brand?post=416803"},{"taxonomy":"product_cat","embeddable":true,"href":"https:\/\/lucacastelli.com\/fr\/wp-json\/wp\/v2\/product_cat?post=416803"},{"taxonomy":"product_tag","embeddable":true,"href":"https:\/\/lucacastelli.com\/fr\/wp-json\/wp\/v2\/product_tag?post=416803"}],"curies":[{"name":"wp","href":"https:\/\/api.w.org\/{rel}","templated":true}]}}