{"id":416750,"date":"2023-09-13T08:17:35","date_gmt":"2023-09-13T06:17:35","guid":{"rendered":"https:\/\/lucacastelli.com\/prodotto\/bonnet-helly-hansen-outline\/"},"modified":"2025-06-29T09:49:17","modified_gmt":"2025-06-29T07:49:17","slug":"bonnet-helly-hansen-outline","status":"publish","type":"product","link":"https:\/\/lucacastelli.com\/fr\/produit\/bonnet-helly-hansen-outline\/","title":{"rendered":"BONNET HELLY HANSEN OUTLINE"},"content":{"rendered":"<p>Un bonnet en tricot classique avec notre logo l\u00e9gendaire. Convient toute l\u2019ann\u00e9e pour tous les divertissements en plein air. <\/p>\n<p>Notre bonnet classique avec logo est doux, chaud et confortable. C\u2019est un must-have pour toute activit\u00e9 de plein air. <\/p>\n<p>Composition des fibres : tissu ext\u00e9rieur : 95 % polyester (recycl\u00e9), 4 % polyamide, 1 % \u00e9lasthanne<br \/>\nPoids : 70 g<\/p>\n<p>CARACT\u00c9RISTIQUES<br \/>\nMat\u00e9riau fabriqu\u00e9 \u00e0 partir de plastique Oceanbound recycl\u00e9<\/p>\n","protected":false},"excerpt":{"rendered":"<p>Un bonnet en tricot classique avec notre logo l\u00e9gendaire. Convient toute l\u2019ann\u00e9e pour tous les divertissements en plein air. Notre<\/p>\n","protected":false},"featured_media":96760,"template":"","meta":{"_seopress_robots_primary_cat":"","_seopress_titles_title":"","_seopress_titles_desc":"","_seopress_robots_index":""},"product_brand":[3646],"product_cat":[1390,81],"product_tag":[],"class_list":{"0":"post-416750","1":"product","2":"type-product","3":"status-publish","4":"has-post-thumbnail","6":"product_brand-helly-hansen-fr","7":"product_cat-accessoires-dhabillement","8":"product_cat-vetements","10":"first","11":"instock","12":"shipping-taxable","13":"purchasable","14":"product-type-variable"},"_links":{"self":[{"href":"https:\/\/lucacastelli.com\/fr\/wp-json\/wp\/v2\/product\/416750","targetHints":{"allow":["GET"]}}],"collection":[{"href":"https:\/\/lucacastelli.com\/fr\/wp-json\/wp\/v2\/product"}],"about":[{"href":"https:\/\/lucacastelli.com\/fr\/wp-json\/wp\/v2\/types\/product"}],"wp:featuredmedia":[{"embeddable":true,"href":"https:\/\/lucacastelli.com\/fr\/wp-json\/wp\/v2\/media\/96760"}],"wp:attachment":[{"href":"https:\/\/lucacastelli.com\/fr\/wp-json\/wp\/v2\/media?parent=416750"}],"wp:term":[{"taxonomy":"product_brand","embeddable":true,"href":"https:\/\/lucacastelli.com\/fr\/wp-json\/wp\/v2\/product_brand?post=416750"},{"taxonomy":"product_cat","embeddable":true,"href":"https:\/\/lucacastelli.com\/fr\/wp-json\/wp\/v2\/product_cat?post=416750"},{"taxonomy":"product_tag","embeddable":true,"href":"https:\/\/lucacastelli.com\/fr\/wp-json\/wp\/v2\/product_tag?post=416750"}],"curies":[{"name":"wp","href":"https:\/\/api.w.org\/{rel}","templated":true}]}}