{"id":416673,"date":"2023-11-24T09:37:08","date_gmt":"2023-11-24T08:37:08","guid":{"rendered":"https:\/\/lucacastelli.com\/prodotto\/helly-hansen-manchester-low-s3\/"},"modified":"2025-06-29T09:49:26","modified_gmt":"2025-06-29T07:49:26","slug":"helly-hansen-manchester-low-s3","status":"publish","type":"product","link":"https:\/\/lucacastelli.com\/fr\/produit\/helly-hansen-manchester-low-s3\/","title":{"rendered":"HELLY HANSEN MANCHESTER LOW S3"},"content":{"rendered":"<p>Manchester n\u2019a pas de gadgets, juste d\u2019excellentes chaussures de s\u00e9curit\u00e9 qui font ce que vous leur demandez. Ces chaussures de s\u00e9curit\u00e9 protectrices sans m\u00e9tal sont dot\u00e9es d\u2019un embout en composite et d\u2019une semelle non m\u00e9tallique pour la p\u00e9n\u00e9tration des clous. Elles sont dot\u00e9es d\u2019une semelle interm\u00e9diaire l\u00e9g\u00e8re en EVA et d\u2019une semelle ext\u00e9rieure en caoutchouc antid\u00e9rapante.  <\/p>\n<p>Teneur en fibres&nbsp;: Tissu principal&nbsp;: Tige en polyester ripstop avec superpositions en microfibre.<\/p>\n<p>FONCTIONNALIT\u00c9S<\/p>\n<p>Pare-chocs en<br \/>\nTPU moul\u00e9 Rev\u00eatement du talon en TPU moul\u00e9<br \/>\nQuincaillerie non m\u00e9tallique<br \/>\nD\u00e9tails r\u00e9fl\u00e9chissants<br \/>\nDoublure en maille a\u00e9r\u00e9e respirante et \u00e9vacuant<br \/>\nl\u2019humidit\u00e9 Embout de s\u00e9curit\u00e9 en composite<br \/>\nProtection contre la p\u00e9n\u00e9tration des clous sans m\u00e9tal<\/p>\n","protected":false},"excerpt":{"rendered":"<p>Manchester n\u2019a pas de gadgets, juste d\u2019excellentes chaussures de s\u00e9curit\u00e9 qui font ce que vous leur demandez. Ces chaussures de<\/p>\n","protected":false},"featured_media":99705,"template":"","meta":{"_seopress_robots_primary_cat":"","_seopress_titles_title":"","_seopress_titles_desc":"","_seopress_robots_index":""},"product_brand":[3425],"product_cat":[28,796],"product_tag":[],"class_list":{"0":"post-416673","1":"product","2":"type-product","3":"status-publish","4":"has-post-thumbnail","6":"product_brand-helly-hansen","7":"product_cat-calzature","8":"product_cat-calzature-da-lavoro","10":"first","11":"instock","12":"shipping-taxable","13":"purchasable","14":"product-type-variable"},"_links":{"self":[{"href":"https:\/\/lucacastelli.com\/fr\/wp-json\/wp\/v2\/product\/416673","targetHints":{"allow":["GET"]}}],"collection":[{"href":"https:\/\/lucacastelli.com\/fr\/wp-json\/wp\/v2\/product"}],"about":[{"href":"https:\/\/lucacastelli.com\/fr\/wp-json\/wp\/v2\/types\/product"}],"wp:featuredmedia":[{"embeddable":true,"href":"https:\/\/lucacastelli.com\/fr\/wp-json\/wp\/v2\/media\/99705"}],"wp:attachment":[{"href":"https:\/\/lucacastelli.com\/fr\/wp-json\/wp\/v2\/media?parent=416673"}],"wp:term":[{"taxonomy":"product_brand","embeddable":true,"href":"https:\/\/lucacastelli.com\/fr\/wp-json\/wp\/v2\/product_brand?post=416673"},{"taxonomy":"product_cat","embeddable":true,"href":"https:\/\/lucacastelli.com\/fr\/wp-json\/wp\/v2\/product_cat?post=416673"},{"taxonomy":"product_tag","embeddable":true,"href":"https:\/\/lucacastelli.com\/fr\/wp-json\/wp\/v2\/product_tag?post=416673"}],"curies":[{"name":"wp","href":"https:\/\/api.w.org\/{rel}","templated":true}]}}