{"id":416641,"date":"2023-12-01T13:25:10","date_gmt":"2023-12-01T12:25:10","guid":{"rendered":"https:\/\/lucacastelli.com\/prodotto\/pant-de-travail-chelsea-evolution\/"},"modified":"2025-06-29T09:49:35","modified_gmt":"2025-06-29T07:49:35","slug":"pant-de-travail-chelsea-evolution","status":"publish","type":"product","link":"https:\/\/lucacastelli.com\/fr\/produit\/pant-de-travail-chelsea-evolution\/","title":{"rendered":"PANT DE TRAVAIL CHELSEA EVOLUTION"},"content":{"rendered":"<p>Le pantalon de travail Chelsea Evolution est un pantalon durable avec un tissu extensible dans les 4 sens combin\u00e9 \u00e0 notre l\u00e9gendaire tissu en coton Chelsea. La coupe moderne, les genoux articul\u00e9s pour un mouvement optimal et les tissus de renfort Cordura font de ce pantalon votre meilleur compagnon de\u00ae travail.<br \/>\nComposition des fibres :<br \/>\nTissu principal : 93&nbsp;% polyamide, 7&nbsp;% \u00e9lasthanne &#8211; 310 g\/m\u00b2 ! Tissu secondaire : 79&nbsp;% Coton, 21&nbsp;% Polyester &#8211; 295 g\/m\u00b2 ! Renfort : 100&nbsp;% polyamide &#8211; 220 g\/m\u00b2   <\/p>\n<p>Instructions d\u2019entretien :<br \/>\nLaver en machine \u00e0 l\u2019eau ti\u00e8de \u00e0 40\u00b0C, ne pas javelliser, ne pas s\u00e9cher en machine, ne pas repasser, ne pas nettoyer \u00e0 sec.<\/p>\n<p>FONCTIONNALIT\u00c9S  <\/p>\n<p>Tissu extensible dans les 4 sens<br \/>\nTaille profil\u00e9e pour plus de confort<br \/>\nBoucle centrale large \u00e0 l\u2019arri\u00e8re pour plus de stabilit\u00e9 et de durabilit\u00e9<br \/>\nGousset \u00e0 l\u2019entrejambe pour une plus grande libert\u00e9 de mouvement<br \/>\nBoutons en m\u00e9tal plastifi\u00e9<br \/>\nPoche sur la cuisse avec fermeture auto-agrippante et plusieurs compartiments Boucle pour<br \/>\ncarte d\u2019identit\u00e9<\/p>\n","protected":false},"excerpt":{"rendered":"<p>Le pantalon de travail Chelsea Evolution est un pantalon durable avec un tissu extensible dans les 4 sens combin\u00e9 \u00e0<\/p>\n","protected":false},"featured_media":48481,"template":"","meta":{"_seopress_robots_primary_cat":"","_seopress_titles_title":"","_seopress_titles_desc":"","_seopress_robots_index":""},"product_brand":[3646],"product_cat":[81,1381],"product_tag":[],"class_list":{"0":"post-416641","1":"product","2":"type-product","3":"status-publish","4":"has-post-thumbnail","6":"product_brand-helly-hansen-fr","7":"product_cat-vetements","8":"product_cat-vetements-de-travail","10":"first","11":"onbackorder","12":"shipping-taxable","13":"purchasable","14":"product-type-variable"},"_links":{"self":[{"href":"https:\/\/lucacastelli.com\/fr\/wp-json\/wp\/v2\/product\/416641","targetHints":{"allow":["GET"]}}],"collection":[{"href":"https:\/\/lucacastelli.com\/fr\/wp-json\/wp\/v2\/product"}],"about":[{"href":"https:\/\/lucacastelli.com\/fr\/wp-json\/wp\/v2\/types\/product"}],"wp:featuredmedia":[{"embeddable":true,"href":"https:\/\/lucacastelli.com\/fr\/wp-json\/wp\/v2\/media\/48481"}],"wp:attachment":[{"href":"https:\/\/lucacastelli.com\/fr\/wp-json\/wp\/v2\/media?parent=416641"}],"wp:term":[{"taxonomy":"product_brand","embeddable":true,"href":"https:\/\/lucacastelli.com\/fr\/wp-json\/wp\/v2\/product_brand?post=416641"},{"taxonomy":"product_cat","embeddable":true,"href":"https:\/\/lucacastelli.com\/fr\/wp-json\/wp\/v2\/product_cat?post=416641"},{"taxonomy":"product_tag","embeddable":true,"href":"https:\/\/lucacastelli.com\/fr\/wp-json\/wp\/v2\/product_tag?post=416641"}],"curies":[{"name":"wp","href":"https:\/\/api.w.org\/{rel}","templated":true}]}}