{"id":416635,"date":"2023-11-21T09:22:43","date_gmt":"2023-11-21T08:22:43","guid":{"rendered":"https:\/\/lucacastelli.com\/prodotto\/helly-hansen-veste-oxford-h-softs\/"},"modified":"2025-06-29T09:49:31","modified_gmt":"2025-06-29T07:49:31","slug":"helly-hansen-veste-oxford-h-softs","status":"publish","type":"product","link":"https:\/\/lucacastelli.com\/fr\/produit\/helly-hansen-veste-oxford-h-softs\/","title":{"rendered":"HELLY HANSEN VESTE OXFORD H. SOFTS"},"content":{"rendered":"<p>Il apporte le confort et l\u2019\u00e9tanch\u00e9it\u00e9 d\u2019un softshell \u00e0 la famille Oxford. Les \u00e9paules doubl\u00e9es d\u2019ind\u00e9chirure et la capuche amovible offrent une durabilit\u00e9 et une protection accrues contre les \u00e9l\u00e9ments, tandis que le corps en softshell enti\u00e8rement extensible \u00e9quilibre la respirabilit\u00e9 avec un int\u00e9rieur doux et bross\u00e9. Flexibilit\u00e9 extr\u00eame pour une utilisation comme v\u00eatement autoportant lors des matins froids sur le chantier, avec une r\u00e9sistance au vent et aux intemp\u00e9ries, mais aussi comme v\u00eatement de superposition pour plus de chaleur.<br \/>\nTeneur en fibres&nbsp;:<br \/>\nTissu principal&nbsp;: 100&nbsp;% Polyamide &#8211; 385 g\/m ! Tissu principal secondaire : 100&nbsp;% polyester &#8211; 325 g\/m\u00b2   <\/p>\n<p>Instructions d\u2019entretien :<br \/>\nLaver en machine \u00e0 l\u2019eau ti\u00e8de \u00e0 40\u00b0C, ne pas javelliser, s\u00e9cher \u00e0 basse temp\u00e9rature, repasser \u00e0 basse temp\u00e9rature, ne pas nettoyer \u00e0 sec.<\/p>\n<p>Tissus softshell avec membrane et DWR<br \/>\nSans couture sur les \u00e9paules Capuche<br \/>\namovible<br \/>\nCapuche r\u00e9glable avec cordon de serrage et fermeture<br \/>\nCol int\u00e9rieur en<br \/>\npolyester bross\u00e9 Fermeture \u00e9clair frontale YKK\u00ae avec prot\u00e8ge-menton<br \/>\nPoches pour les mains zipp\u00e9es YKK<br \/>\nManches articul\u00e9es pour une mobilit\u00e9 optimale<br \/>\nPoignets r\u00e9glables<br \/>\nOurlet r\u00e9glable avec cordon de serrage \u00e0 l\u2019int\u00e9rieur de la poche pour les mains<br \/>\nDos allong\u00e9 pour plus de confort<br \/>\nD\u00e9tails r\u00e9fl\u00e9chissants<\/p>\n","protected":false},"excerpt":{"rendered":"<p>Il apporte le confort et l\u2019\u00e9tanch\u00e9it\u00e9 d\u2019un softshell \u00e0 la famille Oxford. Les \u00e9paules doubl\u00e9es d\u2019ind\u00e9chirure et la capuche amovible<\/p>\n","protected":false},"featured_media":47476,"template":"","meta":{"_seopress_robots_primary_cat":"","_seopress_titles_title":"","_seopress_titles_desc":"","_seopress_robots_index":""},"product_brand":[3646],"product_cat":[81,1381],"product_tag":[],"class_list":{"0":"post-416635","1":"product","2":"type-product","3":"status-publish","4":"has-post-thumbnail","6":"product_brand-helly-hansen-fr","7":"product_cat-vetements","8":"product_cat-vetements-de-travail","9":"sws-gruppo-abb-libero-fr","10":"sws-categoria-sito-fr","11":"sws-conto-ricavi-merci-rivendita-abbigliamento-fr","12":"sws-gruppo-iva-iva81-fr","14":"first","15":"instock","16":"shipping-taxable","17":"purchasable","18":"product-type-variable"},"_links":{"self":[{"href":"https:\/\/lucacastelli.com\/fr\/wp-json\/wp\/v2\/product\/416635","targetHints":{"allow":["GET"]}}],"collection":[{"href":"https:\/\/lucacastelli.com\/fr\/wp-json\/wp\/v2\/product"}],"about":[{"href":"https:\/\/lucacastelli.com\/fr\/wp-json\/wp\/v2\/types\/product"}],"wp:featuredmedia":[{"embeddable":true,"href":"https:\/\/lucacastelli.com\/fr\/wp-json\/wp\/v2\/media\/47476"}],"wp:attachment":[{"href":"https:\/\/lucacastelli.com\/fr\/wp-json\/wp\/v2\/media?parent=416635"}],"wp:term":[{"taxonomy":"product_brand","embeddable":true,"href":"https:\/\/lucacastelli.com\/fr\/wp-json\/wp\/v2\/product_brand?post=416635"},{"taxonomy":"product_cat","embeddable":true,"href":"https:\/\/lucacastelli.com\/fr\/wp-json\/wp\/v2\/product_cat?post=416635"},{"taxonomy":"product_tag","embeddable":true,"href":"https:\/\/lucacastelli.com\/fr\/wp-json\/wp\/v2\/product_tag?post=416635"}],"curies":[{"name":"wp","href":"https:\/\/api.w.org\/{rel}","templated":true}]}}