{"id":416629,"date":"2023-09-13T07:56:36","date_gmt":"2023-09-13T05:56:36","guid":{"rendered":"https:\/\/lucacastelli.com\/prodotto\/helly-hansen-jr-champ-veste-reversible\/"},"modified":"2026-04-01T01:51:31","modified_gmt":"2026-03-31T23:51:31","slug":"helly-hansen-jr-champ-veste-reversible","status":"publish","type":"product","link":"https:\/\/lucacastelli.com\/fr\/produit\/helly-hansen-jr-champ-veste-reversible\/","title":{"rendered":"HELLY HANSEN JR CHAMP VESTE R\u00c9VERSIBLE"},"content":{"rendered":"<p>Une veste r\u00e9versible flexible et \u00e0 la mode pour les enfants, avec une mati\u00e8re ext\u00e9rieure d\u00e9perlante et une doublure en polaire douce.<\/p>\n<p>Nous avons con\u00e7u cette veste r\u00e9versible moderne pour vous donner le choix. Avec une coque ext\u00e9rieure \u00e9cologique, sans PFC et hydrofuge. L\u2019int\u00e9rieur est une polaire l\u00e9g\u00e8re et douce. Vous d\u00e9cidez en fonction de vos besoins et de votre apparence.   <\/p>\n<p>Teneur en fibres : Mat\u00e9riau ext\u00e9rieur : 100 % polyester. Mat\u00e9riau ext\u00e9rieur 2 : 100 % polyester<br \/>\nInstructions d\u2019entretien : Fermez les fermetures \u00e9clair avant le lavage. N\u2019utilisez pas d\u2019assouplissants. Retirer de la machine \u00e0 laver imm\u00e9diatement apr\u00e8s le lavage. Laver avec des couleurs similaires.<br \/>\nPoids : 550 g    <\/p>\n<p>YKK VISLON<br \/>\nMentonni\u00e8re<br \/>\nPoches passepoil\u00e9es<br \/>\nR\u00e9versible<br \/>\nLogo HH\u00ae imprim\u00e9<br \/>\nMicropolaire<br \/>\nAnneau de suspension interne<br \/>\nSans PFC<\/p>\n","protected":false},"excerpt":{"rendered":"<p>Une veste r\u00e9versible flexible et \u00e0 la mode pour les enfants, avec une mati\u00e8re ext\u00e9rieure d\u00e9perlante et une doublure en<\/p>\n","protected":false},"featured_media":97789,"template":"","meta":{"_seopress_robots_primary_cat":"none","_seopress_titles_title":"","_seopress_titles_desc":"","_seopress_robots_index":""},"product_brand":[3646],"product_cat":[81,981,1384],"product_tag":[],"class_list":{"0":"post-416629","1":"product","2":"type-product","3":"status-publish","4":"has-post-thumbnail","6":"product_brand-helly-hansen-fr","7":"product_cat-vetements","8":"product_cat-vetements-de-loisirs","9":"product_cat-vetements-pour-enfants","10":"sws-gruppo-abb-libero-fr","11":"sws-categoria-sito-fr","12":"sws-conto-ricavi-merci-rivendita-abbigliamento-fr","13":"sws-gruppo-iva-iva81-fr","15":"first","16":"instock","17":"shipping-taxable","18":"purchasable","19":"product-type-variable"},"_links":{"self":[{"href":"https:\/\/lucacastelli.com\/fr\/wp-json\/wp\/v2\/product\/416629","targetHints":{"allow":["GET"]}}],"collection":[{"href":"https:\/\/lucacastelli.com\/fr\/wp-json\/wp\/v2\/product"}],"about":[{"href":"https:\/\/lucacastelli.com\/fr\/wp-json\/wp\/v2\/types\/product"}],"wp:featuredmedia":[{"embeddable":true,"href":"https:\/\/lucacastelli.com\/fr\/wp-json\/wp\/v2\/media\/97789"}],"wp:attachment":[{"href":"https:\/\/lucacastelli.com\/fr\/wp-json\/wp\/v2\/media?parent=416629"}],"wp:term":[{"taxonomy":"product_brand","embeddable":true,"href":"https:\/\/lucacastelli.com\/fr\/wp-json\/wp\/v2\/product_brand?post=416629"},{"taxonomy":"product_cat","embeddable":true,"href":"https:\/\/lucacastelli.com\/fr\/wp-json\/wp\/v2\/product_cat?post=416629"},{"taxonomy":"product_tag","embeddable":true,"href":"https:\/\/lucacastelli.com\/fr\/wp-json\/wp\/v2\/product_tag?post=416629"}],"curies":[{"name":"wp","href":"https:\/\/api.w.org\/{rel}","templated":true}]}}