{"id":416618,"date":"2023-09-13T07:54:19","date_gmt":"2023-09-13T05:54:19","guid":{"rendered":"https:\/\/lucacastelli.com\/prodotto\/helly-hansen-jr-champ-veste-polaire\/"},"modified":"2026-03-01T00:25:19","modified_gmt":"2026-02-28T23:25:19","slug":"helly-hansen-jr-champ-veste-polaire","status":"publish","type":"product","link":"https:\/\/lucacastelli.com\/fr\/produit\/helly-hansen-jr-champ-veste-polaire\/","title":{"rendered":"HELLY HANSEN JR CHAMP VESTE POLAIRE"},"content":{"rendered":"<p>Une veste polaire chaude, confortable et douce fabriqu\u00e9e \u00e0 partir de polyester 100&nbsp;% recycl\u00e9.<\/p>\n<p>Cette veste polaire pour enfant est toujours nouvelle \u00e0 chaque saison. C\u2019est le v\u00eatement parfait pour la mi-saison et convient \u00e9galement \u00e0 la superposition lorsque l\u2019hiver arrive. Il est fabriqu\u00e9 en polaire douce 100&nbsp;% recycl\u00e9e et est tr\u00e8s confortable et chaud. En plus de la capuche, il dispose de deux poches zipp\u00e9es et d\u2019une poche poitrine pour plus d\u2019espace de rangement.   <\/p>\n<p>Teneur en fibres : Tissu ext\u00e9rieur : 100 % polyester (recycl\u00e9). Doublure&nbsp;: 100 % polyester<x id=\"gid_0\"><\/x>Instructions d\u2019entretien&nbsp;: Fermez les fermetures \u00e9clair avant le lavage. Laver avec des couleurs similaires.<br \/>\nPoids : 450 g  <\/p>\n<p>Fermeture \u00e9clair YKK<br \/>\nPoches poitrine et poches fendues avec fermetures \u00e9clair YKK<br \/>\nProt\u00e8ge-menton<br \/>\nLogo Helly Hansen (HH) brod\u00e9<br \/>\nDos allong\u00e9<br \/>\nBoucle int\u00e9rieure pour veste<br \/>\nsuspendue Mat\u00e9riau recycl\u00e9<\/p>\n","protected":false},"excerpt":{"rendered":"<p>Une veste polaire chaude, confortable et douce fabriqu\u00e9e \u00e0 partir de polyester 100&nbsp;% recycl\u00e9. Cette veste polaire pour enfant est<\/p>\n","protected":false},"featured_media":97774,"template":"","meta":{"_seopress_robots_primary_cat":"none","_seopress_titles_title":"","_seopress_titles_desc":"","_seopress_robots_index":""},"product_brand":[3425],"product_cat":[21,189,685],"product_tag":[],"class_list":{"0":"post-416618","1":"product","2":"type-product","3":"status-publish","4":"has-post-thumbnail","6":"product_brand-helly-hansen","7":"product_cat-abbigliamento","8":"product_cat-abbigliamento-per-il-tempo-libero","9":"product_cat-abbigliamento-da-bambino","10":"sws-gruppo-abb-libero-fr","11":"sws-categoria-sito-fr","12":"sws-conto-ricavi-merci-rivendita-abbigliamento-fr","13":"sws-gruppo-iva-iva81-fr","15":"first","16":"instock","17":"shipping-taxable","18":"purchasable","19":"product-type-variable","20":"has-default-attributes"},"_links":{"self":[{"href":"https:\/\/lucacastelli.com\/fr\/wp-json\/wp\/v2\/product\/416618","targetHints":{"allow":["GET"]}}],"collection":[{"href":"https:\/\/lucacastelli.com\/fr\/wp-json\/wp\/v2\/product"}],"about":[{"href":"https:\/\/lucacastelli.com\/fr\/wp-json\/wp\/v2\/types\/product"}],"wp:featuredmedia":[{"embeddable":true,"href":"https:\/\/lucacastelli.com\/fr\/wp-json\/wp\/v2\/media\/97774"}],"wp:attachment":[{"href":"https:\/\/lucacastelli.com\/fr\/wp-json\/wp\/v2\/media?parent=416618"}],"wp:term":[{"taxonomy":"product_brand","embeddable":true,"href":"https:\/\/lucacastelli.com\/fr\/wp-json\/wp\/v2\/product_brand?post=416618"},{"taxonomy":"product_cat","embeddable":true,"href":"https:\/\/lucacastelli.com\/fr\/wp-json\/wp\/v2\/product_cat?post=416618"},{"taxonomy":"product_tag","embeddable":true,"href":"https:\/\/lucacastelli.com\/fr\/wp-json\/wp\/v2\/product_tag?post=416618"}],"curies":[{"name":"wp","href":"https:\/\/api.w.org\/{rel}","templated":true}]}}