{"id":416597,"date":"2023-08-27T13:18:08","date_gmt":"2023-08-27T11:18:08","guid":{"rendered":"https:\/\/lucacastelli.com\/prodotto\/helly-hansen-isolant-uc-me-269-hi-vis\/"},"modified":"2025-06-29T09:48:58","modified_gmt":"2025-06-29T07:48:58","slug":"helly-hansen-isolant-uc-me-269-hi-vis","status":"publish","type":"product","link":"https:\/\/lucacastelli.com\/fr\/produit\/helly-hansen-isolant-uc-me-269-hi-vis\/","title":{"rendered":"HELLY HANSEN ISOLANT UC-ME 269 HI VIS"},"content":{"rendered":"<p>EN ISO 20471:2013 classe 2<br \/>\nEN 342:2017 Icler 0,304 m\u00b2K\/W(B)(1,96 clo)<br \/>\nEN 342:2017 En combinaison avec les normes 71455 et 71456<br \/>\nEN 342:2017 Icler 0,326 m\u00b2K\/W(B)(2.10 clo)<br \/>\nEN 342:2017 En combinaison avec les normes 71455, 71456 et 71185<br \/>\nEN 342:2017 Classe de perm\u00e9abilit\u00e9 \u00e0 l\u2019air 3<br \/>\nPolyester bross\u00e9 \u00e0 l\u2019int\u00e9rieur du col<br \/>\nFermeture \u00e9clair frontale YKK\u00ae avec prot\u00e8ge-menton<br \/>\nPoches fendues avec fermetures \u00e9clair YKK<br \/>\nFermeture \u00e9clair \u00e0 la mode<br \/>\nManches amovibles avec fermeture \u00e9clair<br \/>\nPoignets \u00e9lastiqu\u00e9s<br \/>\nOurlet ajustable avec cordon de serrage \u00e9lastique interne et poches fendues<br \/>\nPassage pour les documents ou les cartes d\u2019identit\u00e9<br \/>\nDos allong\u00e9 pour plus de confort<br \/>\nPeut \u00eatre associ\u00e9 \u00e0 la veste 71185 UC-ME Shell Zip<br \/>\nTissu principal : 100&nbsp;% polyester, 210 g\/m\u00b2<br \/>\nMati\u00e8re principale 169 : 100&nbsp;% polyester, 200 g\/m\u00b2<br \/>\nMati\u00e8re principale secondaire : 100&nbsp;% Polyester, 210 G\/M\u00b2<br \/>\nDoublure : 100&nbsp;% polyamide<\/p>\n","protected":false},"excerpt":{"rendered":"<p>EN ISO 20471:2013 classe 2 EN 342:2017 Icler 0,304 m\u00b2K\/W(B)(1,96 clo) EN 342:2017 En combinaison avec les normes 71455 et<\/p>\n","protected":false},"featured_media":44984,"template":"","meta":{"_seopress_robots_primary_cat":"","_seopress_titles_title":"","_seopress_titles_desc":"","_seopress_robots_index":""},"product_brand":[3646],"product_cat":[81,1381],"product_tag":[],"class_list":{"0":"post-416597","1":"product","2":"type-product","3":"status-publish","4":"has-post-thumbnail","6":"product_brand-helly-hansen-fr","7":"product_cat-vetements","8":"product_cat-vetements-de-travail","10":"first","11":"instock","12":"shipping-taxable","13":"purchasable","14":"product-type-variable"},"_links":{"self":[{"href":"https:\/\/lucacastelli.com\/fr\/wp-json\/wp\/v2\/product\/416597","targetHints":{"allow":["GET"]}}],"collection":[{"href":"https:\/\/lucacastelli.com\/fr\/wp-json\/wp\/v2\/product"}],"about":[{"href":"https:\/\/lucacastelli.com\/fr\/wp-json\/wp\/v2\/types\/product"}],"wp:featuredmedia":[{"embeddable":true,"href":"https:\/\/lucacastelli.com\/fr\/wp-json\/wp\/v2\/media\/44984"}],"wp:attachment":[{"href":"https:\/\/lucacastelli.com\/fr\/wp-json\/wp\/v2\/media?parent=416597"}],"wp:term":[{"taxonomy":"product_brand","embeddable":true,"href":"https:\/\/lucacastelli.com\/fr\/wp-json\/wp\/v2\/product_brand?post=416597"},{"taxonomy":"product_cat","embeddable":true,"href":"https:\/\/lucacastelli.com\/fr\/wp-json\/wp\/v2\/product_cat?post=416597"},{"taxonomy":"product_tag","embeddable":true,"href":"https:\/\/lucacastelli.com\/fr\/wp-json\/wp\/v2\/product_tag?post=416597"}],"curies":[{"name":"wp","href":"https:\/\/api.w.org\/{rel}","templated":true}]}}