{"id":416584,"date":"2023-08-27T13:02:33","date_gmt":"2023-08-27T11:02:33","guid":{"rendered":"https:\/\/lucacastelli.com\/prodotto\/helly-hansen-uc-me-shell-jacket\/"},"modified":"2025-06-29T09:48:57","modified_gmt":"2025-06-29T07:48:57","slug":"helly-hansen-uc-me-shell-jacket","status":"publish","type":"product","link":"https:\/\/lucacastelli.com\/fr\/produit\/helly-hansen-uc-me-shell-jacket\/","title":{"rendered":"HELLY HANSEN UC-ME SHELL JACKET"},"content":{"rendered":"<p>Colonne d\u2019eau&nbsp;: 10&#8217;000<br \/>\nRespirabilit\u00e9&nbsp;: 10&#8217;000<br \/>\nEN ISO 20471:2013 classe 3<br \/>\nEN 343:2019 classe 3.3<br \/>\nCapuche amovible<br \/>\nCapuche r\u00e9glable verticalement et horizontalement<br \/>\nCapuche compatible avec un casque<br \/>\nPas de coutures aux \u00e9paules<br \/>\nPolyester bross\u00e9 \u00e0 l\u2019int\u00e9rieur du col<br \/>\nFermeture \u00e9clair frontale YKK\u00ae avec prot\u00e8ge-menton<br \/>\nLa poche Napol\u00e9on permet d\u2019y acc\u00e9der sans ouvrir la VESTE<br \/>\nPoches fendues avec fermetures \u00e9clair YKK<br \/>\nFermeture \u00e9clair \u00e0 la mode<br \/>\nManches pr\u00e9form\u00e9es pour une libert\u00e9 de mouvement optimale<br \/>\nPoignets r\u00e9glables<br \/>\nOurlet ajustable avec cordon de serrage \u00e9lastique interne et poches passepoil\u00e9es<br \/>\nPassage pour les documents ou les cartes d\u2019identit\u00e9<br \/>\nDos allong\u00e9 pour plus de confort<br \/>\nFermeture \u00e9clair compatible avec le mat\u00e9riau isolant 73185 UC-ME<br \/>\nMati\u00e8re principale : 100&nbsp;% polyester, 210 g\/m\u00b2<br \/>\nMati\u00e8re principale 169 : 100&nbsp;% polyester, 200 g\/m\u00b2<br \/>\nMati\u00e8re principale secondaire : 100&nbsp;% Polyester, 210 G\/M\u00b2<br \/>\nDoublure : 100&nbsp;% polyamide<\/p>\n","protected":false},"excerpt":{"rendered":"<p>Colonne d\u2019eau&nbsp;: 10&#8217;000 Respirabilit\u00e9&nbsp;: 10&#8217;000 EN ISO 20471:2013 classe 3 EN 343:2019 classe 3.3 Capuche amovible Capuche r\u00e9glable verticalement et<\/p>\n","protected":false},"featured_media":44952,"template":"","meta":{"_seopress_robots_primary_cat":"","_seopress_titles_title":"","_seopress_titles_desc":"","_seopress_robots_index":""},"product_brand":[3646],"product_cat":[81,1381],"product_tag":[],"class_list":{"0":"post-416584","1":"product","2":"type-product","3":"status-publish","4":"has-post-thumbnail","6":"product_brand-helly-hansen-fr","7":"product_cat-vetements","8":"product_cat-vetements-de-travail","9":"sws-gruppo-abb-libero-fr","10":"sws-categoria-sito-fr","11":"sws-conto-ricavi-merci-rivendita-abbigliamento-fr","12":"sws-gruppo-iva-iva81-fr","14":"first","15":"instock","16":"shipping-taxable","17":"purchasable","18":"product-type-variable"},"_links":{"self":[{"href":"https:\/\/lucacastelli.com\/fr\/wp-json\/wp\/v2\/product\/416584","targetHints":{"allow":["GET"]}}],"collection":[{"href":"https:\/\/lucacastelli.com\/fr\/wp-json\/wp\/v2\/product"}],"about":[{"href":"https:\/\/lucacastelli.com\/fr\/wp-json\/wp\/v2\/types\/product"}],"wp:featuredmedia":[{"embeddable":true,"href":"https:\/\/lucacastelli.com\/fr\/wp-json\/wp\/v2\/media\/44952"}],"wp:attachment":[{"href":"https:\/\/lucacastelli.com\/fr\/wp-json\/wp\/v2\/media?parent=416584"}],"wp:term":[{"taxonomy":"product_brand","embeddable":true,"href":"https:\/\/lucacastelli.com\/fr\/wp-json\/wp\/v2\/product_brand?post=416584"},{"taxonomy":"product_cat","embeddable":true,"href":"https:\/\/lucacastelli.com\/fr\/wp-json\/wp\/v2\/product_cat?post=416584"},{"taxonomy":"product_tag","embeddable":true,"href":"https:\/\/lucacastelli.com\/fr\/wp-json\/wp\/v2\/product_tag?post=416584"}],"curies":[{"name":"wp","href":"https:\/\/api.w.org\/{rel}","templated":true}]}}