{"id":416576,"date":"2023-08-03T08:23:16","date_gmt":"2023-08-03T06:23:16","guid":{"rendered":"https:\/\/lucacastelli.com\/prodotto\/helly-hansen-uc-me-veste-dhiver-3\/"},"modified":"2025-06-29T09:48:40","modified_gmt":"2025-06-29T07:48:40","slug":"helly-hansen-uc-me-veste-dhiver-3","status":"publish","type":"product","link":"https:\/\/lucacastelli.com\/fr\/produit\/helly-hansen-uc-me-veste-dhiver-3\/","title":{"rendered":"Helly Hansen UC-ME VESTE D\u2019HIVER 3"},"content":{"rendered":"<p>La veste d\u2019hiver UC-ME combine des tissus l\u00e9gers, un design fonctionnel et des d\u00e9tails intelligents pour des performances sup\u00e9rieures sur les chantiers de construction en hiver. Les manches articul\u00e9es avec \u00e9paules sans couture et le dos allong\u00e9 offrent confort et mobilit\u00e9. La coupe peut \u00eatre personnalis\u00e9e gr\u00e2ce aux ajustements verticaux et horizontaux de la capuche et \u00e0 l\u2019ajustement de l\u2019ourlet et des poignets. La capuche amovible est compatible avec un casque pour plus de s\u00e9curit\u00e9 et de polyvalence. Le r\u00e9glage \u00e9lastique de l\u2019ourlet est accessible \u00e0 travers la poche, \u00e9liminant ainsi le risque d\u2019enchev\u00eatrement. Les bandes r\u00e9fl\u00e9chissantes de cette veste d\u2019hiver haute visibilit\u00e9 augmentent la s\u00e9curit\u00e9. Le col rembourr\u00e9 et la mentonni\u00e8re assurent un confort maximal tout au long de la journ\u00e9e. Le col et les poches pour les mains sont doubl\u00e9s de polyester bross\u00e9. Les objets personnels sont \u00e0 port\u00e9e de main gr\u00e2ce aux poches zipp\u00e9es YKK\u00ae, \u00e0 la poche poitrine et \u00e0 la boucle pour carte d\u2019identit\u00e9.        <\/p>\n<p>Instructions d\u2019entretien : Laver en machine \u00e0 l\u2019eau ti\u00e8de &#8211; 40\u00b0C max 20x, ne pas javelliser, s\u00e9cher \u00e0 basse temp\u00e9rature, ne pas repasser, ne pas nettoyer \u00e0 sec.<\/p>\n","protected":false},"excerpt":{"rendered":"<p>La veste d\u2019hiver UC-ME combine des tissus l\u00e9gers, un design fonctionnel et des d\u00e9tails intelligents pour des performances sup\u00e9rieures sur<\/p>\n","protected":false},"featured_media":44882,"template":"","meta":{"_seopress_robots_primary_cat":"","_seopress_titles_title":"","_seopress_titles_desc":"","_seopress_robots_index":""},"product_brand":[3646],"product_cat":[81,1381],"product_tag":[],"class_list":{"0":"post-416576","1":"product","2":"type-product","3":"status-publish","4":"has-post-thumbnail","6":"product_brand-helly-hansen-fr","7":"product_cat-vetements","8":"product_cat-vetements-de-travail","9":"sws-gruppo-abb-libero-fr","10":"sws-categoria-sito-fr","11":"sws-conto-ricavi-merci-rivendita-abbigliamento-fr","12":"sws-gruppo-iva-iva81-fr","14":"first","15":"onbackorder","16":"shipping-taxable","17":"purchasable","18":"product-type-variable"},"_links":{"self":[{"href":"https:\/\/lucacastelli.com\/fr\/wp-json\/wp\/v2\/product\/416576","targetHints":{"allow":["GET"]}}],"collection":[{"href":"https:\/\/lucacastelli.com\/fr\/wp-json\/wp\/v2\/product"}],"about":[{"href":"https:\/\/lucacastelli.com\/fr\/wp-json\/wp\/v2\/types\/product"}],"wp:featuredmedia":[{"embeddable":true,"href":"https:\/\/lucacastelli.com\/fr\/wp-json\/wp\/v2\/media\/44882"}],"wp:attachment":[{"href":"https:\/\/lucacastelli.com\/fr\/wp-json\/wp\/v2\/media?parent=416576"}],"wp:term":[{"taxonomy":"product_brand","embeddable":true,"href":"https:\/\/lucacastelli.com\/fr\/wp-json\/wp\/v2\/product_brand?post=416576"},{"taxonomy":"product_cat","embeddable":true,"href":"https:\/\/lucacastelli.com\/fr\/wp-json\/wp\/v2\/product_cat?post=416576"},{"taxonomy":"product_tag","embeddable":true,"href":"https:\/\/lucacastelli.com\/fr\/wp-json\/wp\/v2\/product_tag?post=416576"}],"curies":[{"name":"wp","href":"https:\/\/api.w.org\/{rel}","templated":true}]}}