{"id":416541,"date":"2023-06-01T11:13:48","date_gmt":"2023-06-01T09:13:48","guid":{"rendered":"https:\/\/lucacastelli.com\/prodotto\/helly-hansen-manchester-mid-s3\/"},"modified":"2025-06-29T09:48:31","modified_gmt":"2025-06-29T07:48:31","slug":"helly-hansen-manchester-mid-s3","status":"publish","type":"product","link":"https:\/\/lucacastelli.com\/fr\/produit\/helly-hansen-manchester-mid-s3\/","title":{"rendered":"HELLY HANSEN MANCHESTER MID S3"},"content":{"rendered":"<p>Manchester n\u2019a pas de gadgets, juste d\u2019excellentes chaussures de s\u00e9curit\u00e9 qui font ce que vous leur demandez. Ces chaussures de s\u00e9curit\u00e9 protectrices sans m\u00e9tal sont dot\u00e9es d\u2019un embout en composite et d\u2019une semelle non m\u00e9tallique pour la p\u00e9n\u00e9tration des clous. Elles sont dot\u00e9es d\u2019une semelle interm\u00e9diaire l\u00e9g\u00e8re en EVA et d\u2019une semelle ext\u00e9rieure en caoutchouc antid\u00e9rapante.  <\/p>\n<p>Teneur en fibres&nbsp;:<br \/>\nTissu principal&nbsp;: Tige en polyester ripstop avec superpositions en microfibre.<\/p>\n","protected":false},"excerpt":{"rendered":"<p>Manchester n\u2019a pas de gadgets, juste d\u2019excellentes chaussures de s\u00e9curit\u00e9 qui font ce que vous leur demandez. Ces chaussures de<\/p>\n","protected":false},"featured_media":91528,"template":"","meta":{"_seopress_robots_primary_cat":"","_seopress_titles_title":"","_seopress_titles_desc":"","_seopress_robots_index":""},"product_brand":[3646],"product_cat":[173,1423],"product_tag":[],"class_list":{"0":"post-416541","1":"product","2":"type-product","3":"status-publish","4":"has-post-thumbnail","6":"product_brand-helly-hansen-fr","7":"product_cat-chaussures","8":"product_cat-chaussures-de-travail","10":"first","11":"instock","12":"shipping-taxable","13":"purchasable","14":"product-type-variable"},"_links":{"self":[{"href":"https:\/\/lucacastelli.com\/fr\/wp-json\/wp\/v2\/product\/416541","targetHints":{"allow":["GET"]}}],"collection":[{"href":"https:\/\/lucacastelli.com\/fr\/wp-json\/wp\/v2\/product"}],"about":[{"href":"https:\/\/lucacastelli.com\/fr\/wp-json\/wp\/v2\/types\/product"}],"wp:featuredmedia":[{"embeddable":true,"href":"https:\/\/lucacastelli.com\/fr\/wp-json\/wp\/v2\/media\/91528"}],"wp:attachment":[{"href":"https:\/\/lucacastelli.com\/fr\/wp-json\/wp\/v2\/media?parent=416541"}],"wp:term":[{"taxonomy":"product_brand","embeddable":true,"href":"https:\/\/lucacastelli.com\/fr\/wp-json\/wp\/v2\/product_brand?post=416541"},{"taxonomy":"product_cat","embeddable":true,"href":"https:\/\/lucacastelli.com\/fr\/wp-json\/wp\/v2\/product_cat?post=416541"},{"taxonomy":"product_tag","embeddable":true,"href":"https:\/\/lucacastelli.com\/fr\/wp-json\/wp\/v2\/product_tag?post=416541"}],"curies":[{"name":"wp","href":"https:\/\/api.w.org\/{rel}","templated":true}]}}