{"id":416494,"date":"2022-11-18T08:18:32","date_gmt":"2022-11-18T07:18:32","guid":{"rendered":"https:\/\/lucacastelli.com\/prodotto\/helly-hansen-avec-marion-3\/"},"modified":"2026-04-14T03:32:04","modified_gmt":"2026-04-14T01:32:04","slug":"helly-hansen-avec-marion-3","status":"publish","type":"product","link":"https:\/\/lucacastelli.com\/fr\/produit\/helly-hansen-avec-marion-3\/","title":{"rendered":"HELLY HANSEN W MARION 3"},"content":{"rendered":"<p>Bottes d&#8217;hiver d\u00e9contract\u00e9es, confortables et pratiques.<\/p>\n<p>Composition : Tige : Cuir+Textile synth\u00e9tique<br \/>\nSemelle : EVA+Caoutchouc<\/p>\n<p>Poids : 1010 g<\/p>\n","protected":false},"excerpt":{"rendered":"<p>Bottes d&#8217;hiver d\u00e9contract\u00e9es, confortables et pratiques. Composition : Tige : Cuir+Textile synth\u00e9tique Semelle : EVA+Caoutchouc Poids : 1010 g<\/p>\n","protected":false},"featured_media":84322,"template":"","meta":{"_seopress_robots_primary_cat":"none","_seopress_titles_title":"","_seopress_titles_desc":"","_seopress_robots_index":""},"product_brand":[3646],"product_cat":[173,1420,1429],"product_tag":[],"class_list":{"0":"post-416494","1":"product","2":"type-product","3":"status-publish","4":"has-post-thumbnail","6":"product_brand-helly-hansen-fr","7":"product_cat-chaussures","8":"product_cat-chaussures-de-loisirs","9":"product_cat-chaussures-pour-femmes","11":"first","12":"instock","13":"shipping-taxable","14":"purchasable","15":"product-type-variable"},"_links":{"self":[{"href":"https:\/\/lucacastelli.com\/fr\/wp-json\/wp\/v2\/product\/416494","targetHints":{"allow":["GET"]}}],"collection":[{"href":"https:\/\/lucacastelli.com\/fr\/wp-json\/wp\/v2\/product"}],"about":[{"href":"https:\/\/lucacastelli.com\/fr\/wp-json\/wp\/v2\/types\/product"}],"wp:featuredmedia":[{"embeddable":true,"href":"https:\/\/lucacastelli.com\/fr\/wp-json\/wp\/v2\/media\/84322"}],"wp:attachment":[{"href":"https:\/\/lucacastelli.com\/fr\/wp-json\/wp\/v2\/media?parent=416494"}],"wp:term":[{"taxonomy":"product_brand","embeddable":true,"href":"https:\/\/lucacastelli.com\/fr\/wp-json\/wp\/v2\/product_brand?post=416494"},{"taxonomy":"product_cat","embeddable":true,"href":"https:\/\/lucacastelli.com\/fr\/wp-json\/wp\/v2\/product_cat?post=416494"},{"taxonomy":"product_tag","embeddable":true,"href":"https:\/\/lucacastelli.com\/fr\/wp-json\/wp\/v2\/product_tag?post=416494"}],"curies":[{"name":"wp","href":"https:\/\/api.w.org\/{rel}","templated":true}]}}