{"id":416463,"date":"2023-09-13T07:59:29","date_gmt":"2023-09-13T05:59:29","guid":{"rendered":"https:\/\/lucacastelli.com\/prodotto\/helly-hansen-jr-loen-veste-intermediaire\/"},"modified":"2025-12-22T15:03:06","modified_gmt":"2025-12-22T14:03:06","slug":"helly-hansen-jr-loen-veste-intermediaire","status":"publish","type":"product","link":"https:\/\/lucacastelli.com\/fr\/produit\/helly-hansen-jr-loen-veste-intermediaire\/","title":{"rendered":"HELLY HANSEN JR LOEN VESTE INTERM\u00c9DIAIRE"},"content":{"rendered":"<p>Une veste polaire polyvalente qui est id\u00e9ale \u00e0 porter seule pour la mi-saison ou comme couche interm\u00e9diaire utile dans le froid de l\u2019hiver.<\/p>\n<p>La Loen est une veste polyvalente et protectrice pour la mi-saison et comme couche interm\u00e9diaire haute performance dans les profondeurs de l\u2019hiver. La polaire slickface est extr\u00eamement confortable et non pelucheuse. <\/p>\n<p>Teneur en fibres : tissu ext\u00e9rieur : 100 % polyester<br \/>\nInstructions d\u2019entretien : Fermez les fermetures \u00e9clair avant le lavage. N\u2019utilisez pas d\u2019assouplissants. Lavez les couleurs fonc\u00e9es s\u00e9par\u00e9ment. Laver \u00e0 l\u2019envers.<br \/>\nPoids : 400 g   <\/p>\n<p>FONCTIONS<br \/>\nFermeture \u00e9clair YKK<br \/>\nTissu en tricot tann\u00e9 \u00e0 l\u2019int\u00e9rieur du col<br \/>\nPoches fendues avec fermetures \u00e9clair YKK<br \/>\nPas de coutures aux \u00e9paules<br \/>\nLogo HH\u00ae imprim\u00e9<br \/>\nPolaire lisse et lisse<\/p>\n","protected":false},"excerpt":{"rendered":"<p>Une veste polaire polyvalente qui est id\u00e9ale \u00e0 porter seule pour la mi-saison ou comme couche interm\u00e9diaire utile dans le<\/p>\n","protected":false},"featured_media":97814,"template":"","meta":{"_seopress_robots_primary_cat":"","_seopress_titles_title":"","_seopress_titles_desc":"","_seopress_robots_index":""},"product_brand":[3646],"product_cat":[81,981,1384],"product_tag":[],"class_list":{"0":"post-416463","1":"product","2":"type-product","3":"status-publish","4":"has-post-thumbnail","6":"product_brand-helly-hansen-fr","7":"product_cat-vetements","8":"product_cat-vetements-de-loisirs","9":"product_cat-vetements-pour-enfants","10":"sws-gruppo-abb-libero","11":"sws-categoria-sito","12":"sws-conto-ricavi-merci-rivendita-abbigliamento","13":"sws-gruppo-iva-iva81","15":"first","16":"instock","17":"shipping-taxable","18":"purchasable","19":"product-type-variable"},"_links":{"self":[{"href":"https:\/\/lucacastelli.com\/fr\/wp-json\/wp\/v2\/product\/416463","targetHints":{"allow":["GET"]}}],"collection":[{"href":"https:\/\/lucacastelli.com\/fr\/wp-json\/wp\/v2\/product"}],"about":[{"href":"https:\/\/lucacastelli.com\/fr\/wp-json\/wp\/v2\/types\/product"}],"wp:featuredmedia":[{"embeddable":true,"href":"https:\/\/lucacastelli.com\/fr\/wp-json\/wp\/v2\/media\/97814"}],"wp:attachment":[{"href":"https:\/\/lucacastelli.com\/fr\/wp-json\/wp\/v2\/media?parent=416463"}],"wp:term":[{"taxonomy":"product_brand","embeddable":true,"href":"https:\/\/lucacastelli.com\/fr\/wp-json\/wp\/v2\/product_brand?post=416463"},{"taxonomy":"product_cat","embeddable":true,"href":"https:\/\/lucacastelli.com\/fr\/wp-json\/wp\/v2\/product_cat?post=416463"},{"taxonomy":"product_tag","embeddable":true,"href":"https:\/\/lucacastelli.com\/fr\/wp-json\/wp\/v2\/product_tag?post=416463"}],"curies":[{"name":"wp","href":"https:\/\/api.w.org\/{rel}","templated":true}]}}