{"id":416401,"date":"2025-03-05T10:29:22","date_gmt":"2025-03-05T09:29:22","guid":{"rendered":"https:\/\/lucacastelli.com\/prodotto\/helly-hansen-chelsea-evo-2-mid-s7s-ht\/"},"modified":"2025-06-29T09:53:24","modified_gmt":"2025-06-29T07:53:24","slug":"helly-hansen-chelsea-evo-2-mid-s7s-ht","status":"publish","type":"product","link":"https:\/\/lucacastelli.com\/fr\/produit\/helly-hansen-chelsea-evo-2-mid-s7s-ht\/","title":{"rendered":"HELLY HANSEN CHELSEA EVO 2 MID S7S HT"},"content":{"rendered":"","protected":false},"excerpt":{"rendered":"<div class=\"productCollapseSection-productCollapseSection-ng2Nw\">\n<div class=\"productCollapseSection-productCollapseSectionTitle-GX9z3\">\n<h2 class=\"heading-module-default-YCWYJ heading-module-style--h3-UaBAX\">Les tenants et aboutissants<\/h2>\n<\/div>\n<div class=\"productCollapseSection-productCollapseSectionContent-UycAf\">\n<div class=\"productDetails-productDetails-kuKw2\">\n<p>Teneur en fibres&nbsp;:<\/p>\n<div class=\"productDetails-root-wvyJh\">Tige en microfibre<\/div>\n<div class=\"productDetails-productDetailsCols-E4aG9\"><\/div>\n<\/div>\n<\/div>\n<\/div>\n<div class=\"productFeatures-twoColumnsList-e0Ira productFeatures-root-qIpc6 productCollapseSection-productCollapseSection-ng2Nw\">\n<div class=\"productCollapseSection-productCollapseSectionTitle-GX9z3\">\n<h2 class=\"heading-module-default-YCWYJ heading-module-style--h3-UaBAX\">Caract\u00e9ristique<\/h2>\n<\/div>\n<div class=\"productCollapseSection-productCollapseSectionContent-UycAf\">\n<ul>\n<li>Membrane imperm\u00e9able Helly Tech\u00ae<\/li>\n<li>Embout en TPU moul\u00e9<\/li>\n<li>Rev\u00eatement profil\u00e9 au talon<\/li>\n<li>D\u00e9tails r\u00e9fl\u00e9chissants<\/li>\n<li>Doublure en maille ultra-respirante et \u00e9vacuant l\u2019humidit\u00e9, fabriqu\u00e9e \u00e0 partir de 50 % de mat\u00e9riaux recycl\u00e9s<\/li>\n<li>Embout en composite renforc\u00e9<\/li>\n<li>Protection anti-crevaison non m\u00e9tallique<\/li>\n<li>Coupe ample<\/li>\n<li>Semelle int\u00e9rieure Ortholite\u00ae X25 Hybrid &#8211; l\u00e9g\u00e8re et respirante, offre un amorti durable et un contr\u00f4le de l\u2019humidit\u00e9 gr\u00e2ce \u00e0 20 % de contenu \u00e9cologique dans la composition<\/li>\n<li>La semelle intercalaire en EVA, l\u00e9g\u00e8re et amortissante, offre un retour d\u2019\u00e9nergie 50 % plus important \u00e0 chaque pas.<\/li>\n<li>Caoutchouc HELLYGRIP<\/li>\n<\/ul>\n<\/div>\n<\/div>\n","protected":false},"featured_media":404396,"template":"","meta":{"_seopress_robots_primary_cat":"","_seopress_titles_title":"","_seopress_titles_desc":"","_seopress_robots_index":""},"product_brand":[3646],"product_cat":[173,1423],"product_tag":[],"class_list":{"0":"post-416401","1":"product","2":"type-product","3":"status-publish","4":"has-post-thumbnail","6":"product_brand-helly-hansen-fr","7":"product_cat-chaussures","8":"product_cat-chaussures-de-travail","9":"sws-gruppo-calzature-fr","10":"sws-conto-ricavi-merci-rivendita-calzature-fr","11":"sws-gruppo-iva-iva81-fr","13":"first","14":"instock","15":"shipping-taxable","16":"purchasable","17":"product-type-variable"},"_links":{"self":[{"href":"https:\/\/lucacastelli.com\/fr\/wp-json\/wp\/v2\/product\/416401","targetHints":{"allow":["GET"]}}],"collection":[{"href":"https:\/\/lucacastelli.com\/fr\/wp-json\/wp\/v2\/product"}],"about":[{"href":"https:\/\/lucacastelli.com\/fr\/wp-json\/wp\/v2\/types\/product"}],"wp:featuredmedia":[{"embeddable":true,"href":"https:\/\/lucacastelli.com\/fr\/wp-json\/wp\/v2\/media\/404396"}],"wp:attachment":[{"href":"https:\/\/lucacastelli.com\/fr\/wp-json\/wp\/v2\/media?parent=416401"}],"wp:term":[{"taxonomy":"product_brand","embeddable":true,"href":"https:\/\/lucacastelli.com\/fr\/wp-json\/wp\/v2\/product_brand?post=416401"},{"taxonomy":"product_cat","embeddable":true,"href":"https:\/\/lucacastelli.com\/fr\/wp-json\/wp\/v2\/product_cat?post=416401"},{"taxonomy":"product_tag","embeddable":true,"href":"https:\/\/lucacastelli.com\/fr\/wp-json\/wp\/v2\/product_tag?post=416401"}],"curies":[{"name":"wp","href":"https:\/\/api.w.org\/{rel}","templated":true}]}}