{"id":416330,"date":"2025-03-05T10:12:49","date_gmt":"2025-03-05T09:12:49","guid":{"rendered":"https:\/\/lucacastelli.com\/prodotto\/helly-hansen-veste-de-pluie-alna-2-0\/"},"modified":"2025-06-29T09:53:26","modified_gmt":"2025-06-29T07:53:26","slug":"helly-hansen-veste-de-pluie-alna-2-0","status":"publish","type":"product","link":"https:\/\/lucacastelli.com\/fr\/produit\/helly-hansen-veste-de-pluie-alna-2-0\/","title":{"rendered":"HELLY HANSEN VESTE DE PLUIE ALNA 2.0"},"content":{"rendered":"<p>La veste de pluie Alna 2.0 est \u00e9quip\u00e9e d\u2019\u00e9l\u00e9ments professionnels pour lutter contre la pluie et l\u2019humidit\u00e9. Restez au sec en tout confort gr\u00e2ce \u00e0 la coque ext\u00e9rieure en polyur\u00e9thane et aux poignets en n\u00e9opr\u00e8ne. Le dos plus large prot\u00e8ge la taille lorsque vous bougez, pliez et soulevez des objets tout au long de la journ\u00e9e. Le double rabat \u00e0 l\u2019avant de cette veste de pluie isole la fermeture \u00e9clair de l\u2019eau. Personnalisez la coupe avec une capuche et un ourlet r\u00e9glables, tous deux avec un cordon de serrage \u00e9lastique. La capuche peut \u00eatre facilement retir\u00e9e lorsque le temps le permet. La visibilit\u00e9 est garantie gr\u00e2ce au tissu haute visibilit\u00e9 sur la poitrine et les \u00e9paules, ainsi que les bandes r\u00e9fl\u00e9chissantes sur les \u00e9paules, les bras, le centre et les c\u00f4t\u00e9s. La poche poitrine zipp\u00e9e YKK\u00ae et la boucle pour carte d\u2019identit\u00e9 permettent de garder les objets \u00e0 port\u00e9e de main et en toute s\u00e9curit\u00e9.       <\/p>\n<p>&nbsp;<\/p>\n<div class=\"productCollapseSection-productCollapseSectionTitle-GX9z3\">\n<h2 class=\"heading-module-default-YCWYJ heading-module-style--h3-UaBAX\">Les tenants et aboutissants<\/h2>\n<\/div>\n<div class=\"productCollapseSection-productCollapseSectionContent-UycAf\">\n<div class=\"productDetails-productDetails-kuKw2\">\n<p>Teneur en fibres&nbsp;:<\/p>\n<div class=\"productDetails-root-wvyJh\">Tissu principal : 100&nbsp;% PU tricot\u00e9 100&nbsp;% polyester &#8211; 240 g\/m\u00b2<\/div>\n<p>Instructions d\u2019entretien&nbsp;:<\/p>\n<div class=\"productDetails-root-wvyJh\">Lavage en machine \u00e0 l\u2019eau ti\u00e8de &#8211; 40\u00b0C.  Ne pas javelliser. Ne pas mettre au s\u00e8che-linge. Ne pas repasser. Ne pas nettoyer \u00e0 sec. S\u00e9cher \u00e0 l\u2019air libre.     <\/div>\n<\/div>\n<\/div>\n<div><\/div>\n<div><\/div>\n<div>\n<div class=\"productCollapseSection-productCollapseSectionTitle-GX9z3\">\n<h2 class=\"heading-module-default-YCWYJ heading-module-style--h3-UaBAX\">Caract\u00e9ristique<\/h2>\n<\/div>\n<div class=\"productCollapseSection-productCollapseSectionContent-UycAf\">\n<ul>\n<li>EN ISO 20471:2013 : 3 : Taille L-&gt;<\/li>\n<li>EN ISO 20471:2013 : 2 : Taille XS-M<\/li>\n<li>EN 343:2019 : 4, 1, X<\/li>\n<li>Couture avec des fils AMANN<\/li>\n<li>Fermeture \u00e9clair YKK\u00ae<\/li>\n<li>Capuche ajustable avec cordon de serrage \u00e9lastique<\/li>\n<li>Capuche amovible<\/li>\n<li>Int\u00e9rieur du col en polyester bross\u00e9<\/li>\n<li>Double rabat r\u00e9alis\u00e9 avec le tissu principal sur le devant<\/li>\n<li>Poche \u00ab&nbsp;Napol\u00e9on&nbsp;\u00bb avec fermeture \u00e9clair YKK\u00ae<\/li>\n<li>Poches pour les mains<\/li>\n<li>Poignets en n\u00e9opr\u00e8ne<\/li>\n<li>Ourlet r\u00e9glable avec cordon de serrage \u00e9lastique \u00e0 l\u2019int\u00e9rieur de la poche pour les mains<\/li>\n<li>Dos allong\u00e9 pour plus de confort<\/li>\n<li>Boucle pour carte d\u2019identit\u00e9<\/li>\n<\/ul>\n<\/div>\n<\/div>\n","protected":false},"excerpt":{"rendered":"<p>La veste de pluie Alna 2.0 est \u00e9quip\u00e9e d\u2019\u00e9l\u00e9ments professionnels pour lutter contre la pluie et l\u2019humidit\u00e9. Restez au sec<\/p>\n","protected":false},"featured_media":404343,"template":"","meta":{"_seopress_robots_primary_cat":"","_seopress_titles_title":"","_seopress_titles_desc":"","_seopress_robots_index":""},"product_brand":[3646],"product_cat":[81,1381,982],"product_tag":[],"class_list":{"0":"post-416330","1":"product","2":"type-product","3":"status-publish","4":"has-post-thumbnail","6":"product_brand-helly-hansen-fr","7":"product_cat-vetements","8":"product_cat-vetements-de-travail","9":"product_cat-vetements-pour-hommes","10":"sws-gruppo-abb-libero-fr","11":"sws-conto-ricavi-merci-rivendita-abbigliamento-fr","12":"sws-gruppo-iva-iva81-fr","14":"first","15":"instock","16":"shipping-taxable","17":"purchasable","18":"product-type-variable"},"_links":{"self":[{"href":"https:\/\/lucacastelli.com\/fr\/wp-json\/wp\/v2\/product\/416330","targetHints":{"allow":["GET"]}}],"collection":[{"href":"https:\/\/lucacastelli.com\/fr\/wp-json\/wp\/v2\/product"}],"about":[{"href":"https:\/\/lucacastelli.com\/fr\/wp-json\/wp\/v2\/types\/product"}],"wp:featuredmedia":[{"embeddable":true,"href":"https:\/\/lucacastelli.com\/fr\/wp-json\/wp\/v2\/media\/404343"}],"wp:attachment":[{"href":"https:\/\/lucacastelli.com\/fr\/wp-json\/wp\/v2\/media?parent=416330"}],"wp:term":[{"taxonomy":"product_brand","embeddable":true,"href":"https:\/\/lucacastelli.com\/fr\/wp-json\/wp\/v2\/product_brand?post=416330"},{"taxonomy":"product_cat","embeddable":true,"href":"https:\/\/lucacastelli.com\/fr\/wp-json\/wp\/v2\/product_cat?post=416330"},{"taxonomy":"product_tag","embeddable":true,"href":"https:\/\/lucacastelli.com\/fr\/wp-json\/wp\/v2\/product_tag?post=416330"}],"curies":[{"name":"wp","href":"https:\/\/api.w.org\/{rel}","templated":true}]}}