{"id":416308,"date":"2025-02-24T19:17:34","date_gmt":"2025-02-24T18:17:34","guid":{"rendered":"https:\/\/lucacastelli.com\/prodotto\/helly-hansen-hh-logo-sac-banane\/"},"modified":"2025-06-29T09:51:09","modified_gmt":"2025-06-29T07:51:09","slug":"helly-hansen-hh-logo-sac-banane","status":"publish","type":"product","link":"https:\/\/lucacastelli.com\/fr\/produit\/helly-hansen-hh-logo-sac-banane\/","title":{"rendered":"Helly Hansen HH\u00ae Logo Sac banane"},"content":{"rendered":"<div class=\"productDetailsSection_productDescriptionSection__FDg0y\">\n<div class=\"productDescription_productDescription__sJIE6\" data-mt-type=\"product-description\">\n<div class=\"richtext_wrapper__lJjZg productDescription_productDescriptionContent__0A3VB\">Le sac banane avec logo HH\u00ae est parfait pour ranger de la cr\u00e8me solaire, des collations, des cl\u00e9s, un t\u00e9l\u00e9phone portable et des documents de voyage. Vous pouvez l\u2019utiliser pour n\u2019importe quelle aventure, de la randonn\u00e9e \u00e0 des \u00e9v\u00e9nements comme des concerts. Nous avons utilis\u00e9 un tissu en nylon ripstop 210D robuste et r\u00e9sistant \u00e0 l\u2019eau, associ\u00e9 au support en PU, pour garder vos petits objets au sec. Le sac banane est \u00e9quip\u00e9 d\u2019une poche int\u00e9rieure en filet pour votre passeport ou votre t\u00e9l\u00e9phone portable. La ceinture est en tissu renforc\u00e9 confortable.    <\/div>\n<\/div>\n<\/div>\n<div class=\"productCollapseSection_productCollapseSection__6fb5x\">\n<div class=\"productCollapseSection_productCollapseSectionTitle__1Vh_4\">\n<h2 class=\"heading_default__PX0IL heading_style--h3__KKzhL\">Les tenants et aboutissants<\/h2>\n<\/div>\n<div class=\"productCollapseSection_productCollapseSectionContent__VJCb7\">\n<div class=\"productDetails_productDetails__g_C4N\">\n<div class=\"productDetails_productDetailsCols__K1qqI\">\n<div class=\"productDetails_productDetailsRow__bHp5_\">\n<div class=\"blocks_mobileInlineWrapper__N_Soc\">Contenance : 1L<\/div>\n<\/div>\n<div class=\"productDetails_productDetailsRow__bHp5_\">\n<div class=\"blocks_mobileInlineWrapper__N_Soc\">Largeur&nbsp;:28.0cm<\/div>\n<\/div>\n<div class=\"productDetails_productDetailsRow__bHp5_\">\n<div class=\"blocks_mobileInlineWrapper__N_Soc\">Profondeur&nbsp;:7.5cm<\/div>\n<\/div>\n<div class=\"productDetails_productDetailsRow__bHp5_\">\n<div class=\"blocks_mobileInlineWrapper__N_Soc\">Longueur&nbsp;:15.0cm<\/div>\n<\/div>\n<div class=\"productDetails_productDetailsRow__bHp5_\">\n<div class=\"blocks_mobileInlineWrapper__N_Soc\">Poids : 0g<\/div>\n<\/div>\n<\/div>\n<\/div>\n<\/div>\n<\/div>\n<div class=\"productCollapseSection_productCollapseSection__6fb5x productFeatures_root__BqPE9 productFeatures_twoColumnsList__vArq2\">\n<div class=\"productCollapseSection_productCollapseSectionTitle__1Vh_4\">\n<h2 class=\"heading_default__PX0IL heading_style--h3__KKzhL\">Caract\u00e9ristique<\/h2>\n<\/div>\n<div class=\"productCollapseSection_productCollapseSectionContent__VJCb7\">\n<ul>\n<li>Fermeture \u00e9clair YKK\u00ae<\/li>\n<li>Passants de ceinture \u00e9lastiques<\/li>\n<li>Nylon ripstop 210D avec support DWR et PU<\/li>\n<li>Le compartiment principal dispose d\u2019une poche int\u00e9rieure en filet<\/li>\n<li>Logo HH\u00ae imprim\u00e9<\/li>\n<li>Sangle ventrale en polypropyl\u00e8ne renforc\u00e9<\/li>\n<li>Enti\u00e8rement doubl\u00e9<\/li>\n<\/ul>\n<\/div>\n<\/div>\n","protected":false},"excerpt":{"rendered":"<p>Le sac banane avec logo HH\u00ae est parfait pour ranger de la cr\u00e8me solaire, des collations, des cl\u00e9s, un t\u00e9l\u00e9phone<\/p>\n","protected":false},"featured_media":102748,"template":"","meta":{"_seopress_robots_primary_cat":"","_seopress_titles_title":"","_seopress_titles_desc":"","_seopress_robots_index":""},"product_brand":[3425],"product_cat":[21,186,211,212],"product_tag":[],"class_list":{"0":"post-416308","1":"product","2":"type-product","3":"status-publish","4":"has-post-thumbnail","6":"product_brand-helly-hansen","7":"product_cat-abbigliamento","8":"product_cat-accessori-per-labbigliamento","9":"product_cat-attrezzatura-per-il-tempo-libero","10":"product_cat-altro","11":"sws-gruppo-abb-libero-fr","12":"sws-gruppo-no-gruppo-fr","13":"sws-categoria-sito-fr","14":"sws-sottocategoria-altro-fr","15":"sws-conto-ricavi-merci-rivendita-abbigliamento-fr","16":"sws-gruppo-iva-iva81-fr","18":"first","19":"instock","20":"shipping-taxable","21":"purchasable","22":"product-type-simple"},"_links":{"self":[{"href":"https:\/\/lucacastelli.com\/fr\/wp-json\/wp\/v2\/product\/416308","targetHints":{"allow":["GET"]}}],"collection":[{"href":"https:\/\/lucacastelli.com\/fr\/wp-json\/wp\/v2\/product"}],"about":[{"href":"https:\/\/lucacastelli.com\/fr\/wp-json\/wp\/v2\/types\/product"}],"wp:featuredmedia":[{"embeddable":true,"href":"https:\/\/lucacastelli.com\/fr\/wp-json\/wp\/v2\/media\/102748"}],"wp:attachment":[{"href":"https:\/\/lucacastelli.com\/fr\/wp-json\/wp\/v2\/media?parent=416308"}],"wp:term":[{"taxonomy":"product_brand","embeddable":true,"href":"https:\/\/lucacastelli.com\/fr\/wp-json\/wp\/v2\/product_brand?post=416308"},{"taxonomy":"product_cat","embeddable":true,"href":"https:\/\/lucacastelli.com\/fr\/wp-json\/wp\/v2\/product_cat?post=416308"},{"taxonomy":"product_tag","embeddable":true,"href":"https:\/\/lucacastelli.com\/fr\/wp-json\/wp\/v2\/product_tag?post=416308"}],"curies":[{"name":"wp","href":"https:\/\/api.w.org\/{rel}","templated":true}]}}