{"id":416286,"date":"2024-09-13T07:39:11","date_gmt":"2024-09-13T05:39:11","guid":{"rendered":"https:\/\/lucacastelli.com\/prodotto\/helly-hansen-chelsea-evo-2-low-s3\/"},"modified":"2025-06-29T09:50:46","modified_gmt":"2025-06-29T07:50:46","slug":"helly-hansen-chelsea-evo-2-low-s3","status":"publish","type":"product","link":"https:\/\/lucacastelli.com\/fr\/produit\/helly-hansen-chelsea-evo-2-low-s3\/","title":{"rendered":"HELLY HANSEN CHELSEA EVO 2 LOW S3"},"content":{"rendered":"<p>D\u00e9tails<br \/>\nTeneur en fibres&nbsp;:<br \/>\nMicrofibre<br \/>\nMat\u00e9riau sup\u00e9rieur Caract\u00e9ristiques<br \/>\nProtection des orteils en<br \/>\nTPU moul\u00e9 Rev\u00eatement du<br \/>\ntalon moul\u00e9 D\u00e9tails r\u00e9fl\u00e9chissants<br \/>\nDoublure en maille a\u00e9r\u00e9e respirante et respirante fabriqu\u00e9e \u00e0 partir de 50&nbsp;% de mat\u00e9riaux recycl\u00e9s<br \/>\nCapuche de s\u00e9curit\u00e9 en mat\u00e9riau composite<br \/>\nProtection contre la p\u00e9n\u00e9tration des clous sans<br \/>\n m\u00e9talSemelle int\u00e9rieure hybride Ortholite\u00ae X25 &#8211; l\u00e9g\u00e8re et respirante, offrant un amorti durable et une gestion de l\u2019humidit\u00e9 avec 20 % de mat\u00e9riaux recycl\u00e9s dans la formulation<br \/>\nLa semelle interm\u00e9diaire EVA High Rebound, l\u00e9g\u00e8re et amortissante, offre un retour d\u2019\u00e9nergie de plus de 50 % \u00e0 chaque pas.<br \/>\nCaoutchouc HELLYGRIP<\/p>\n","protected":false},"excerpt":{"rendered":"<p>D\u00e9tails Teneur en fibres&nbsp;: Microfibre Mat\u00e9riau sup\u00e9rieur Caract\u00e9ristiques Protection des orteils en TPU moul\u00e9 Rev\u00eatement du talon moul\u00e9 D\u00e9tails r\u00e9fl\u00e9chissants<\/p>\n","protected":false},"featured_media":99891,"template":"","meta":{"_seopress_robots_primary_cat":"","_seopress_titles_title":"","_seopress_titles_desc":"","_seopress_robots_index":""},"product_brand":[3646],"product_cat":[173,1423],"product_tag":[],"class_list":{"0":"post-416286","1":"product","2":"type-product","3":"status-publish","4":"has-post-thumbnail","6":"product_brand-helly-hansen-fr","7":"product_cat-chaussures","8":"product_cat-chaussures-de-travail","10":"first","11":"instock","12":"shipping-taxable","13":"purchasable","14":"product-type-variable"},"_links":{"self":[{"href":"https:\/\/lucacastelli.com\/fr\/wp-json\/wp\/v2\/product\/416286","targetHints":{"allow":["GET"]}}],"collection":[{"href":"https:\/\/lucacastelli.com\/fr\/wp-json\/wp\/v2\/product"}],"about":[{"href":"https:\/\/lucacastelli.com\/fr\/wp-json\/wp\/v2\/types\/product"}],"wp:featuredmedia":[{"embeddable":true,"href":"https:\/\/lucacastelli.com\/fr\/wp-json\/wp\/v2\/media\/99891"}],"wp:attachment":[{"href":"https:\/\/lucacastelli.com\/fr\/wp-json\/wp\/v2\/media?parent=416286"}],"wp:term":[{"taxonomy":"product_brand","embeddable":true,"href":"https:\/\/lucacastelli.com\/fr\/wp-json\/wp\/v2\/product_brand?post=416286"},{"taxonomy":"product_cat","embeddable":true,"href":"https:\/\/lucacastelli.com\/fr\/wp-json\/wp\/v2\/product_cat?post=416286"},{"taxonomy":"product_tag","embeddable":true,"href":"https:\/\/lucacastelli.com\/fr\/wp-json\/wp\/v2\/product_tag?post=416286"}],"curies":[{"name":"wp","href":"https:\/\/api.w.org\/{rel}","templated":true}]}}