{"id":416246,"date":"2024-09-06T12:33:13","date_gmt":"2024-09-06T10:33:13","guid":{"rendered":"https:\/\/lucacastelli.com\/prodotto\/helly-hansen-chelsea-evolution-2-0-mittelhohe-s3-ht\/"},"modified":"2025-06-29T09:50:47","modified_gmt":"2025-06-29T07:50:47","slug":"helly-hansen-chelsea-evolution-2-0-mittelhohe-s3-ht","status":"publish","type":"product","link":"https:\/\/lucacastelli.com\/fr\/produit\/helly-hansen-chelsea-evolution-2-0-mittelhohe-s3-ht\/","title":{"rendered":"HELLY HANSEN Chelsea Evolution 2.0 Mittelhohe S3 HT"},"content":{"rendered":"<p>Fonctions<br \/>\nMembrane imperm\u00e9able Helly Tech<br \/>\nProtection des orteils en TPU moul\u00e9<br \/>\nRenfort au<br \/>\ntalon \u00c9l\u00e9ments r\u00e9fl\u00e9chissants<br \/>\nSyst\u00e8me d\u2019ajustement BOA\u00ae &#8211; L6<br \/>\nDoublure en maille a\u00e9r\u00e9e respirante et respirante fabriqu\u00e9e \u00e0 partir de 50 % de mat\u00e9riaux recycl\u00e9s<br \/>\nEmbout de s\u00e9curit\u00e9 en composite<br \/>\nProtection contre la p\u00e9n\u00e9tration des clous sans<br \/>\nm\u00e9tal Coupe<br \/>\n largeSemelle int\u00e9rieure hybride Ortholite\u00ae X25 &#8211; l\u00e9g\u00e8re et respirante, offre un amorti longue dur\u00e9e et une gestion de l\u2019humidit\u00e9 avec une formulation<br \/>\n \u00e9cologique \u00e0 20 %.La semelle interm\u00e9diaire l\u00e9g\u00e8re et amortissante EVA High Rebound garantit un retour d\u2019\u00e9nergie de plus de 50&nbsp;% \u00e0 chaque pas.<br \/>\nCaoutchouc HELLYGRIP<\/p>\n","protected":false},"excerpt":{"rendered":"<p>Fonctions Membrane imperm\u00e9able Helly Tech Protection des orteils en TPU moul\u00e9 Renfort au talon \u00c9l\u00e9ments r\u00e9fl\u00e9chissants Syst\u00e8me d\u2019ajustement BOA\u00ae &#8211;<\/p>\n","protected":false},"featured_media":99880,"template":"","meta":{"_seopress_robots_primary_cat":"","_seopress_titles_title":"","_seopress_titles_desc":"","_seopress_robots_index":""},"product_brand":[3646],"product_cat":[173,1423],"product_tag":[],"class_list":{"0":"post-416246","1":"product","2":"type-product","3":"status-publish","4":"has-post-thumbnail","6":"product_brand-helly-hansen-fr","7":"product_cat-chaussures","8":"product_cat-chaussures-de-travail","10":"first","11":"instock","12":"shipping-taxable","13":"purchasable","14":"product-type-variable"},"_links":{"self":[{"href":"https:\/\/lucacastelli.com\/fr\/wp-json\/wp\/v2\/product\/416246","targetHints":{"allow":["GET"]}}],"collection":[{"href":"https:\/\/lucacastelli.com\/fr\/wp-json\/wp\/v2\/product"}],"about":[{"href":"https:\/\/lucacastelli.com\/fr\/wp-json\/wp\/v2\/types\/product"}],"wp:featuredmedia":[{"embeddable":true,"href":"https:\/\/lucacastelli.com\/fr\/wp-json\/wp\/v2\/media\/99880"}],"wp:attachment":[{"href":"https:\/\/lucacastelli.com\/fr\/wp-json\/wp\/v2\/media?parent=416246"}],"wp:term":[{"taxonomy":"product_brand","embeddable":true,"href":"https:\/\/lucacastelli.com\/fr\/wp-json\/wp\/v2\/product_brand?post=416246"},{"taxonomy":"product_cat","embeddable":true,"href":"https:\/\/lucacastelli.com\/fr\/wp-json\/wp\/v2\/product_cat?post=416246"},{"taxonomy":"product_tag","embeddable":true,"href":"https:\/\/lucacastelli.com\/fr\/wp-json\/wp\/v2\/product_tag?post=416246"}],"curies":[{"name":"wp","href":"https:\/\/api.w.org\/{rel}","templated":true}]}}