{"id":416244,"date":"2024-08-29T05:58:13","date_gmt":"2024-08-29T03:58:13","guid":{"rendered":"https:\/\/lucacastelli.com\/prodotto\/bonnet-helly-hansen-outline-cactus\/"},"modified":"2025-06-29T09:50:32","modified_gmt":"2025-06-29T07:50:32","slug":"bonnet-helly-hansen-outline-cactus","status":"publish","type":"product","link":"https:\/\/lucacastelli.com\/fr\/produit\/bonnet-helly-hansen-outline-cactus\/","title":{"rendered":"BONNET HELLY HANSEN OUTLINE &#8211; cactus"},"content":{"rendered":"<p>Essayez notre bonnet classique avec logo et voyez \u00e0 quel point il est confortable. Fabriqu\u00e9 dans des mat\u00e9riaux doux et chauds, il assure un confort maximal lors de vos aventures en plein air. Un accessoire indispensable pour toute activit\u00e9 dynamique !  <\/p>\n<p>D\u00e9tails<br \/>\nTeneur en fibres&nbsp;:<br \/>\nExt\u00e9rieur&nbsp;: 95&nbsp;% polyester (recycl\u00e9), 4&nbsp;% polyamide, 1&nbsp;% \u00e9lasthanne<br \/>\nPoids&nbsp;:0g<\/p>\n<p>Fonctionnalit\u00e9<br \/>\nFabriqu\u00e9 \u00e0 partir de mat\u00e9riaux recycl\u00e9s r\u00e9cup\u00e9r\u00e9s dans la mer<\/p>\n","protected":false},"excerpt":{"rendered":"<p>Essayez notre bonnet classique avec logo et voyez \u00e0 quel point il est confortable. Fabriqu\u00e9 dans des mat\u00e9riaux doux et<\/p>\n","protected":false},"featured_media":97156,"template":"","meta":{"_seopress_robots_primary_cat":"","_seopress_titles_title":"","_seopress_titles_desc":"","_seopress_robots_index":""},"product_brand":[3646],"product_cat":[81,1390],"product_tag":[],"class_list":{"0":"post-416244","1":"product","2":"type-product","3":"status-publish","4":"has-post-thumbnail","6":"product_brand-helly-hansen-fr","7":"product_cat-vetements","8":"product_cat-accessoires-dhabillement","10":"first","11":"instock","12":"shipping-taxable","13":"purchasable","14":"product-type-simple"},"_links":{"self":[{"href":"https:\/\/lucacastelli.com\/fr\/wp-json\/wp\/v2\/product\/416244","targetHints":{"allow":["GET"]}}],"collection":[{"href":"https:\/\/lucacastelli.com\/fr\/wp-json\/wp\/v2\/product"}],"about":[{"href":"https:\/\/lucacastelli.com\/fr\/wp-json\/wp\/v2\/types\/product"}],"wp:featuredmedia":[{"embeddable":true,"href":"https:\/\/lucacastelli.com\/fr\/wp-json\/wp\/v2\/media\/97156"}],"wp:attachment":[{"href":"https:\/\/lucacastelli.com\/fr\/wp-json\/wp\/v2\/media?parent=416244"}],"wp:term":[{"taxonomy":"product_brand","embeddable":true,"href":"https:\/\/lucacastelli.com\/fr\/wp-json\/wp\/v2\/product_brand?post=416244"},{"taxonomy":"product_cat","embeddable":true,"href":"https:\/\/lucacastelli.com\/fr\/wp-json\/wp\/v2\/product_cat?post=416244"},{"taxonomy":"product_tag","embeddable":true,"href":"https:\/\/lucacastelli.com\/fr\/wp-json\/wp\/v2\/product_tag?post=416244"}],"curies":[{"name":"wp","href":"https:\/\/api.w.org\/{rel}","templated":true}]}}