{"id":416226,"date":"2024-04-29T15:49:01","date_gmt":"2024-04-29T13:49:01","guid":{"rendered":"https:\/\/lucacastelli.com\/prodotto\/helly-hansen-w-gale-veste-de-pluie\/"},"modified":"2025-06-29T09:50:27","modified_gmt":"2025-06-29T07:50:27","slug":"helly-hansen-w-gale-veste-de-pluie","status":"publish","type":"product","link":"https:\/\/lucacastelli.com\/fr\/produit\/helly-hansen-w-gale-veste-de-pluie\/","title":{"rendered":"HELLY HANSEN W GALE VESTE DE PLUIE"},"content":{"rendered":"<p>Veste de pluie imperm\u00e9able Gale pour femme n\u00b0<br \/>\n70286<br \/>\nLa veste de pluie Gale impressionne par l\u2019excellente coupe qui distingue les produits Luna, qui ont \u00e9t\u00e9 d\u00e9velopp\u00e9s par des femmes pour des femmes. Le tissu principal en PU vous permet de rester au sec lorsqu\u2019il pleut.<br \/>\nFibres contenues : Mati\u00e8re principale : 100&nbsp;% PU sur tissu 100&nbsp;% polyester &#8211; 240 g\/m\u00b2<br \/>\nConseils d\u2019entretien :<br \/>\nLaver en machine \u00e0 l\u2019eau ti\u00e8de \u00e0 40\u00b0C, ne pas javelliser, ne pas s\u00e9cher en machine, ne pas repasser, ne pas nettoyer \u00e0 sec. <\/p>\n<p>FONCTIONS<br \/>\nEN 343:2019 : 4, 1, X<br \/>\nFermeture \u00e9clair YKK<br \/>\nCoutures AMANN<br \/>\nCapuche repliable dans le col<br \/>\nCapuche r\u00e9glable avec cordon de serrage \u00e9lastique<br \/>\nDouble rabat avant en mati\u00e8re principale<br \/>\nFermeture \u00e9clair frontale YKK YKK<br \/>\nPoche Napol\u00e9on avec fermeture \u00e9clair YKK<br \/>\nPoches fendues<br \/>\nPoignets en n\u00e9opr\u00e8ne Ourlet r\u00e9glable<br \/>\navec cordon de serrage \u00e9lastique dans la poche fendue<br \/>\nDos allong\u00e9 pour plus de confort<\/p>\n","protected":false},"excerpt":{"rendered":"<p>Veste de pluie imperm\u00e9able Gale pour femme n\u00b0 70286 La veste de pluie Gale impressionne par l\u2019excellente coupe qui distingue<\/p>\n","protected":false},"featured_media":49159,"template":"","meta":{"_seopress_robots_primary_cat":"","_seopress_titles_title":"","_seopress_titles_desc":"","_seopress_robots_index":""},"product_brand":[3425],"product_cat":[21,284],"product_tag":[],"class_list":{"0":"post-416226","1":"product","2":"type-product","3":"status-publish","4":"has-post-thumbnail","6":"product_brand-helly-hansen","7":"product_cat-abbigliamento","8":"product_cat-abbigliamento-da-lavoro","9":"sws-gruppo-abb-libero","10":"sws-categoria-sito","11":"sws-conto-ricavi-merci-rivendita-abbigliamento","12":"sws-gruppo-iva-iva81","14":"first","15":"instock","16":"shipping-taxable","17":"purchasable","18":"product-type-variable"},"_links":{"self":[{"href":"https:\/\/lucacastelli.com\/fr\/wp-json\/wp\/v2\/product\/416226","targetHints":{"allow":["GET"]}}],"collection":[{"href":"https:\/\/lucacastelli.com\/fr\/wp-json\/wp\/v2\/product"}],"about":[{"href":"https:\/\/lucacastelli.com\/fr\/wp-json\/wp\/v2\/types\/product"}],"wp:featuredmedia":[{"embeddable":true,"href":"https:\/\/lucacastelli.com\/fr\/wp-json\/wp\/v2\/media\/49159"}],"wp:attachment":[{"href":"https:\/\/lucacastelli.com\/fr\/wp-json\/wp\/v2\/media?parent=416226"}],"wp:term":[{"taxonomy":"product_brand","embeddable":true,"href":"https:\/\/lucacastelli.com\/fr\/wp-json\/wp\/v2\/product_brand?post=416226"},{"taxonomy":"product_cat","embeddable":true,"href":"https:\/\/lucacastelli.com\/fr\/wp-json\/wp\/v2\/product_cat?post=416226"},{"taxonomy":"product_tag","embeddable":true,"href":"https:\/\/lucacastelli.com\/fr\/wp-json\/wp\/v2\/product_tag?post=416226"}],"curies":[{"name":"wp","href":"https:\/\/api.w.org\/{rel}","templated":true}]}}