{"id":416199,"date":"2024-04-29T15:11:23","date_gmt":"2024-04-29T13:11:23","guid":{"rendered":"https:\/\/lucacastelli.com\/prodotto\/pant-hansen-pantalon-cargo-oxford-4x\/"},"modified":"2025-06-29T09:50:14","modified_gmt":"2025-06-29T07:50:14","slug":"pant-hansen-pantalon-cargo-oxford-4x","status":"publish","type":"product","link":"https:\/\/lucacastelli.com\/fr\/produit\/pant-hansen-pantalon-cargo-oxford-4x\/","title":{"rendered":"PANT HANSEN PANTALON CARGO OXFORD 4X"},"content":{"rendered":"<p>4X<br \/>\nOXFORD CARGO PANTS N\u00b0 77408<br \/>\nComposition en fibres : Mati\u00e8re principale : 94 % polyamide, 6 % \u00e9lasthanne &#8211; 260 g\/m\u00b2<br \/>\nMati\u00e8re secondaire : 79 % coton, 18 % polyester, 3 % \u00e9lasthanne &#8211; 265 g\/m\u00b2.<br \/>\nRenfort : 100 % polyamide &#8211; 195 g\/m\u00b2<br \/>\nConseils d\u2019entretien : Lavage en machine \u00e0 l\u2019eau ti\u00e8de \u00e0 40\u00b0C, ne pas javelliser, ne pas s\u00e9cher en machine, ne pas repasser, ne pas nettoyer \u00e0 sec.<\/p>\n<p>FONCTIONS<br \/>\nFermeture \u00e9clair YKK<br \/>\nCoutures AMANN<br \/>\n\u00c9lastique \u00e0 4 voies<br \/>\nTissu l\u00e9ger pour plus de confort<br \/>\nBoucle de ceinture large au centre pour plus de stabilit\u00e9 et de durabilit\u00e9<br \/>\nGousset de jambe pour une plus grande libert\u00e9 de mouvement<br \/>\nPoches sur les cuisses avec fermeture<br \/>\nBoutons en m\u00e9tal recouverts<br \/>\nde caoutchouc Longueur de jambe extensible de 5 cm<br \/>\nRenfort sur l\u2019ourlet inf\u00e9rieur<br \/>\nBoucle pour carte d\u2019identit\u00e9<br \/>\nD\u00e9tails de conception r\u00e9fl\u00e9chissants<\/p>\n","protected":false},"excerpt":{"rendered":"<p>4X OXFORD CARGO PANTS N\u00b0 77408 Composition en fibres : Mati\u00e8re principale : 94 % polyamide, 6 % \u00e9lasthanne &#8211;<\/p>\n","protected":false},"featured_media":49111,"template":"","meta":{"_seopress_robots_primary_cat":"","_seopress_titles_title":"","_seopress_titles_desc":"","_seopress_robots_index":""},"product_brand":[3646],"product_cat":[81,1381],"product_tag":[],"class_list":{"0":"post-416199","1":"product","2":"type-product","3":"status-publish","4":"has-post-thumbnail","6":"product_brand-helly-hansen-fr","7":"product_cat-vetements","8":"product_cat-vetements-de-travail","10":"first","11":"instock","12":"shipping-taxable","13":"purchasable","14":"product-type-variable"},"_links":{"self":[{"href":"https:\/\/lucacastelli.com\/fr\/wp-json\/wp\/v2\/product\/416199","targetHints":{"allow":["GET"]}}],"collection":[{"href":"https:\/\/lucacastelli.com\/fr\/wp-json\/wp\/v2\/product"}],"about":[{"href":"https:\/\/lucacastelli.com\/fr\/wp-json\/wp\/v2\/types\/product"}],"wp:featuredmedia":[{"embeddable":true,"href":"https:\/\/lucacastelli.com\/fr\/wp-json\/wp\/v2\/media\/49111"}],"wp:attachment":[{"href":"https:\/\/lucacastelli.com\/fr\/wp-json\/wp\/v2\/media?parent=416199"}],"wp:term":[{"taxonomy":"product_brand","embeddable":true,"href":"https:\/\/lucacastelli.com\/fr\/wp-json\/wp\/v2\/product_brand?post=416199"},{"taxonomy":"product_cat","embeddable":true,"href":"https:\/\/lucacastelli.com\/fr\/wp-json\/wp\/v2\/product_cat?post=416199"},{"taxonomy":"product_tag","embeddable":true,"href":"https:\/\/lucacastelli.com\/fr\/wp-json\/wp\/v2\/product_tag?post=416199"}],"curies":[{"name":"wp","href":"https:\/\/api.w.org\/{rel}","templated":true}]}}