{"id":416197,"date":"2024-04-29T15:47:59","date_gmt":"2024-04-29T13:47:59","guid":{"rendered":"https:\/\/lucacastelli.com\/prodotto\/helly-hansen-pantalon-pant-gale\/"},"modified":"2025-06-29T09:50:32","modified_gmt":"2025-06-29T07:50:32","slug":"helly-hansen-pantalon-pant-gale","status":"publish","type":"product","link":"https:\/\/lucacastelli.com\/fr\/produit\/helly-hansen-pantalon-pant-gale\/","title":{"rendered":"HELLY HANSEN PANTALON PANT GALE"},"content":{"rendered":"<p>Pantalon de pluie imperm\u00e9able pour femme<br \/>\nGale n\u00b0 70486<br \/>\nLe pantalon de pluie Gale se caract\u00e9rise par la coupe parfaite qui fait la r\u00e9putation des produits Luna : d\u00e9velopp\u00e9s par des femmes pour des femmes. Le tissu principal en PU vous permet de rester au sec lorsqu\u2019il pleut.<br \/>\nFibres contenues : tissu principal : 100&nbsp;% PU sur tissu 100&nbsp;% polyester &#8211; 240 g\/m\u00b2<br \/>\nConseils d\u2019entretien :<br \/>\nLavage en machine \u00e0 l\u2019eau ti\u00e8de \u00e0 40\u00b0C, ne pas javelliser, ne pas s\u00e9cher en machine, ne pas repasser, ne pas nettoyer \u00e0 sec. <\/p>\n<p>FONCTIONS<br \/>\nEN 343:2019&nbsp;: 4, 1, X<br \/>\nCoutures AMANN<br \/>\nTaille ajustable<br \/>\nPoignets de jambe r\u00e9glables avec boutons-pression<\/p>\n","protected":false},"excerpt":{"rendered":"<p>Pantalon de pluie imperm\u00e9able pour femme Gale n\u00b0 70486 Le pantalon de pluie Gale se caract\u00e9rise par la coupe parfaite<\/p>\n","protected":false},"featured_media":49153,"template":"","meta":{"_seopress_robots_primary_cat":"","_seopress_titles_title":"","_seopress_titles_desc":"","_seopress_robots_index":""},"product_brand":[3646],"product_cat":[81,1381],"product_tag":[],"class_list":{"0":"post-416197","1":"product","2":"type-product","3":"status-publish","4":"has-post-thumbnail","6":"product_brand-helly-hansen-fr","7":"product_cat-vetements","8":"product_cat-vetements-de-travail","10":"first","11":"instock","12":"shipping-taxable","13":"purchasable","14":"product-type-variable"},"_links":{"self":[{"href":"https:\/\/lucacastelli.com\/fr\/wp-json\/wp\/v2\/product\/416197","targetHints":{"allow":["GET"]}}],"collection":[{"href":"https:\/\/lucacastelli.com\/fr\/wp-json\/wp\/v2\/product"}],"about":[{"href":"https:\/\/lucacastelli.com\/fr\/wp-json\/wp\/v2\/types\/product"}],"wp:featuredmedia":[{"embeddable":true,"href":"https:\/\/lucacastelli.com\/fr\/wp-json\/wp\/v2\/media\/49153"}],"wp:attachment":[{"href":"https:\/\/lucacastelli.com\/fr\/wp-json\/wp\/v2\/media?parent=416197"}],"wp:term":[{"taxonomy":"product_brand","embeddable":true,"href":"https:\/\/lucacastelli.com\/fr\/wp-json\/wp\/v2\/product_brand?post=416197"},{"taxonomy":"product_cat","embeddable":true,"href":"https:\/\/lucacastelli.com\/fr\/wp-json\/wp\/v2\/product_cat?post=416197"},{"taxonomy":"product_tag","embeddable":true,"href":"https:\/\/lucacastelli.com\/fr\/wp-json\/wp\/v2\/product_tag?post=416197"}],"curies":[{"name":"wp","href":"https:\/\/api.w.org\/{rel}","templated":true}]}}