{"id":416134,"date":"2024-04-29T15:29:13","date_gmt":"2024-04-29T13:29:13","guid":{"rendered":"https:\/\/lucacastelli.com\/prodotto\/helly-hansen-gale-rain-pant\/"},"modified":"2025-06-29T09:50:07","modified_gmt":"2025-06-29T07:50:07","slug":"helly-hansen-gale-rain-pant","status":"publish","type":"product","link":"https:\/\/lucacastelli.com\/fr\/produit\/helly-hansen-gale-rain-pant\/","title":{"rendered":"HELLY HANSEN GALE RAIN PANT"},"content":{"rendered":"<p>Pantalon de pluie imperm\u00e9able Gale<br \/>\nn\u00b0 70484<br \/>\nLe pantalon Gale \u00e9tablit de nouvelles normes en mati\u00e8re de v\u00eatements de pluie pour les artisans et les ouvriers d\u2019usine.<br \/>\nLes tissus sans phtalates assurent un faible impact sur l\u2019environnement et vous gardent au sec par tous les temps.<br \/>\nTeneur en fibres&nbsp;:<br \/>\nTissu principal&nbsp;: 100&nbsp;% PU sur maille 100&nbsp;% polyester &#8211; 240g\/m\u00b2<\/p>\n<p>Instructions d\u2019entretien :<br \/>\nLaver en machine \u00e0 l\u2019eau ti\u00e8de \u00e0 40\u00b0C, ne pas javelliser, ne pas s\u00e9cher en machine, ne pas repasser, ne pas nettoyer \u00e0 sec.<\/p>\n<p>FONCTIONS<br \/>\nEN 343:2003+A1:2007 3.1<br \/>\nTaille ajustable<br \/>\nOuverture pour poches suspendues<br \/>\nPoche pour m\u00e8tre pliant<br \/>\nPoignets r\u00e9glables avec boutons-pression<\/p>\n","protected":false},"excerpt":{"rendered":"<p>Pantalon de pluie imperm\u00e9able Gale n\u00b0 70484 Le pantalon Gale \u00e9tablit de nouvelles normes en mati\u00e8re de v\u00eatements de pluie<\/p>\n","protected":false},"featured_media":49130,"template":"","meta":{"_seopress_robots_primary_cat":"","_seopress_titles_title":"","_seopress_titles_desc":"","_seopress_robots_index":""},"product_brand":[3646],"product_cat":[81,1381],"product_tag":[],"class_list":{"0":"post-416134","1":"product","2":"type-product","3":"status-publish","4":"has-post-thumbnail","6":"product_brand-helly-hansen-fr","7":"product_cat-vetements","8":"product_cat-vetements-de-travail","10":"first","11":"instock","12":"shipping-taxable","13":"purchasable","14":"product-type-variable"},"_links":{"self":[{"href":"https:\/\/lucacastelli.com\/fr\/wp-json\/wp\/v2\/product\/416134","targetHints":{"allow":["GET"]}}],"collection":[{"href":"https:\/\/lucacastelli.com\/fr\/wp-json\/wp\/v2\/product"}],"about":[{"href":"https:\/\/lucacastelli.com\/fr\/wp-json\/wp\/v2\/types\/product"}],"wp:featuredmedia":[{"embeddable":true,"href":"https:\/\/lucacastelli.com\/fr\/wp-json\/wp\/v2\/media\/49130"}],"wp:attachment":[{"href":"https:\/\/lucacastelli.com\/fr\/wp-json\/wp\/v2\/media?parent=416134"}],"wp:term":[{"taxonomy":"product_brand","embeddable":true,"href":"https:\/\/lucacastelli.com\/fr\/wp-json\/wp\/v2\/product_brand?post=416134"},{"taxonomy":"product_cat","embeddable":true,"href":"https:\/\/lucacastelli.com\/fr\/wp-json\/wp\/v2\/product_cat?post=416134"},{"taxonomy":"product_tag","embeddable":true,"href":"https:\/\/lucacastelli.com\/fr\/wp-json\/wp\/v2\/product_tag?post=416134"}],"curies":[{"name":"wp","href":"https:\/\/api.w.org\/{rel}","templated":true}]}}