{"id":416116,"date":"2024-04-29T15:05:36","date_gmt":"2024-04-29T13:05:36","guid":{"rendered":"https:\/\/lucacastelli.com\/prodotto\/pant-helly-hansen-oxford-4x-cnct\/"},"modified":"2025-06-29T09:50:05","modified_gmt":"2025-06-29T07:50:05","slug":"pant-helly-hansen-oxford-4x-cnct","status":"publish","type":"product","link":"https:\/\/lucacastelli.com\/fr\/produit\/pant-helly-hansen-oxford-4x-cnct\/","title":{"rendered":"PANT HELLY HANSEN OXFORD 4X CNCT"},"content":{"rendered":"<p>HH CONNECT<br \/>\n4X OXFORD TROUSERS NO. 77395<br \/>\nCe pantalon durable, con\u00e7u pour r\u00e9sister aux rigueurs du chantier, vous permet de faire le travail avec facilit\u00e9. Genoux et ourlet renforc\u00e9s et poches suspendues avec double doublure et sangle en nylon durable. Bougez librement gr\u00e2ce aux genoux articul\u00e9s, \u00e0 l\u2019entrejambe \u00e0 soufflet et au large passant de ceinture arri\u00e8re qui am\u00e9liore la stabilit\u00e9, tandis que le tissu l\u00e9ger extensible dans les quatre sens bouge avec vous. Notre syst\u00e8me de poche innovant, HH Connect\u2122, vous permet de vous adapter \u00e0 votre travail, en vous donnant la possibilit\u00e9 de choisir la poche dont vous avez besoin pour la t\u00e2che \u00e0 accomplir. Des caract\u00e9ristiques suppl\u00e9mentaires telles que la boucle pour carte d\u2019identit\u00e9 et la poche m\u00e8tre offrent toutes les options dont vous avez besoin pour faciliter votre travail. Le pantalon Oxford 4X HH Connect\u2122 offre des ajustements suppl\u00e9mentaires pour votre confort. L\u2019ourlet peut \u00eatre allong\u00e9 de 5 centim\u00e8tres et les genouill\u00e8res peuvent \u00eatre ajust\u00e9es de la m\u00eame mani\u00e8re pour une mobilit\u00e9 optimale. Les poches pour genouill\u00e8res sont facilement accessibles de l\u2019ext\u00e9rieur,Teneur en fibres<br \/>\n&nbsp;: Mat\u00e9riau de base&nbsp;: 94 % polyamide, 6 % \u00e9lasthanne &#8211; 260 g\/m\u00b2 &#8211; Mat\u00e9riau Sekund\u00e4r&nbsp;: 79 % Baumwolle, 18 % polyester, 3 % \u00e9lastol\u00e9fine &#8211; 265 g\/m\u00b2 &#8211; Verst\u00e4rkung&nbsp;: 100 % polyamide &#8211; 195 g\/m\u00b2.       <\/p>\n<p>FONCTIONS<br \/>\nFermeture \u00e9clair YKK<br \/>\nCoutures AMANN<br \/>\nCompatible avec HH Connect<br \/>\nMat\u00e9riau extensible dans les 4 sens<br \/>\nTissu l\u00e9ger pour plus de confort<br \/>\nLarge boucle de ceinture au milieu pour plus de stabilit\u00e9 et de durabilit\u00e9<br \/>\nGousset \u00e0 l\u2019entrejambe pour une plus grande libert\u00e9 de mouvement<br \/>\nPoche sur la cuisse avec fermeture<br \/>\nPoche pour le m\u00e8tre pliant<br \/>\nBoutons en m\u00e9tal recouvert de caoutchouc<br \/>\nGenoux pr\u00e9form\u00e9s pour une mobilit\u00e9 optimale<br \/>\nPoches genouill\u00e8res accessibles de l\u2019ext\u00e9rieur<br \/>\nLa position des genouill\u00e8res peut \u00eatre ajust\u00e9e de 5 cm pour une position optimale<br \/>\nTissu de renfort sur les genoux et l\u2019ourlet inf\u00e9rieur<br \/>\nLa longueur des jambes peut \u00eatre allong\u00e9e de 5 cm<br \/>\nBoucle pour carte d\u2019identit\u00e9<br \/>\nD\u00e9tails de conception r\u00e9fl\u00e9chissants<\/p>\n","protected":false},"excerpt":{"rendered":"<p>HH CONNECT 4X OXFORD TROUSERS NO. 77395 Ce pantalon durable, con\u00e7u pour r\u00e9sister aux rigueurs du chantier, vous permet de<\/p>\n","protected":false},"featured_media":49088,"template":"","meta":{"_seopress_robots_primary_cat":"","_seopress_titles_title":"","_seopress_titles_desc":"","_seopress_robots_index":""},"product_brand":[3646],"product_cat":[81,1381],"product_tag":[],"class_list":{"0":"post-416116","1":"product","2":"type-product","3":"status-publish","4":"has-post-thumbnail","6":"product_brand-helly-hansen-fr","7":"product_cat-vetements","8":"product_cat-vetements-de-travail","10":"first","11":"instock","12":"shipping-taxable","13":"purchasable","14":"product-type-variable"},"_links":{"self":[{"href":"https:\/\/lucacastelli.com\/fr\/wp-json\/wp\/v2\/product\/416116","targetHints":{"allow":["GET"]}}],"collection":[{"href":"https:\/\/lucacastelli.com\/fr\/wp-json\/wp\/v2\/product"}],"about":[{"href":"https:\/\/lucacastelli.com\/fr\/wp-json\/wp\/v2\/types\/product"}],"wp:featuredmedia":[{"embeddable":true,"href":"https:\/\/lucacastelli.com\/fr\/wp-json\/wp\/v2\/media\/49088"}],"wp:attachment":[{"href":"https:\/\/lucacastelli.com\/fr\/wp-json\/wp\/v2\/media?parent=416116"}],"wp:term":[{"taxonomy":"product_brand","embeddable":true,"href":"https:\/\/lucacastelli.com\/fr\/wp-json\/wp\/v2\/product_brand?post=416116"},{"taxonomy":"product_cat","embeddable":true,"href":"https:\/\/lucacastelli.com\/fr\/wp-json\/wp\/v2\/product_cat?post=416116"},{"taxonomy":"product_tag","embeddable":true,"href":"https:\/\/lucacastelli.com\/fr\/wp-json\/wp\/v2\/product_tag?post=416116"}],"curies":[{"name":"wp","href":"https:\/\/api.w.org\/{rel}","templated":true}]}}