{"id":415995,"date":"2022-05-31T19:21:57","date_gmt":"2022-05-31T17:21:57","guid":{"rendered":"https:\/\/lucacastelli.com\/prodotto\/hanwag-zentauri-gtx\/"},"modified":"2026-01-20T20:26:56","modified_gmt":"2026-01-20T19:26:56","slug":"hanwag-zentauri-gtx","status":"publish","type":"product","link":"https:\/\/lucacastelli.com\/fr\/produit\/hanwag-zentauri-gtx\/","title":{"rendered":"HANWAG Zentauri GTX"},"content":{"rendered":"<p>La Zentauri GTX est le r\u00e9sultat de d\u00e9cennies d\u2019exp\u00e9rience de professionnels de la montagne. La chaussure de randonn\u00e9e de haute altitude, stable et compatible avec les crampons, fabriqu\u00e9e en cro\u00fbte de cuir extr\u00eamement robuste avec une protection anti-\u00e9boulis en caoutchouc, garde vos orteils au chaud m\u00eame \u00e0 basse temp\u00e9rature et au sec gr\u00e2ce \u00e0 la membrane GORE-TEX. Une isolation suppl\u00e9mentaire est assur\u00e9e par une chambre \u00e0 air dans la semelle avec profil Vibram. La semelle est \u00e9troite vers l\u2019avant et a un profil bas au niveau des orteils. Parfait pour les randonn\u00e9es d\u2019escalade difficiles.    <\/p>\n","protected":false},"excerpt":{"rendered":"<p>La Zentauri GTX est le r\u00e9sultat de d\u00e9cennies d\u2019exp\u00e9rience de professionnels de la montagne. La chaussure de randonn\u00e9e de haute<\/p>\n","protected":false},"featured_media":61547,"template":"","meta":{"_seopress_robots_primary_cat":"","_seopress_titles_title":"","_seopress_titles_desc":"","_seopress_robots_index":""},"product_brand":[3635],"product_cat":[173,1420,1432],"product_tag":[],"class_list":{"0":"post-415995","1":"product","2":"type-product","3":"status-publish","4":"has-post-thumbnail","6":"product_brand-hanwag-fr","7":"product_cat-chaussures","8":"product_cat-chaussures-de-loisirs","9":"product_cat-chaussures-pour-hommes","10":"sws-gruppo-abb-libero-fr","11":"sws-conto-ricavi-merci-rivendita-calzature-fr","12":"sws-gruppo-iva-iva81-fr","14":"first","15":"instock","16":"sale","17":"shipping-taxable","18":"purchasable","19":"product-type-variable"},"_links":{"self":[{"href":"https:\/\/lucacastelli.com\/fr\/wp-json\/wp\/v2\/product\/415995","targetHints":{"allow":["GET"]}}],"collection":[{"href":"https:\/\/lucacastelli.com\/fr\/wp-json\/wp\/v2\/product"}],"about":[{"href":"https:\/\/lucacastelli.com\/fr\/wp-json\/wp\/v2\/types\/product"}],"wp:featuredmedia":[{"embeddable":true,"href":"https:\/\/lucacastelli.com\/fr\/wp-json\/wp\/v2\/media\/61547"}],"wp:attachment":[{"href":"https:\/\/lucacastelli.com\/fr\/wp-json\/wp\/v2\/media?parent=415995"}],"wp:term":[{"taxonomy":"product_brand","embeddable":true,"href":"https:\/\/lucacastelli.com\/fr\/wp-json\/wp\/v2\/product_brand?post=415995"},{"taxonomy":"product_cat","embeddable":true,"href":"https:\/\/lucacastelli.com\/fr\/wp-json\/wp\/v2\/product_cat?post=415995"},{"taxonomy":"product_tag","embeddable":true,"href":"https:\/\/lucacastelli.com\/fr\/wp-json\/wp\/v2\/product_tag?post=415995"}],"curies":[{"name":"wp","href":"https:\/\/api.w.org\/{rel}","templated":true}]}}