{"id":415788,"date":"2025-02-25T20:57:40","date_gmt":"2025-02-25T19:57:40","guid":{"rendered":"https:\/\/lucacastelli.com\/prodotto\/helly-hansen-veste-de-pluie-vancouver-pour-homme\/"},"modified":"2026-04-01T01:51:30","modified_gmt":"2026-03-31T23:51:30","slug":"helly-hansen-veste-de-pluie-vancouver-pour-homme","status":"publish","type":"product","link":"https:\/\/lucacastelli.com\/fr\/produit\/helly-hansen-veste-de-pluie-vancouver-pour-homme\/","title":{"rendered":"Helly Hansen Veste De Pluie Vancouver Pour Homme"},"content":{"rendered":"<div class=\"productDetailsSection_productDescriptionSection__FDg0y\">\n<div class=\"productDescription_productDescription__sJIE6\" data-mt-type=\"product-description\">\n<div class=\"richtext_wrapper__lJjZg productDescription_productDescriptionContent__0A3VB\">La Vancouver Rain Jacket est une veste imperm\u00e9able polyvalente pour homme, id\u00e9ale au quotidien. Dot\u00e9e de la technologie imperm\u00e9able et respirante HELLY TECH\u00ae Protection, elle convient \u00e0 toutes vos aventures urbaines et de plein air. Gr\u00e2ce \u00e0 son style parfait pour la montagne comme pour la ville, elle est con\u00e7ue pour vos trajets quotidiens, vos balades au parc, vos sorties en mer ou vos randonn\u00e9es. Elle dispose d\u2019une construction double couche, de coutures enti\u00e8rement \u00e9tanches, d\u2019une capuche et d\u2019un ourlet ajustables, de poches zipp\u00e9es et de poignets \u00e9lastiqu\u00e9s, garantissant confort et fonctionnalit\u00e9.  <\/div>\n<\/div>\n<\/div>\n<div class=\"productCollapseSection_productCollapseSectionTitle__1Vh_4\"><\/div>\n<div>\n<h2>D\u00e9tails<\/h2>\n<p>Composition des fibres :<\/p>\n<p>Ext\u00e9rieur : 100 % polyester &#8211; Doublure : 100 % polyester &#8211; Doublure 2 : 100 % polyamide<\/p>\n<p>Instructions d&#8217;entretien :<\/p>\n<p>Laver avec des couleurs similaires. S\u00e9cher en machine pour r\u00e9activer le traitement d\u00e9perlant. Ne pas utiliser d\u2019assouplissant. Fermer les bandes auto-agrippantes avant le lavage.  <\/p>\n<p>Poids : 525 g<\/p>\n<h2>Fonctionnalit\u00e9s<\/h2>\n<ul>\n<li>HELLY TECH PROTECTION<\/li>\n<li>YKK VISLON<\/li>\n<li>Coutures enti\u00e8rement \u00e9tanches<\/li>\n<li>Construction \u00e0 2 couches<\/li>\n<li>Capuche et ourlet r\u00e9glables<\/li>\n<li>Poches zipp\u00e9es s\u00e9curis\u00e9es<\/li>\n<li>Poignets \u00e9lastiques<\/li>\n<li>Logo HH imprim\u00e9<\/li>\n<li>DWR sans PFC<\/li>\n<\/ul>\n<\/div>\n","protected":false},"excerpt":{"rendered":"<p>La Vancouver Rain Jacket est une veste imperm\u00e9able polyvalente pour homme, id\u00e9ale au quotidien. Dot\u00e9e de la technologie imperm\u00e9able et<\/p>\n","protected":false},"featured_media":103075,"template":"","meta":{"_seopress_robots_primary_cat":"none","_seopress_titles_title":"","_seopress_titles_desc":"","_seopress_robots_index":""},"product_brand":[3425],"product_cat":[21,189,190,211,212],"product_tag":[],"class_list":{"0":"post-415788","1":"product","2":"type-product","3":"status-publish","4":"has-post-thumbnail","6":"product_brand-helly-hansen","7":"product_cat-abbigliamento","8":"product_cat-abbigliamento-per-il-tempo-libero","9":"product_cat-abbigliamento-da-uomo","10":"product_cat-attrezzatura-per-il-tempo-libero","11":"product_cat-altro","12":"sws-gruppo-abb-libero-fr","13":"sws-categoria-sito-fr","14":"sws-conto-ricavi-merci-rivendita-abbigliamento-fr","15":"sws-gruppo-iva-iva81-fr","17":"first","18":"instock","19":"shipping-taxable","20":"purchasable","21":"product-type-variable"},"_links":{"self":[{"href":"https:\/\/lucacastelli.com\/fr\/wp-json\/wp\/v2\/product\/415788","targetHints":{"allow":["GET"]}}],"collection":[{"href":"https:\/\/lucacastelli.com\/fr\/wp-json\/wp\/v2\/product"}],"about":[{"href":"https:\/\/lucacastelli.com\/fr\/wp-json\/wp\/v2\/types\/product"}],"wp:featuredmedia":[{"embeddable":true,"href":"https:\/\/lucacastelli.com\/fr\/wp-json\/wp\/v2\/media\/103075"}],"wp:attachment":[{"href":"https:\/\/lucacastelli.com\/fr\/wp-json\/wp\/v2\/media?parent=415788"}],"wp:term":[{"taxonomy":"product_brand","embeddable":true,"href":"https:\/\/lucacastelli.com\/fr\/wp-json\/wp\/v2\/product_brand?post=415788"},{"taxonomy":"product_cat","embeddable":true,"href":"https:\/\/lucacastelli.com\/fr\/wp-json\/wp\/v2\/product_cat?post=415788"},{"taxonomy":"product_tag","embeddable":true,"href":"https:\/\/lucacastelli.com\/fr\/wp-json\/wp\/v2\/product_tag?post=415788"}],"curies":[{"name":"wp","href":"https:\/\/api.w.org\/{rel}","templated":true}]}}