{"id":415767,"date":"2025-02-25T20:30:16","date_gmt":"2025-02-25T19:30:16","guid":{"rendered":"https:\/\/lucacastelli.com\/prodotto\/helly-hansen-short-cargo-dock-pour-homme\/"},"modified":"2025-06-29T09:52:29","modified_gmt":"2025-06-29T07:52:29","slug":"helly-hansen-short-cargo-dock-pour-homme","status":"publish","type":"product","link":"https:\/\/lucacastelli.com\/fr\/produit\/helly-hansen-short-cargo-dock-pour-homme\/","title":{"rendered":"HELLY HANSEN Short cargo Dock pour homme"},"content":{"rendered":"<div class=\"productDetailsSection_productDescriptionSection__FDg0y\">\n<div class=\"productDescription_productDescription__sJIE6\" data-mt-type=\"product-description\">\n<div class=\"richtext_wrapper__lJjZg productDescription_productDescriptionContent__0A3VB\">Con\u00e7u pour la voile, ce short cargo est confortable et fabriqu\u00e9 \u00e0 partir d\u2019un m\u00e9lange de coton doux et de chanvre robuste, une r\u00e9f\u00e9rence fonctionnelle aux sommets du pass\u00e9. Voir la composition pour plus de d\u00e9tails sur les mat\u00e9riaux. <\/div>\n<\/div>\n<\/div>\n<div class=\"productCollapseSection_productCollapseSection__6fb5x\">\n<div class=\"productCollapseSection_productCollapseSectionTitle__1Vh_4\">\n<h2 class=\"heading_default__PX0IL heading_style--h3__KKzhL\">Les tenants et aboutissants<\/h2>\n<\/div>\n<div class=\"productCollapseSection_productCollapseSectionContent__VJCb7\">\n<div class=\"productDetails_productDetails__g_C4N\">\n<p>Teneur en fibres&nbsp;:<\/p>\n<div class=\"richtext_wrapper__lJjZg blocks_root__vE_15\">80&nbsp;% coton biologique, 20&nbsp;% chanvre<\/div>\n<p>Instructions d\u2019entretien&nbsp;:<\/p>\n<div class=\"richtext_wrapper__lJjZg blocks_root__vE_15\">Fermez les fermetures \u00e9clair avant le lavage. Lavez les couleurs fonc\u00e9es s\u00e9par\u00e9ment. Laver \u00e0 l\u2019envers.  <\/div>\n<div class=\"productDetails_productDetailsCols__K1qqI\">\n<div class=\"productDetails_productDetailsRow__bHp5_\">\n<div class=\"blocks_mobileInlineWrapper__N_Soc\">Poids&nbsp;:310g<\/div>\n<\/div>\n<\/div>\n<\/div>\n<\/div>\n<\/div>\n<div class=\"productCollapseSection_productCollapseSection__6fb5x productFeatures_root__BqPE9 productFeatures_twoColumnsList__vArq2\">\n<div class=\"productCollapseSection_productCollapseSectionTitle__1Vh_4\">\n<h2 class=\"heading_default__PX0IL heading_style--h3__KKzhL\">Caract\u00e9ristique<\/h2>\n<\/div>\n<div class=\"productCollapseSection_productCollapseSectionContent__VJCb7\">\n<ul>\n<li>Fermeture \u00e9clair YKK\u00ae<\/li>\n<li>Passants<\/li>\n<li>Poches cargo<\/li>\n<li>Logo Helly Hansen (HH) brod\u00e9<\/li>\n<li>Boutons de rechange inclus<\/li>\n<li>Rabat avant avec fermeture boutonn\u00e9e<\/li>\n<li>Poches pour les mains<\/li>\n<li>Coton biologique<\/li>\n<li>OEKO-TEX\u00ae<\/li>\n<\/ul>\n<\/div>\n<\/div>\n","protected":false},"excerpt":{"rendered":"<p>Con\u00e7u pour la voile, ce short cargo est confortable et fabriqu\u00e9 \u00e0 partir d\u2019un m\u00e9lange de coton doux et de<\/p>\n","protected":false},"featured_media":103029,"template":"","meta":{"_seopress_robots_primary_cat":"","_seopress_titles_title":"","_seopress_titles_desc":"","_seopress_robots_index":""},"product_brand":[3425],"product_cat":[21,189,190,211,212],"product_tag":[],"class_list":{"0":"post-415767","1":"product","2":"type-product","3":"status-publish","4":"has-post-thumbnail","6":"product_brand-helly-hansen","7":"product_cat-abbigliamento","8":"product_cat-abbigliamento-per-il-tempo-libero","9":"product_cat-abbigliamento-da-uomo","10":"product_cat-attrezzatura-per-il-tempo-libero","11":"product_cat-altro","12":"sws-gruppo-abb-libero-fr","13":"sws-gruppo-no-gruppo-fr","14":"sws-categoria-sito-fr","15":"sws-conto-ricavi-merci-rivendita-abbigliamento-fr","16":"sws-gruppo-iva-iva81-fr","18":"first","19":"instock","20":"shipping-taxable","21":"purchasable","22":"product-type-variable"},"_links":{"self":[{"href":"https:\/\/lucacastelli.com\/fr\/wp-json\/wp\/v2\/product\/415767","targetHints":{"allow":["GET"]}}],"collection":[{"href":"https:\/\/lucacastelli.com\/fr\/wp-json\/wp\/v2\/product"}],"about":[{"href":"https:\/\/lucacastelli.com\/fr\/wp-json\/wp\/v2\/types\/product"}],"wp:featuredmedia":[{"embeddable":true,"href":"https:\/\/lucacastelli.com\/fr\/wp-json\/wp\/v2\/media\/103029"}],"wp:attachment":[{"href":"https:\/\/lucacastelli.com\/fr\/wp-json\/wp\/v2\/media?parent=415767"}],"wp:term":[{"taxonomy":"product_brand","embeddable":true,"href":"https:\/\/lucacastelli.com\/fr\/wp-json\/wp\/v2\/product_brand?post=415767"},{"taxonomy":"product_cat","embeddable":true,"href":"https:\/\/lucacastelli.com\/fr\/wp-json\/wp\/v2\/product_cat?post=415767"},{"taxonomy":"product_tag","embeddable":true,"href":"https:\/\/lucacastelli.com\/fr\/wp-json\/wp\/v2\/product_tag?post=415767"}],"curies":[{"name":"wp","href":"https:\/\/api.w.org\/{rel}","templated":true}]}}