{"id":415719,"date":"2025-02-25T18:18:49","date_gmt":"2025-02-25T17:18:49","guid":{"rendered":"https:\/\/lucacastelli.com\/prodotto\/helly-hansen-sweat-a-capuche-hh-logo-homme\/"},"modified":"2026-03-01T00:24:35","modified_gmt":"2026-02-28T23:24:35","slug":"helly-hansen-sweat-a-capuche-hh-logo-homme","status":"publish","type":"product","link":"https:\/\/lucacastelli.com\/fr\/produit\/helly-hansen-sweat-a-capuche-hh-logo-homme\/","title":{"rendered":"Helly Hansen Sweat \u00e0 capuche HH Logo Homme"},"content":{"rendered":"<div class=\"productDetailsSection_productDescriptionSection__FDg0y\">\n<div class=\"productDescription_productDescription__sJIE6\" data-mt-type=\"product-description\">\n<div class=\"richtext_wrapper__lJjZg productDescription_productDescriptionContent__0A3VB\">Notre sweat \u00e0 capuche \u00e0 logo HH, confortable et \u00e9l\u00e9gant, offre le summum du confort. Fabriqu\u00e9 en \u00e9ponge de coton biologique, il est aussi doux que classique. Extr\u00eamement polyvalente, vous pourrez la porter dans des moments de d\u00e9tente, sur un voilier ou m\u00eame en ville. Voir la composition pour plus de d\u00e9tails sur le contenu organique.   <\/div>\n<\/div>\n<\/div>\n<div class=\"productCollapseSection_productCollapseSection__6fb5x\">\n<div class=\"productCollapseSection_productCollapseSectionTitle__1Vh_4\">\n<h2 class=\"heading_default__PX0IL heading_style--h3__KKzhL\">Les tenants et aboutissants<\/h2>\n<\/div>\n<div class=\"productCollapseSection_productCollapseSectionContent__VJCb7\">\n<div class=\"productDetails_productDetails__g_C4N\">\n<p>Teneur en fibres&nbsp;:<\/p>\n<div class=\"richtext_wrapper__lJjZg blocks_root__vE_15\">Ext\u00e9rieur : 100&nbsp;% coton biologique<\/div>\n<p>Instructions d\u2019entretien&nbsp;:<\/p>\n<div class=\"richtext_wrapper__lJjZg blocks_root__vE_15\">Une certaine d\u00e9coloration peut se produire sur les couleurs vives. Laver \u00e0 l\u2019envers. Ne pas repasser sur l\u2019impression. Lavez avec des couleurs similaires.   <\/div>\n<div class=\"productDetails_productDetailsCols__K1qqI\">\n<div class=\"productDetails_productDetailsRow__bHp5_\">\n<div class=\"blocks_mobileInlineWrapper__N_Soc\">Poids : 1g<\/div>\n<\/div>\n<\/div>\n<\/div>\n<\/div>\n<\/div>\n<div class=\"productCollapseSection_productCollapseSection__6fb5x productFeatures_root__BqPE9\">\n<div class=\"productCollapseSection_productCollapseSectionTitle__1Vh_4\">\n<h2 class=\"heading_default__PX0IL heading_style--h3__KKzhL\">Caract\u00e9ristique<\/h2>\n<\/div>\n<div class=\"productCollapseSection_productCollapseSectionContent__VJCb7\">\n<ul>\n<li>Ourlet et poignets c\u00f4tel\u00e9s<\/li>\n<li>Imprim\u00e9 sur la poitrine<\/li>\n<li>Capuche ajustable avec cordon de serrage<\/li>\n<li>Poche kangourou sur le devant<\/li>\n<li>Coton biologique<\/li>\n<\/ul>\n<\/div>\n<\/div>\n","protected":false},"excerpt":{"rendered":"<p>Notre sweat \u00e0 capuche \u00e0 logo HH, confortable et \u00e9l\u00e9gant, offre le summum du confort. Fabriqu\u00e9 en \u00e9ponge de coton<\/p>\n","protected":false},"featured_media":102984,"template":"","meta":{"_seopress_robots_primary_cat":"","_seopress_titles_title":"","_seopress_titles_desc":"","_seopress_robots_index":""},"product_brand":[3646],"product_cat":[1702,1408,81,981,982],"product_tag":[],"class_list":{"0":"post-415719","1":"product","2":"type-product","3":"status-publish","4":"has-post-thumbnail","6":"product_brand-helly-hansen-fr","7":"product_cat-autres","8":"product_cat-equipements-de-loisirs","9":"product_cat-vetements","10":"product_cat-vetements-de-loisirs","11":"product_cat-vetements-pour-hommes","12":"sws-gruppo-abb-libero-fr","13":"sws-categoria-sito-fr","14":"sws-conto-ricavi-merci-rivendita-abbigliamento-fr","15":"sws-gruppo-iva-iva81-fr","17":"first","18":"instock","19":"shipping-taxable","20":"purchasable","21":"product-type-variable"},"_links":{"self":[{"href":"https:\/\/lucacastelli.com\/fr\/wp-json\/wp\/v2\/product\/415719","targetHints":{"allow":["GET"]}}],"collection":[{"href":"https:\/\/lucacastelli.com\/fr\/wp-json\/wp\/v2\/product"}],"about":[{"href":"https:\/\/lucacastelli.com\/fr\/wp-json\/wp\/v2\/types\/product"}],"wp:featuredmedia":[{"embeddable":true,"href":"https:\/\/lucacastelli.com\/fr\/wp-json\/wp\/v2\/media\/102984"}],"wp:attachment":[{"href":"https:\/\/lucacastelli.com\/fr\/wp-json\/wp\/v2\/media?parent=415719"}],"wp:term":[{"taxonomy":"product_brand","embeddable":true,"href":"https:\/\/lucacastelli.com\/fr\/wp-json\/wp\/v2\/product_brand?post=415719"},{"taxonomy":"product_cat","embeddable":true,"href":"https:\/\/lucacastelli.com\/fr\/wp-json\/wp\/v2\/product_cat?post=415719"},{"taxonomy":"product_tag","embeddable":true,"href":"https:\/\/lucacastelli.com\/fr\/wp-json\/wp\/v2\/product_tag?post=415719"}],"curies":[{"name":"wp","href":"https:\/\/api.w.org\/{rel}","templated":true}]}}