{"id":415714,"date":"2025-02-25T17:54:49","date_gmt":"2025-02-25T16:54:49","guid":{"rendered":"https:\/\/lucacastelli.com\/prodotto\/helly-hansen-ocean-polo-2-0-homme\/"},"modified":"2025-06-29T09:52:16","modified_gmt":"2025-06-29T07:52:16","slug":"helly-hansen-ocean-polo-2-0-homme","status":"publish","type":"product","link":"https:\/\/lucacastelli.com\/fr\/produit\/helly-hansen-ocean-polo-2-0-homme\/","title":{"rendered":"Helly Hansen Ocean Polo 2.0 Homme"},"content":{"rendered":"<div class=\"productDetailsSection_productDescriptionSection__FDg0y\">\n<div class=\"productDescription_productDescription__sJIE6\" data-mt-type=\"product-description\">\n<div class=\"richtext_wrapper__lJjZg productDescription_productDescriptionContent__0A3VB\">Notre Ocean Polo 2.0 pour homme avec protection solaire UPF 50 est con\u00e7u pour la croisi\u00e8re par temps chaud. Ce polo l\u00e9ger et technique vous garde au sec dans un confort maximal gr\u00e2ce \u00e0 son tissu \u00e0 s\u00e9chage rapide et respirant. Fabriqu\u00e9 en piqu\u00e9 doux, c\u2019est un choix confortable et respirant avec un look classique pour les journ\u00e9es chaudes en mer ou le long de la c\u00f4te.  <\/div>\n<\/div>\n<\/div>\n<div class=\"productCollapseSection_productCollapseSection__6fb5x\">\n<div class=\"productCollapseSection_productCollapseSectionTitle__1Vh_4\">\n<h2 class=\"heading_default__PX0IL heading_style--h3__KKzhL\">Les tenants et aboutissants<\/h2>\n<\/div>\n<div class=\"productCollapseSection_productCollapseSectionContent__VJCb7\">\n<div class=\"productDetails_productDetails__g_C4N\">Teneur en fibres&nbsp;:<\/p>\n<div class=\"richtext_wrapper__lJjZg blocks_root__vE_15\">Ext\u00e9rieur : 100 % polyamide (recycl\u00e9)<\/div>\n<\/div>\n<\/div>\n<\/div>\n","protected":false},"excerpt":{"rendered":"<p>Notre Ocean Polo 2.0 pour homme avec protection solaire UPF 50 est con\u00e7u pour la croisi\u00e8re par temps chaud. Ce<\/p>\n","protected":false},"featured_media":102970,"template":"","meta":{"_seopress_robots_primary_cat":"","_seopress_titles_title":"","_seopress_titles_desc":"","_seopress_robots_index":""},"product_brand":[3646],"product_cat":[1702,1408,81,981,982],"product_tag":[],"class_list":{"0":"post-415714","1":"product","2":"type-product","3":"status-publish","4":"has-post-thumbnail","6":"product_brand-helly-hansen-fr","7":"product_cat-autres","8":"product_cat-equipements-de-loisirs","9":"product_cat-vetements","10":"product_cat-vetements-de-loisirs","11":"product_cat-vetements-pour-hommes","12":"sws-gruppo-abb-libero-fr","13":"sws-gruppo-no-gruppo-fr","14":"sws-categoria-sito-fr","15":"sws-conto-ricavi-merci-rivendita-abbigliamento-fr","16":"sws-gruppo-iva-iva81-fr","18":"first","19":"instock","20":"shipping-taxable","21":"purchasable","22":"product-type-variable"},"_links":{"self":[{"href":"https:\/\/lucacastelli.com\/fr\/wp-json\/wp\/v2\/product\/415714","targetHints":{"allow":["GET"]}}],"collection":[{"href":"https:\/\/lucacastelli.com\/fr\/wp-json\/wp\/v2\/product"}],"about":[{"href":"https:\/\/lucacastelli.com\/fr\/wp-json\/wp\/v2\/types\/product"}],"wp:featuredmedia":[{"embeddable":true,"href":"https:\/\/lucacastelli.com\/fr\/wp-json\/wp\/v2\/media\/102970"}],"wp:attachment":[{"href":"https:\/\/lucacastelli.com\/fr\/wp-json\/wp\/v2\/media?parent=415714"}],"wp:term":[{"taxonomy":"product_brand","embeddable":true,"href":"https:\/\/lucacastelli.com\/fr\/wp-json\/wp\/v2\/product_brand?post=415714"},{"taxonomy":"product_cat","embeddable":true,"href":"https:\/\/lucacastelli.com\/fr\/wp-json\/wp\/v2\/product_cat?post=415714"},{"taxonomy":"product_tag","embeddable":true,"href":"https:\/\/lucacastelli.com\/fr\/wp-json\/wp\/v2\/product_tag?post=415714"}],"curies":[{"name":"wp","href":"https:\/\/api.w.org\/{rel}","templated":true}]}}