{"id":415694,"date":"2025-02-25T20:15:21","date_gmt":"2025-02-25T19:15:21","guid":{"rendered":"https:\/\/lucacastelli.com\/prodotto\/helly-hansen-veste-en-micropolaire-daybreaker-block-pour-homme-2\/"},"modified":"2026-04-01T01:51:30","modified_gmt":"2026-03-31T23:51:30","slug":"helly-hansen-veste-en-micropolaire-daybreaker-block-pour-homme-2","status":"publish","type":"product","link":"https:\/\/lucacastelli.com\/fr\/produit\/helly-hansen-veste-en-micropolaire-daybreaker-block-pour-homme-2\/","title":{"rendered":"Helly Hansen Veste en micropolaire Daybreaker Block pour homme"},"content":{"rendered":"<div class=\"productDetailsSection_productDescriptionSection__FDg0y\">\n<div class=\"productDescription_productDescription__sJIE6\" data-mt-type=\"product-description\">\n<div class=\"richtext_wrapper__lJjZg productDescription_productDescriptionContent__0A3VB\">Chaude et l\u00e9g\u00e8re, la Daybreaker fait partie des vestes polaires les plus renomm\u00e9es et les plus multifonctionnelles que nous ayons con\u00e7ues. Nous l\u2019avons revisit\u00e9 avec des d\u00e9tails techniques intelligents gr\u00e2ce \u00e0 la contribution et \u00e0 la collaboration de sauveteurs professionnels. Le tissu en micropolaire Polartec\u00ae est respirant et s\u00e8che rapidement. Nous avons ajout\u00e9 des panneaux d\u2019\u00e9paule durables pour une protection accrue contre les intemp\u00e9ries et une durabilit\u00e9. Il dispose d\u2019un col de protection confortable avec mentonni\u00e8re anti-frottement.    <\/div>\n<\/div>\n<\/div>\n<div class=\"productCollapseSection_productCollapseSection__6fb5x\">\n<div class=\"productCollapseSection_productCollapseSectionTitle__1Vh_4\">\n<h2 class=\"heading_default__PX0IL heading_style--h3__KKzhL\">Les tenants et aboutissants<\/h2>\n<\/div>\n<div class=\"productCollapseSection_productCollapseSectionContent__VJCb7\">\n<div class=\"productDetails_productDetails__g_C4N\">Teneur en fibres&nbsp;:<\/p>\n<div class=\"richtext_wrapper__lJjZg blocks_root__vE_15\">Ext\u00e9rieur 2 : 100 % polyester. Doublure&nbsp;: 100&nbsp;% polyester <\/div>\n<p>Instructions d\u2019entretien&nbsp;:<\/p>\n<div class=\"richtext_wrapper__lJjZg blocks_root__vE_15\">Fermez les fermetures \u00e9clair avant le lavage. Lavez avec des couleurs similaires. N\u2019utilisez pas d\u2019assouplissant.  <\/div>\n<div class=\"productDetails_productDetailsCols__K1qqI\">\n<div class=\"productDetails_productDetailsRow__bHp5_\">\n<div class=\"blocks_mobileInlineWrapper__N_Soc\">Poids&nbsp;: 350g<\/div>\n<\/div>\n<\/div>\n<\/div>\n<\/div>\n<\/div>\n<div class=\"productCollapseSection_productCollapseSection__6fb5x productFeatures_root__BqPE9 productFeatures_twoColumnsList__vArq2\">\n<div class=\"productCollapseSection_productCollapseSectionTitle__1Vh_4\">\n<h2 class=\"heading_default__PX0IL heading_style--h3__KKzhL\">Caract\u00e9ristique<\/h2>\n<\/div>\n<div class=\"productCollapseSection_productCollapseSectionContent__VJCb7\">\n<ul>\n<li>Polartec\u00ae<\/li>\n<li>Tissu micropolaire<\/li>\n<li>Construction hybride<\/li>\n<li>Poche poitrine zipp\u00e9e YKK<\/li>\n<li>Poches pour les mains zipp\u00e9es YKK\u00ae<\/li>\n<\/ul>\n<\/div>\n<\/div>\n","protected":false},"excerpt":{"rendered":"<p>Chaude et l\u00e9g\u00e8re, la Daybreaker fait partie des vestes polaires les plus renomm\u00e9es et les plus multifonctionnelles que nous ayons<\/p>\n","protected":false},"featured_media":103015,"template":"","meta":{"_seopress_robots_primary_cat":"","_seopress_titles_title":"","_seopress_titles_desc":"","_seopress_robots_index":""},"product_brand":[3646],"product_cat":[1702,1408,81,981,982],"product_tag":[],"class_list":{"0":"post-415694","1":"product","2":"type-product","3":"status-publish","4":"has-post-thumbnail","6":"product_brand-helly-hansen-fr","7":"product_cat-autres","8":"product_cat-equipements-de-loisirs","9":"product_cat-vetements","10":"product_cat-vetements-de-loisirs","11":"product_cat-vetements-pour-hommes","12":"sws-gruppo-abb-libero-fr","13":"sws-categoria-sito-fr","14":"sws-conto-ricavi-merci-rivendita-abbigliamento-fr","15":"sws-gruppo-iva-iva81-fr","17":"first","18":"instock","19":"shipping-taxable","20":"purchasable","21":"product-type-variable"},"_links":{"self":[{"href":"https:\/\/lucacastelli.com\/fr\/wp-json\/wp\/v2\/product\/415694","targetHints":{"allow":["GET"]}}],"collection":[{"href":"https:\/\/lucacastelli.com\/fr\/wp-json\/wp\/v2\/product"}],"about":[{"href":"https:\/\/lucacastelli.com\/fr\/wp-json\/wp\/v2\/types\/product"}],"wp:featuredmedia":[{"embeddable":true,"href":"https:\/\/lucacastelli.com\/fr\/wp-json\/wp\/v2\/media\/103015"}],"wp:attachment":[{"href":"https:\/\/lucacastelli.com\/fr\/wp-json\/wp\/v2\/media?parent=415694"}],"wp:term":[{"taxonomy":"product_brand","embeddable":true,"href":"https:\/\/lucacastelli.com\/fr\/wp-json\/wp\/v2\/product_brand?post=415694"},{"taxonomy":"product_cat","embeddable":true,"href":"https:\/\/lucacastelli.com\/fr\/wp-json\/wp\/v2\/product_cat?post=415694"},{"taxonomy":"product_tag","embeddable":true,"href":"https:\/\/lucacastelli.com\/fr\/wp-json\/wp\/v2\/product_tag?post=415694"}],"curies":[{"name":"wp","href":"https:\/\/api.w.org\/{rel}","templated":true}]}}