{"id":415656,"date":"2025-02-25T20:45:32","date_gmt":"2025-02-25T19:45:32","guid":{"rendered":"https:\/\/lucacastelli.com\/prodotto\/helly-hansen-hommes-varberg-classic-marine-lifestyle-chaussures\/"},"modified":"2026-03-02T15:11:36","modified_gmt":"2026-03-02T14:11:36","slug":"helly-hansen-hommes-varberg-classic-marine-lifestyle-chaussures","status":"publish","type":"product","link":"https:\/\/lucacastelli.com\/fr\/produit\/helly-hansen-hommes-varberg-classic-marine-lifestyle-chaussures\/","title":{"rendered":"Chaussures Lifestyle Marine Varberg Classic pour Homme Helly Hansen"},"content":{"rendered":"<p>Notre \u00e9quipe a r\u00e9volutionn\u00e9 l&#8217;esth\u00e9tique classique de la semelle cupsole avec les chaussures Lifestyle Marine Varberg Classic pour homme. Alors que les chaussures \u00e0 semelle cupsole ont g\u00e9n\u00e9ralement un amorti limit\u00e9 en raison du caoutchouc, ces chaussures sont dot\u00e9es de la semelle de confort HH\u00ae pour un confort et un soutien exceptionnels. La technologie HH\u00ae Max-Grip assure une traction sur surfaces mouill\u00e9es comme s\u00e8ches, et la semelle en caoutchouc ne laisse pas de traces. Le design \u00e9l\u00e9gant et minimaliste pr\u00e9sente notre motif signature \u00e0 double voile et le logo HH sur la languette. De plus, ces chaussures sont fabriqu\u00e9es avec du cuir certif    <\/p>\n<h2>D\u00e9tails<\/h2>\n<p>Composition des fibres :<\/p>\n<p>&#8211; Tige : 97 % cuir 3 % polyur\u00e9thane &#8211; Tige 2 : 60 % polyur\u00e9thane 40 % polyamide (recycl\u00e9) &#8211; Doublure : 100 % polyester (recycl\u00e9) &#8211; Semelle : 100 % caoutchouc<\/p>\n<p>Poids : 300 g<\/p>\n<h2>Fonctionnalit\u00e9s<\/h2>\n<ul>\n<li>Semelle de confort HH\u00ae<\/li>\n<li>HH\u00ae Max-Grip<\/li>\n<li>Lacet 100 % recycl\u00e9<\/li>\n<li>\u00c9tiquette de marque en tissu polyester 100 % recycl\u00e9<\/li>\n<li>Doublure 100 % recycl\u00e9e<\/li>\n<li>Caoutchouc 30 % recycl\u00e9<\/li>\n<li>Semelle interm\u00e9diaire EVA 30 % recycl\u00e9e<\/li>\n<li>Semelle en caoutchouc vulcanis\u00e9 pour adh\u00e9rence et r\u00e9sistance \u00e0 la temp\u00e9rature<\/li>\n<li>Strobel polyester 100 % recycl\u00e9<\/li>\n<li>Traitement antimicrobien pour pr\u00e9venir les odeurs<\/li>\n<li>Semelles en caoutchouc ne laissant pas de traces<\/li>\n<li>Cuir de premi\u00e8re qualit\u00e9<\/li>\n<li>DWR sans PFC<\/li>\n<li>Cuir LWG<\/li>\n<\/ul>\n<p>&nbsp;<\/p>\n","protected":false},"excerpt":{"rendered":"<p>Notre \u00e9quipe a r\u00e9volutionn\u00e9 l&#8217;esth\u00e9tique classique de la semelle cupsole avec les chaussures Lifestyle Marine Varberg Classic pour homme. Alors<\/p>\n","protected":false},"featured_media":103051,"template":"","meta":{"_seopress_robots_primary_cat":"","_seopress_titles_title":"","_seopress_titles_desc":"","_seopress_robots_index":""},"product_brand":[3646],"product_cat":[1381,173,1420,1432],"product_tag":[],"class_list":{"0":"post-415656","1":"product","2":"type-product","3":"status-publish","4":"has-post-thumbnail","6":"product_brand-helly-hansen-fr","7":"product_cat-vetements-de-travail","8":"product_cat-chaussures","9":"product_cat-chaussures-de-loisirs","10":"product_cat-chaussures-pour-hommes","11":"sws-gruppo-abb-libero-fr","12":"sws-conto-ricavi-merci-rivendita-abbigliamento-fr","13":"sws-gruppo-iva-iva81-fr","15":"first","16":"instock","17":"shipping-taxable","18":"purchasable","19":"product-type-variable"},"_links":{"self":[{"href":"https:\/\/lucacastelli.com\/fr\/wp-json\/wp\/v2\/product\/415656","targetHints":{"allow":["GET"]}}],"collection":[{"href":"https:\/\/lucacastelli.com\/fr\/wp-json\/wp\/v2\/product"}],"about":[{"href":"https:\/\/lucacastelli.com\/fr\/wp-json\/wp\/v2\/types\/product"}],"wp:featuredmedia":[{"embeddable":true,"href":"https:\/\/lucacastelli.com\/fr\/wp-json\/wp\/v2\/media\/103051"}],"wp:attachment":[{"href":"https:\/\/lucacastelli.com\/fr\/wp-json\/wp\/v2\/media?parent=415656"}],"wp:term":[{"taxonomy":"product_brand","embeddable":true,"href":"https:\/\/lucacastelli.com\/fr\/wp-json\/wp\/v2\/product_brand?post=415656"},{"taxonomy":"product_cat","embeddable":true,"href":"https:\/\/lucacastelli.com\/fr\/wp-json\/wp\/v2\/product_cat?post=415656"},{"taxonomy":"product_tag","embeddable":true,"href":"https:\/\/lucacastelli.com\/fr\/wp-json\/wp\/v2\/product_tag?post=415656"}],"curies":[{"name":"wp","href":"https:\/\/api.w.org\/{rel}","templated":true}]}}