{"id":415623,"date":"2025-02-25T21:06:34","date_gmt":"2025-02-25T20:06:34","guid":{"rendered":"https:\/\/lucacastelli.com\/prodotto\/helly-hansen-veste-softshell-crew-homme-2-0\/"},"modified":"2026-04-01T01:51:30","modified_gmt":"2026-03-31T23:51:30","slug":"helly-hansen-veste-softshell-crew-homme-2-0","status":"publish","type":"product","link":"https:\/\/lucacastelli.com\/fr\/produit\/helly-hansen-veste-softshell-crew-homme-2-0\/","title":{"rendered":"Helly Hansen Veste Softshell Crew Homme 2.0"},"content":{"rendered":"<div class=\"productDetailsSection_productDescriptionSection__FDg0y\">\n<div class=\"productDescription_productDescription__sJIE6\" data-mt-type=\"product-description\">\n<div class=\"richtext_wrapper__lJjZg productDescription_productDescriptionContent__0A3VB\">Gr\u00e2ce \u00e0 un traitement hydrophobe et \u00e0 sa doublure douce en polaire bross\u00e9e, notre veste Crew Softshell vous prot\u00e8ge du vent et de la pluie tout en vous offrant plus de chaleur. La coupe \u00e9l\u00e9gante et le tissu extensible de cette veste HH\u00ae offrent une grande libert\u00e9 de mouvement, la rendant id\u00e9ale aussi bien en ville qu&#8217;en bateau. <\/div>\n<\/div>\n<\/div>\n<div class=\"productCollapseSection_productCollapseSection__6fb5x\">\n<div class=\"productCollapseSection_productCollapseSectionTitle__1Vh_4\">\n<h2 class=\"heading_default__PX0IL heading_style--h3__KKzhL\">D\u00e9tails<\/h2>\n<\/div>\n<div class=\"productCollapseSection_productCollapseSectionContent__VJCb7\">\n<div class=\"productDetails_productDetails__g_C4N\">\n<p>Composition des fibres :<\/p>\n<div class=\"richtext_wrapper__lJjZg blocks_root__vE_15\">Ext\u00e9rieur : 90 % polyester (recycl\u00e9), 10 % \u00e9lasthanne. Doublure : 100 % polyester<\/div>\n<p>Instructions d&#8217;entretien :<\/p>\n<div class=\"richtext_wrapper__lJjZg blocks_root__vE_15\">Fermez les zips avant le lavage. Ne pas utiliser d&#8217;adoucissant. Laver avec des couleurs similaires.<\/div>\n<div class=\"productDetails_productDetailsCols__K1qqI\"><\/div>\n<\/div>\n<\/div>\n<\/div>\n<div class=\"productCollapseSection_productCollapseSection__6fb5x productFeatures_root__BqPE9\">\n<div class=\"productCollapseSection_productCollapseSectionTitle__1Vh_4\">\n<h2 class=\"heading_default__PX0IL heading_style--h3__KKzhL\">Fonctionnalit\u00e9s<\/h2>\n<\/div>\n<div class=\"productCollapseSection_productCollapseSectionContent__VJCb7\">\n<ul>\n<li>Fermeture \u00e0 glissi\u00e8re YKK<\/li>\n<li>Int\u00e9rieur du col en tricot bross\u00e9<\/li>\n<li>Poitrine et poches pour les mains avec fermetures \u00e9clair YKK\u00ae<\/li>\n<li>Poches pour les mains avec doublure bross\u00e9e<\/li>\n<li>Logo HH\u00ae imprim\u00e9<\/li>\n<li>produit bluesign<\/li>\n<\/ul>\n<\/div>\n<\/div>\n","protected":false},"excerpt":{"rendered":"<p>Gr\u00e2ce \u00e0 un traitement hydrophobe et \u00e0 sa doublure douce en polaire bross\u00e9e, notre veste Crew Softshell vous prot\u00e8ge du<\/p>\n","protected":false},"featured_media":103089,"template":"","meta":{"_seopress_robots_primary_cat":"none","_seopress_titles_title":"","_seopress_titles_desc":"","_seopress_robots_index":""},"product_brand":[3646],"product_cat":[1702,1408,81,981,982],"product_tag":[],"class_list":{"0":"post-415623","1":"product","2":"type-product","3":"status-publish","4":"has-post-thumbnail","6":"product_brand-helly-hansen-fr","7":"product_cat-autres","8":"product_cat-equipements-de-loisirs","9":"product_cat-vetements","10":"product_cat-vetements-de-loisirs","11":"product_cat-vetements-pour-hommes","12":"sws-gruppo-abb-libero-fr","13":"sws-categoria-sito-fr","14":"sws-conto-ricavi-merci-rivendita-abbigliamento-fr","15":"sws-gruppo-iva-iva81-fr","17":"first","18":"instock","19":"shipping-taxable","20":"purchasable","21":"product-type-variable"},"_links":{"self":[{"href":"https:\/\/lucacastelli.com\/fr\/wp-json\/wp\/v2\/product\/415623","targetHints":{"allow":["GET"]}}],"collection":[{"href":"https:\/\/lucacastelli.com\/fr\/wp-json\/wp\/v2\/product"}],"about":[{"href":"https:\/\/lucacastelli.com\/fr\/wp-json\/wp\/v2\/types\/product"}],"wp:featuredmedia":[{"embeddable":true,"href":"https:\/\/lucacastelli.com\/fr\/wp-json\/wp\/v2\/media\/103089"}],"wp:attachment":[{"href":"https:\/\/lucacastelli.com\/fr\/wp-json\/wp\/v2\/media?parent=415623"}],"wp:term":[{"taxonomy":"product_brand","embeddable":true,"href":"https:\/\/lucacastelli.com\/fr\/wp-json\/wp\/v2\/product_brand?post=415623"},{"taxonomy":"product_cat","embeddable":true,"href":"https:\/\/lucacastelli.com\/fr\/wp-json\/wp\/v2\/product_cat?post=415623"},{"taxonomy":"product_tag","embeddable":true,"href":"https:\/\/lucacastelli.com\/fr\/wp-json\/wp\/v2\/product_tag?post=415623"}],"curies":[{"name":"wp","href":"https:\/\/api.w.org\/{rel}","templated":true}]}}