{"id":415596,"date":"2025-02-25T14:04:14","date_gmt":"2025-02-25T13:04:14","guid":{"rendered":"https:\/\/lucacastelli.com\/prodotto\/helly-hansen-t-shirt-homme-hh-logo-3-0\/"},"modified":"2025-06-29T09:51:45","modified_gmt":"2025-06-29T07:51:45","slug":"helly-hansen-t-shirt-homme-hh-logo-3-0","status":"publish","type":"product","link":"https:\/\/lucacastelli.com\/fr\/produit\/helly-hansen-t-shirt-homme-hh-logo-3-0\/","title":{"rendered":"Helly Hansen T-shirt Homme HH Logo 3.0"},"content":{"rendered":"<div class=\"productDetailsSection_productDescriptionSection__FDg0y\">\n<div class=\"productDescription_productDescription__sJIE6\" data-mt-type=\"product-description\">\n<div class=\"richtext_wrapper__lJjZg productDescription_productDescriptionContent__0A3VB\">Nous avons r\u00e9invent\u00e9 notre t-shirt \u00e0 logo le plus vendu avec une meilleure coupe. Con\u00e7u pour un usage quotidien, ce maillot Regular Fit est confectionn\u00e9 en coton pour plus de confort. Id\u00e9al sur les sentiers et en bord de mer mais aussi en ville, ce T-shirt est un v\u00eatement vraiment polyvalent.  <\/div>\n<\/div>\n<\/div>\n<div class=\"productCollapseSection_productCollapseSection__6fb5x\">\n<div class=\"productCollapseSection_productCollapseSectionTitle__1Vh_4\">\n<h2 class=\"heading_default__PX0IL heading_style--h3__KKzhL\">Les tenants et aboutissants<\/h2>\n<\/div>\n<div class=\"productCollapseSection_productCollapseSectionContent__VJCb7\">\n<div class=\"productDetails_productDetails__g_C4N\">Teneur en fibres&nbsp;:<\/p>\n<div class=\"richtext_wrapper__lJjZg blocks_root__vE_15\">Ext\u00e9rieur : 100 % coton<\/div>\n<p>Instructions d\u2019entretien&nbsp;:<\/p>\n<div class=\"richtext_wrapper__lJjZg blocks_root__vE_15\">Lavez avec des couleurs similaires. Laver \u00e0 l\u2019envers. Une certaine d\u00e9coloration peut se produire sur les couleurs vives. Ne pas repasser sur l\u2019impression.   <\/div>\n<div class=\"productDetails_productDetailsCols__K1qqI\">\n<div class=\"productDetails_productDetailsRow__bHp5_\">\n<div class=\"blocks_mobileInlineWrapper__N_Soc\">Poids : 0g<\/div>\n<\/div>\n<\/div>\n<\/div>\n<\/div>\n<\/div>\n<div class=\"productCollapseSection_productCollapseSection__6fb5x productFeatures_root__BqPE9\">\n<div class=\"productCollapseSection_productCollapseSectionTitle__1Vh_4\">\n<h2 class=\"heading_default__PX0IL heading_style--h3__KKzhL\">Caract\u00e9ristique<\/h2>\n<\/div>\n<div class=\"productCollapseSection_productCollapseSectionContent__VJCb7\">\n<ul>\n<li>Col ras du cou<\/li>\n<li>Imprim\u00e9 poitrine<\/li>\n<\/ul>\n<\/div>\n<\/div>\n","protected":false},"excerpt":{"rendered":"<p>Nous avons r\u00e9invent\u00e9 notre t-shirt \u00e0 logo le plus vendu avec une meilleure coupe. Con\u00e7u pour un usage quotidien, ce<\/p>\n","protected":false},"featured_media":102881,"template":"","meta":{"_seopress_robots_primary_cat":"","_seopress_titles_title":"","_seopress_titles_desc":"","_seopress_robots_index":""},"product_brand":[3646],"product_cat":[1702,1408,81,981,982],"product_tag":[],"class_list":{"0":"post-415596","1":"product","2":"type-product","3":"status-publish","4":"has-post-thumbnail","6":"product_brand-helly-hansen-fr","7":"product_cat-autres","8":"product_cat-equipements-de-loisirs","9":"product_cat-vetements","10":"product_cat-vetements-de-loisirs","11":"product_cat-vetements-pour-hommes","12":"sws-gruppo-abb-libero-fr","13":"sws-gruppo-no-gruppo-fr","14":"sws-categoria-sito-fr","15":"sws-conto-ricavi-merci-rivendita-abbigliamento-fr","16":"sws-gruppo-iva-iva81-fr","18":"first","19":"instock","20":"shipping-taxable","21":"purchasable","22":"product-type-variable"},"_links":{"self":[{"href":"https:\/\/lucacastelli.com\/fr\/wp-json\/wp\/v2\/product\/415596","targetHints":{"allow":["GET"]}}],"collection":[{"href":"https:\/\/lucacastelli.com\/fr\/wp-json\/wp\/v2\/product"}],"about":[{"href":"https:\/\/lucacastelli.com\/fr\/wp-json\/wp\/v2\/types\/product"}],"wp:featuredmedia":[{"embeddable":true,"href":"https:\/\/lucacastelli.com\/fr\/wp-json\/wp\/v2\/media\/102881"}],"wp:attachment":[{"href":"https:\/\/lucacastelli.com\/fr\/wp-json\/wp\/v2\/media?parent=415596"}],"wp:term":[{"taxonomy":"product_brand","embeddable":true,"href":"https:\/\/lucacastelli.com\/fr\/wp-json\/wp\/v2\/product_brand?post=415596"},{"taxonomy":"product_cat","embeddable":true,"href":"https:\/\/lucacastelli.com\/fr\/wp-json\/wp\/v2\/product_cat?post=415596"},{"taxonomy":"product_tag","embeddable":true,"href":"https:\/\/lucacastelli.com\/fr\/wp-json\/wp\/v2\/product_tag?post=415596"}],"curies":[{"name":"wp","href":"https:\/\/api.w.org\/{rel}","templated":true}]}}