{"id":415554,"date":"2025-04-07T16:53:00","date_gmt":"2025-04-07T14:53:00","guid":{"rendered":"https:\/\/lucacastelli.com\/prodotto\/band-band-norge-early\/"},"modified":"2026-03-01T00:15:24","modified_gmt":"2026-02-28T23:15:24","slug":"band-band-norge-early","status":"publish","type":"product","link":"https:\/\/lucacastelli.com\/fr\/produit\/band-band-norge-early\/","title":{"rendered":"BAND BAND NORGE EARLY"},"content":{"rendered":"<p>Bandeau en laine, fabriqu\u00e9 en Italie, dans le \u00ab&nbsp;style norv\u00e9gien fait \u00e0 la main&nbsp;\u00bb caract\u00e9ristique avec des designs exclusifs cr\u00e9\u00e9s sp\u00e9cialement pour les \u00ab&nbsp;fans fous&nbsp;\u00bb qui aiment porter quelque chose qui \u00e9voque leur marque pr\u00e9f\u00e9r\u00e9e pour des s\u00e9ances de faible intensit\u00e9 et des activit\u00e9s de loisirs les jours froids.<br \/>\nAvec doublure en polaire, pour une sensation plus confortable sur la peau.<\/p>\n<p>POIDS&nbsp;: 71 gr<\/p>\n","protected":false},"excerpt":{"rendered":"<p>Bandeau en laine, fabriqu\u00e9 en Italie, dans le \u00ab&nbsp;style norv\u00e9gien fait \u00e0 la main&nbsp;\u00bb caract\u00e9ristique avec des designs exclusifs cr\u00e9\u00e9s<\/p>\n","protected":false},"featured_media":405066,"template":"","meta":{"_seopress_robots_primary_cat":"","_seopress_titles_title":"","_seopress_titles_desc":"","_seopress_robots_index":""},"product_brand":[3413],"product_cat":[21,186],"product_tag":[],"class_list":{"0":"post-415554","1":"product","2":"type-product","3":"status-publish","4":"has-post-thumbnail","6":"product_brand-crazy","7":"product_cat-abbigliamento","8":"product_cat-accessori-per-labbigliamento","9":"sws-gruppo-abb-libero","10":"sws-conto-ricavi-merci-rivendita-abbigliamento","11":"sws-gruppo-iva-iva81","13":"first","14":"instock","15":"sale","16":"shipping-taxable","17":"purchasable","18":"product-type-simple"},"_links":{"self":[{"href":"https:\/\/lucacastelli.com\/fr\/wp-json\/wp\/v2\/product\/415554","targetHints":{"allow":["GET"]}}],"collection":[{"href":"https:\/\/lucacastelli.com\/fr\/wp-json\/wp\/v2\/product"}],"about":[{"href":"https:\/\/lucacastelli.com\/fr\/wp-json\/wp\/v2\/types\/product"}],"wp:featuredmedia":[{"embeddable":true,"href":"https:\/\/lucacastelli.com\/fr\/wp-json\/wp\/v2\/media\/405066"}],"wp:attachment":[{"href":"https:\/\/lucacastelli.com\/fr\/wp-json\/wp\/v2\/media?parent=415554"}],"wp:term":[{"taxonomy":"product_brand","embeddable":true,"href":"https:\/\/lucacastelli.com\/fr\/wp-json\/wp\/v2\/product_brand?post=415554"},{"taxonomy":"product_cat","embeddable":true,"href":"https:\/\/lucacastelli.com\/fr\/wp-json\/wp\/v2\/product_cat?post=415554"},{"taxonomy":"product_tag","embeddable":true,"href":"https:\/\/lucacastelli.com\/fr\/wp-json\/wp\/v2\/product_tag?post=415554"}],"curies":[{"name":"wp","href":"https:\/\/api.w.org\/{rel}","templated":true}]}}