{"id":415552,"date":"2025-04-07T16:53:00","date_gmt":"2025-04-07T14:53:00","guid":{"rendered":"https:\/\/lucacastelli.com\/prodotto\/crazy-casquette-spire-thermo-femme\/"},"modified":"2026-03-02T14:54:13","modified_gmt":"2026-03-02T13:54:13","slug":"crazy-casquette-spire-thermo-femme","status":"publish","type":"product","link":"https:\/\/lucacastelli.com\/fr\/produit\/crazy-casquette-spire-thermo-femme\/","title":{"rendered":"CRAZY CAP SPIRE THERMO WOMAN"},"content":{"rendered":"<p>Bonnet femme sp\u00e9cifique pour la course et le ski-alpinisme, avec ouverture \u00e0 l&#8217;arri\u00e8re de la nuque pour maintenir les cheveux longs. Tr\u00e8s confortable, id\u00e9al pour la plupart des sports, y compris les activit\u00e9s \u00e0 haute intensit\u00e9 lors des journ\u00e9es froides ou venteuses.<br \/>\nFabriqu\u00e9 en Vuelta, un tissu chaud et respirant produit en Italie, avec coutures plates contrast\u00e9es, en diff\u00e9rents mod\u00e8les ou coloris unis \u00e0 assortir \u00e0 la palette chromatique de la collection. Logo r\u00e9fl\u00e9chissant.  <\/p>\n<p>POIDS : 40 g<\/p>\n","protected":false},"excerpt":{"rendered":"<p>Bonnet femme sp\u00e9cifique pour la course et le ski-alpinisme, avec ouverture \u00e0 l&#8217;arri\u00e8re de la nuque pour maintenir les cheveux<\/p>\n","protected":false},"featured_media":405042,"template":"","meta":{"_seopress_robots_primary_cat":"none","_seopress_titles_title":"","_seopress_titles_desc":"","_seopress_robots_index":""},"product_brand":[3413],"product_cat":[21,186],"product_tag":[],"class_list":{"0":"post-415552","1":"product","2":"type-product","3":"status-publish","4":"has-post-thumbnail","6":"product_brand-crazy","7":"product_cat-abbigliamento","8":"product_cat-accessori-per-labbigliamento","9":"sws-gruppo-abb-libero-fr","10":"sws-conto-ricavi-merci-rivendita-abbigliamento-fr","11":"sws-gruppo-iva-iva81-fr","13":"first","14":"outofstock","15":"sale","16":"shipping-taxable","17":"product-type-variable"},"_links":{"self":[{"href":"https:\/\/lucacastelli.com\/fr\/wp-json\/wp\/v2\/product\/415552","targetHints":{"allow":["GET"]}}],"collection":[{"href":"https:\/\/lucacastelli.com\/fr\/wp-json\/wp\/v2\/product"}],"about":[{"href":"https:\/\/lucacastelli.com\/fr\/wp-json\/wp\/v2\/types\/product"}],"wp:featuredmedia":[{"embeddable":true,"href":"https:\/\/lucacastelli.com\/fr\/wp-json\/wp\/v2\/media\/405042"}],"wp:attachment":[{"href":"https:\/\/lucacastelli.com\/fr\/wp-json\/wp\/v2\/media?parent=415552"}],"wp:term":[{"taxonomy":"product_brand","embeddable":true,"href":"https:\/\/lucacastelli.com\/fr\/wp-json\/wp\/v2\/product_brand?post=415552"},{"taxonomy":"product_cat","embeddable":true,"href":"https:\/\/lucacastelli.com\/fr\/wp-json\/wp\/v2\/product_cat?post=415552"},{"taxonomy":"product_tag","embeddable":true,"href":"https:\/\/lucacastelli.com\/fr\/wp-json\/wp\/v2\/product_tag?post=415552"}],"curies":[{"name":"wp","href":"https:\/\/api.w.org\/{rel}","templated":true}]}}