{"id":415545,"date":"2025-04-07T16:53:00","date_gmt":"2025-04-07T16:53:00","guid":{"rendered":"https:\/\/lucacastelli.com\/prodotto\/crazy-interrupteur-de-capuchon-4\/"},"modified":"2026-04-17T13:13:12","modified_gmt":"2026-04-17T11:13:12","slug":"crazy-interrupteur-de-capuchon-4","status":"publish","type":"product","link":"https:\/\/lucacastelli.com\/fr\/produit\/crazy-interrupteur-de-capuchon-4\/","title":{"rendered":"CRAZY CAP SWITCH"},"content":{"rendered":"<p>Bonnet pour activit\u00e9s de plein air d\u2019intensit\u00e9 mod\u00e9r\u00e9e.<br \/>\nEn tissu HP 3D chaud, doux et respirant<br \/>\n&#8211; double couche sur le front, pour une double protection contre l\u2019air froid.<\/p>\n","protected":false},"excerpt":{"rendered":"<p>Bonnet pour activit\u00e9s de plein air d\u2019intensit\u00e9 mod\u00e9r\u00e9e. En tissu HP 3D chaud, doux et respirant &#8211; double couche sur<\/p>\n","protected":false},"featured_media":405006,"template":"","meta":{"_seopress_robots_primary_cat":"","_seopress_titles_title":"","_seopress_titles_desc":"","_seopress_robots_index":""},"product_brand":[3616],"product_cat":[1390,81],"product_tag":[],"class_list":{"0":"post-415545","1":"product","2":"type-product","3":"status-publish","4":"has-post-thumbnail","6":"product_brand-crazy-fr","7":"product_cat-accessoires-dhabillement","8":"product_cat-vetements","9":"sws-gruppo-abb-libero-fr","10":"sws-conto-ricavi-merci-rivendita-abbigliamento-fr","11":"sws-gruppo-iva-iva81-fr","13":"first","14":"instock","15":"sale","16":"shipping-taxable","17":"purchasable","18":"product-type-variable"},"_links":{"self":[{"href":"https:\/\/lucacastelli.com\/fr\/wp-json\/wp\/v2\/product\/415545","targetHints":{"allow":["GET"]}}],"collection":[{"href":"https:\/\/lucacastelli.com\/fr\/wp-json\/wp\/v2\/product"}],"about":[{"href":"https:\/\/lucacastelli.com\/fr\/wp-json\/wp\/v2\/types\/product"}],"wp:featuredmedia":[{"embeddable":true,"href":"https:\/\/lucacastelli.com\/fr\/wp-json\/wp\/v2\/media\/405006"}],"wp:attachment":[{"href":"https:\/\/lucacastelli.com\/fr\/wp-json\/wp\/v2\/media?parent=415545"}],"wp:term":[{"taxonomy":"product_brand","embeddable":true,"href":"https:\/\/lucacastelli.com\/fr\/wp-json\/wp\/v2\/product_brand?post=415545"},{"taxonomy":"product_cat","embeddable":true,"href":"https:\/\/lucacastelli.com\/fr\/wp-json\/wp\/v2\/product_cat?post=415545"},{"taxonomy":"product_tag","embeddable":true,"href":"https:\/\/lucacastelli.com\/fr\/wp-json\/wp\/v2\/product_tag?post=415545"}],"curies":[{"name":"wp","href":"https:\/\/api.w.org\/{rel}","templated":true}]}}