{"id":415543,"date":"2025-04-07T16:53:00","date_gmt":"2025-04-07T14:53:00","guid":{"rendered":"https:\/\/lucacastelli.com\/prodotto\/crazy-casquette-link-extrafleece-gris-fonce\/"},"modified":"2026-03-01T00:15:24","modified_gmt":"2026-02-28T23:15:24","slug":"crazy-casquette-link-extrafleece-gris-fonce","status":"publish","type":"product","link":"https:\/\/lucacastelli.com\/fr\/produit\/crazy-casquette-link-extrafleece-gris-fonce\/","title":{"rendered":"CRAZY CASQUETTE LINK EXTRAFLEECE GRIS FONC\u00c9"},"content":{"rendered":"<p>Tour de cou polyvalent tr\u00e8s chaud qui se transforme en bonnet si n\u00e9cessaire.<br \/>\nFabriqu\u00e9 \u00e0 partir de doux Fluffy Warm, notre mat\u00e9riau semblable \u00e0 de la fourrure, il est dot\u00e9 d\u2019un cordon de serrage \u00e9lastique r\u00e9glable qui peut \u00eatre resserr\u00e9 pour transformer le tube en bonnet.<\/p>\n<p>POIDS&nbsp;: 79 gr<\/p>\n","protected":false},"excerpt":{"rendered":"<p>Tour de cou polyvalent tr\u00e8s chaud qui se transforme en bonnet si n\u00e9cessaire. Fabriqu\u00e9 \u00e0 partir de doux Fluffy Warm,<\/p>\n","protected":false},"featured_media":405061,"template":"","meta":{"_seopress_robots_primary_cat":"","_seopress_titles_title":"","_seopress_titles_desc":"","_seopress_robots_index":""},"product_brand":[3413],"product_cat":[21,186],"product_tag":[],"class_list":{"0":"post-415543","1":"product","2":"type-product","3":"status-publish","4":"has-post-thumbnail","6":"product_brand-crazy","7":"product_cat-abbigliamento","8":"product_cat-accessori-per-labbigliamento","9":"sws-gruppo-abb-libero","10":"sws-conto-ricavi-merci-rivendita-abbigliamento","11":"sws-gruppo-iva-iva81","13":"first","14":"instock","15":"sale","16":"shipping-taxable","17":"purchasable","18":"product-type-simple"},"_links":{"self":[{"href":"https:\/\/lucacastelli.com\/fr\/wp-json\/wp\/v2\/product\/415543","targetHints":{"allow":["GET"]}}],"collection":[{"href":"https:\/\/lucacastelli.com\/fr\/wp-json\/wp\/v2\/product"}],"about":[{"href":"https:\/\/lucacastelli.com\/fr\/wp-json\/wp\/v2\/types\/product"}],"wp:featuredmedia":[{"embeddable":true,"href":"https:\/\/lucacastelli.com\/fr\/wp-json\/wp\/v2\/media\/405061"}],"wp:attachment":[{"href":"https:\/\/lucacastelli.com\/fr\/wp-json\/wp\/v2\/media?parent=415543"}],"wp:term":[{"taxonomy":"product_brand","embeddable":true,"href":"https:\/\/lucacastelli.com\/fr\/wp-json\/wp\/v2\/product_brand?post=415543"},{"taxonomy":"product_cat","embeddable":true,"href":"https:\/\/lucacastelli.com\/fr\/wp-json\/wp\/v2\/product_cat?post=415543"},{"taxonomy":"product_tag","embeddable":true,"href":"https:\/\/lucacastelli.com\/fr\/wp-json\/wp\/v2\/product_tag?post=415543"}],"curies":[{"name":"wp","href":"https:\/\/api.w.org\/{rel}","templated":true}]}}