{"id":415537,"date":"2025-04-07T16:53:00","date_gmt":"2025-04-07T16:53:00","guid":{"rendered":"https:\/\/lucacastelli.com\/prodotto\/crazy-cap-spire-thermo-homme-2\/"},"modified":"2026-04-17T13:15:43","modified_gmt":"2026-04-17T11:15:43","slug":"crazy-cap-spire-thermo-homme-2","status":"publish","type":"product","link":"https:\/\/lucacastelli.com\/fr\/produit\/crazy-cap-spire-thermo-homme-2\/","title":{"rendered":"CRAZY CAP SPIRE THERMO MAN"},"content":{"rendered":"<p>Bonnet pour la course et le ski-alpinisme, id\u00e9al pour les activit\u00e9s \u00e0 haute intensit\u00e9 lors de journ\u00e9es particuli\u00e8rement froides ou venteuses.<br \/>\nFabriqu\u00e9 en Vuelta, un tissu chaud et respirant produit en Italie, avec des coutures plates contrast\u00e9es, en diff\u00e9rents mod\u00e8les ou uni pour s&#8217;harmoniser avec la palette chromatique de la collection. Logo r\u00e9fl\u00e9chissant. <\/p>\n<p>&nbsp;<\/p>\n<p>Poids : 40 g<\/p>\n","protected":false},"excerpt":{"rendered":"<p>Bonnet pour la course et le ski-alpinisme, id\u00e9al pour les activit\u00e9s \u00e0 haute intensit\u00e9 lors de journ\u00e9es particuli\u00e8rement froides ou<\/p>\n","protected":false},"featured_media":405048,"template":"","meta":{"_seopress_robots_primary_cat":"","_seopress_titles_title":"","_seopress_titles_desc":"","_seopress_robots_index":""},"product_brand":[3616],"product_cat":[1390,81],"product_tag":[],"class_list":{"0":"post-415537","1":"product","2":"type-product","3":"status-publish","4":"has-post-thumbnail","6":"product_brand-crazy-fr","7":"product_cat-accessoires-dhabillement","8":"product_cat-vetements","9":"sws-gruppo-abb-libero-fr","10":"sws-conto-ricavi-merci-rivendita-abbigliamento-fr","11":"sws-gruppo-iva-iva81-fr","13":"first","14":"instock","15":"sale","16":"shipping-taxable","17":"purchasable","18":"product-type-variable"},"_links":{"self":[{"href":"https:\/\/lucacastelli.com\/fr\/wp-json\/wp\/v2\/product\/415537","targetHints":{"allow":["GET"]}}],"collection":[{"href":"https:\/\/lucacastelli.com\/fr\/wp-json\/wp\/v2\/product"}],"about":[{"href":"https:\/\/lucacastelli.com\/fr\/wp-json\/wp\/v2\/types\/product"}],"wp:featuredmedia":[{"embeddable":true,"href":"https:\/\/lucacastelli.com\/fr\/wp-json\/wp\/v2\/media\/405048"}],"wp:attachment":[{"href":"https:\/\/lucacastelli.com\/fr\/wp-json\/wp\/v2\/media?parent=415537"}],"wp:term":[{"taxonomy":"product_brand","embeddable":true,"href":"https:\/\/lucacastelli.com\/fr\/wp-json\/wp\/v2\/product_brand?post=415537"},{"taxonomy":"product_cat","embeddable":true,"href":"https:\/\/lucacastelli.com\/fr\/wp-json\/wp\/v2\/product_cat?post=415537"},{"taxonomy":"product_tag","embeddable":true,"href":"https:\/\/lucacastelli.com\/fr\/wp-json\/wp\/v2\/product_tag?post=415537"}],"curies":[{"name":"wp","href":"https:\/\/api.w.org\/{rel}","templated":true}]}}