{"id":415531,"date":"2025-04-07T16:53:00","date_gmt":"2025-04-07T14:53:00","guid":{"rendered":"https:\/\/lucacastelli.com\/prodotto\/crazy-cap-spire-thermo-homme\/"},"modified":"2026-03-01T00:25:25","modified_gmt":"2026-02-28T23:25:25","slug":"crazy-cap-spire-thermo-homme","status":"publish","type":"product","link":"https:\/\/lucacastelli.com\/fr\/produit\/crazy-cap-spire-thermo-homme\/","title":{"rendered":"CRAZY CAP SPIRE THERMO HOMME"},"content":{"rendered":"<p>Casquette de course et de skimo, id\u00e9ale pour les activit\u00e9s de haute intensit\u00e9 les jours particuli\u00e8rement froids ou venteux.<br \/>\nFabriqu\u00e9 en Vuelta, un tissu chaud et respirant fabriqu\u00e9 en Italie, avec des coutures plates de couleur contrast\u00e9e, en diff\u00e9rents mod\u00e8les ou de couleur unie pour correspondre \u00e0 la palette de couleurs de la collection. Logo r\u00e9fl\u00e9chissant. <\/p>\n<p>&nbsp;<\/p>\n<p>Poids : 40 g<\/p>\n","protected":false},"excerpt":{"rendered":"<p>Casquette de course et de skimo, id\u00e9ale pour les activit\u00e9s de haute intensit\u00e9 les jours particuli\u00e8rement froids ou venteux. Fabriqu\u00e9<\/p>\n","protected":false},"featured_media":405052,"template":"","meta":{"_seopress_robots_primary_cat":"","_seopress_titles_title":"","_seopress_titles_desc":"","_seopress_robots_index":""},"product_brand":[3616],"product_cat":[1390,81],"product_tag":[],"class_list":{"0":"post-415531","1":"product","2":"type-product","3":"status-publish","4":"has-post-thumbnail","6":"product_brand-crazy-fr","7":"product_cat-accessoires-dhabillement","8":"product_cat-vetements","9":"sws-gruppo-abb-libero-fr","10":"sws-conto-ricavi-merci-rivendita-abbigliamento-fr","11":"sws-gruppo-iva-iva81-fr","13":"first","14":"instock","15":"shipping-taxable","16":"purchasable","17":"product-type-variable"},"_links":{"self":[{"href":"https:\/\/lucacastelli.com\/fr\/wp-json\/wp\/v2\/product\/415531","targetHints":{"allow":["GET"]}}],"collection":[{"href":"https:\/\/lucacastelli.com\/fr\/wp-json\/wp\/v2\/product"}],"about":[{"href":"https:\/\/lucacastelli.com\/fr\/wp-json\/wp\/v2\/types\/product"}],"wp:featuredmedia":[{"embeddable":true,"href":"https:\/\/lucacastelli.com\/fr\/wp-json\/wp\/v2\/media\/405052"}],"wp:attachment":[{"href":"https:\/\/lucacastelli.com\/fr\/wp-json\/wp\/v2\/media?parent=415531"}],"wp:term":[{"taxonomy":"product_brand","embeddable":true,"href":"https:\/\/lucacastelli.com\/fr\/wp-json\/wp\/v2\/product_brand?post=415531"},{"taxonomy":"product_cat","embeddable":true,"href":"https:\/\/lucacastelli.com\/fr\/wp-json\/wp\/v2\/product_cat?post=415531"},{"taxonomy":"product_tag","embeddable":true,"href":"https:\/\/lucacastelli.com\/fr\/wp-json\/wp\/v2\/product_tag?post=415531"}],"curies":[{"name":"wp","href":"https:\/\/api.w.org\/{rel}","templated":true}]}}