{"id":415494,"date":"2025-04-07T16:53:00","date_gmt":"2025-04-07T14:53:00","guid":{"rendered":"https:\/\/lucacastelli.com\/prodotto\/crazy-pant-wonder-magiceder\/"},"modified":"2026-04-15T00:01:35","modified_gmt":"2026-04-14T22:01:35","slug":"crazy-pant-wonder-magiceder","status":"publish","type":"product","link":"https:\/\/lucacastelli.com\/fr\/produit\/crazy-pant-wonder-magiceder\/","title":{"rendered":"CRAZY PANT WONDER MAGICeder"},"content":{"rendered":"<p>Allier mode et performance en plein air a toujours \u00e9t\u00e9 un \u00e9l\u00e9ment essentiel de l\u2019identit\u00e9 de Crazy et le Wonder Magic en est la preuve : ce sont les pantalons techniques originaux \u00e0 imprim\u00e9 denim, parfaits pour une utilisation en montagne ainsi que pour profiter du confort d\u2019un v\u00eatement technique au quotidien.<br \/>\nUn confort absolu pour un tissu qui ne se froisse pas. Parfait pour toutes les occasions ! Ils sont fabriqu\u00e9s en Vuelta, la polaire douce et respirante fabriqu\u00e9e en Italie avec un imprim\u00e9 denim. Gr\u00e2ce \u00e0 la coupe, ils \u00e9pousent la forme du corps comme une paire de collants color\u00e9s. La taille \u00e9lastique confortable est une excellente caract\u00e9ristique qui ajoute confort et protection.    <\/p>\n<p>\u2022 Taille \u00e9lastique<br \/>\n confortable\u2022 Vuelta, un tissu technique fabriqu\u00e9 en Italie<br \/>\n\u2022 Imprim\u00e9 denim int\u00e9gral<\/p>\n<p>POIDS&nbsp;: 219 gr<\/p>\n","protected":false},"excerpt":{"rendered":"<p>Allier mode et performance en plein air a toujours \u00e9t\u00e9 un \u00e9l\u00e9ment essentiel de l\u2019identit\u00e9 de Crazy et le Wonder<\/p>\n","protected":false},"featured_media":404152,"template":"","meta":{"_seopress_robots_primary_cat":"","_seopress_titles_title":"","_seopress_titles_desc":"","_seopress_robots_index":""},"product_brand":[3616],"product_cat":[81,981,1387],"product_tag":[],"class_list":{"0":"post-415494","1":"product","2":"type-product","3":"status-publish","4":"has-post-thumbnail","6":"product_brand-crazy-fr","7":"product_cat-vetements","8":"product_cat-vetements-de-loisirs","9":"product_cat-vetements-pour-femmes","10":"sws-gruppo-abb-libero-fr","11":"sws-conto-ricavi-merci-rivendita-abbigliamento-fr","12":"sws-gruppo-iva-iva81-fr","14":"first","15":"instock","16":"sale","17":"shipping-taxable","18":"purchasable","19":"product-type-variable"},"_links":{"self":[{"href":"https:\/\/lucacastelli.com\/fr\/wp-json\/wp\/v2\/product\/415494","targetHints":{"allow":["GET"]}}],"collection":[{"href":"https:\/\/lucacastelli.com\/fr\/wp-json\/wp\/v2\/product"}],"about":[{"href":"https:\/\/lucacastelli.com\/fr\/wp-json\/wp\/v2\/types\/product"}],"wp:featuredmedia":[{"embeddable":true,"href":"https:\/\/lucacastelli.com\/fr\/wp-json\/wp\/v2\/media\/404152"}],"wp:attachment":[{"href":"https:\/\/lucacastelli.com\/fr\/wp-json\/wp\/v2\/media?parent=415494"}],"wp:term":[{"taxonomy":"product_brand","embeddable":true,"href":"https:\/\/lucacastelli.com\/fr\/wp-json\/wp\/v2\/product_brand?post=415494"},{"taxonomy":"product_cat","embeddable":true,"href":"https:\/\/lucacastelli.com\/fr\/wp-json\/wp\/v2\/product_cat?post=415494"},{"taxonomy":"product_tag","embeddable":true,"href":"https:\/\/lucacastelli.com\/fr\/wp-json\/wp\/v2\/product_tag?post=415494"}],"curies":[{"name":"wp","href":"https:\/\/api.w.org\/{rel}","templated":true}]}}