{"id":415473,"date":"2025-04-07T16:53:00","date_gmt":"2025-04-07T14:53:00","guid":{"rendered":"https:\/\/lucacastelli.com\/prodotto\/crazy-pant\/"},"modified":"2026-04-15T00:01:40","modified_gmt":"2026-04-14T22:01:40","slug":"crazy-pant","status":"publish","type":"product","link":"https:\/\/lucacastelli.com\/fr\/produit\/crazy-pant\/","title":{"rendered":"CRAZY PANT"},"content":{"rendered":"<p>Unique! C\u2019est la meilleure d\u00e9finition de notre pantalon Sound. Le pantalon id\u00e9al pour le ski de randonn\u00e9e dans les conditions les plus froides, avec un imprim\u00e9 denim qui le rend parfait pour un usage quotidien &#8211; le style et la chaleur de la haute montagne enfin combin\u00e9s. Que demander de plus ?<br \/>\nIls sont fabriqu\u00e9s \u00e0 l\u2019aide d\u2019un tissu coquille souple avec une membrane coupe-vent et hydrofuge pour garder la chaleur, combin\u00e9 \u00e0 une doublure polaire chaude qui offre un confort maximal sur la peau.<br \/>\nUn tissu incroyablement extensible &#8211; avec des propri\u00e9t\u00e9s qui sont \u00e9videntes au toucher. Une large ceinture est un \u00e9l\u00e9ment cl\u00e9 depuis des ann\u00e9es dans de nombreux v\u00eatements con\u00e7us par Crazy, car elle prot\u00e8ge du froid et donne au pantalon un ajustement parfait.<br \/>\nLe bas des jambes est dot\u00e9 de soufflets aux chevilles avec fermetures \u00e9clair, r\u00e9glables sur la plupart des chaussures de ski alpinisme.    <\/p>\n<p>&nbsp;<\/p>\n<p>\u2022 Large ceinture confortable, avec poche<br \/>\n arri\u00e8re\u2022 Goussets \u00e0 la cheville avec fermetures \u00e9clair, r\u00e9glables sur la plupart des bottes<br \/>\n\u2022 Poign\u00e9e \u00e9lastique sur le bas de la jambe<br \/>\n\u2022 Tissu avec membrane coupe-vent et imprim\u00e9 unique et \u00e9l\u00e9gant<\/p>\n<p>&nbsp;<\/p>\n<p>POIDS&nbsp;: 370 gr<\/p>\n","protected":false},"excerpt":{"rendered":"<p>Unique! C\u2019est la meilleure d\u00e9finition de notre pantalon Sound. Le pantalon id\u00e9al pour le ski de randonn\u00e9e dans les conditions<\/p>\n","protected":false},"featured_media":640150,"template":"","meta":{"_seopress_robots_primary_cat":"","_seopress_titles_title":"","_seopress_titles_desc":"","_seopress_robots_index":""},"product_brand":[3413],"product_cat":[21,189,200],"product_tag":[],"class_list":{"0":"post-415473","1":"product","2":"type-product","3":"status-publish","4":"has-post-thumbnail","6":"product_brand-crazy","7":"product_cat-abbigliamento","8":"product_cat-abbigliamento-per-il-tempo-libero","9":"product_cat-abbigliamento-da-donna","10":"sws-gruppo-abb-libero-fr","11":"sws-conto-ricavi-merci-rivendita-abbigliamento-fr","12":"sws-gruppo-iva-iva81-fr","14":"first","15":"instock","16":"sale","17":"shipping-taxable","18":"purchasable","19":"product-type-variable"},"_links":{"self":[{"href":"https:\/\/lucacastelli.com\/fr\/wp-json\/wp\/v2\/product\/415473","targetHints":{"allow":["GET"]}}],"collection":[{"href":"https:\/\/lucacastelli.com\/fr\/wp-json\/wp\/v2\/product"}],"about":[{"href":"https:\/\/lucacastelli.com\/fr\/wp-json\/wp\/v2\/types\/product"}],"wp:featuredmedia":[{"embeddable":true,"href":"https:\/\/lucacastelli.com\/fr\/wp-json\/wp\/v2\/media\/640150"}],"wp:attachment":[{"href":"https:\/\/lucacastelli.com\/fr\/wp-json\/wp\/v2\/media?parent=415473"}],"wp:term":[{"taxonomy":"product_brand","embeddable":true,"href":"https:\/\/lucacastelli.com\/fr\/wp-json\/wp\/v2\/product_brand?post=415473"},{"taxonomy":"product_cat","embeddable":true,"href":"https:\/\/lucacastelli.com\/fr\/wp-json\/wp\/v2\/product_cat?post=415473"},{"taxonomy":"product_tag","embeddable":true,"href":"https:\/\/lucacastelli.com\/fr\/wp-json\/wp\/v2\/product_tag?post=415473"}],"curies":[{"name":"wp","href":"https:\/\/api.w.org\/{rel}","templated":true}]}}