{"id":415470,"date":"2025-04-07T16:53:00","date_gmt":"2025-04-07T14:53:00","guid":{"rendered":"https:\/\/lucacastelli.com\/prodotto\/crazy-canal-de-jupe\/"},"modified":"2026-04-15T00:01:40","modified_gmt":"2026-04-14T22:01:40","slug":"crazy-canal-de-jupe","status":"publish","type":"product","link":"https:\/\/lucacastelli.com\/fr\/produit\/crazy-canal-de-jupe\/","title":{"rendered":"CRAZY CANAL DE JUPE"},"content":{"rendered":"<p>Jupe isol\u00e9e pour les activit\u00e9s de plein air dans les conditions les plus froides, protection suppl\u00e9mentaire sur un collant, un pantalon de ski de randonn\u00e9e ou de randonn\u00e9e. Sans sacrifier le style !<br \/>\nLe tissu en nylon innovant \u00e0 l\u2019ext\u00e9rieur est dot\u00e9 de la technologie exclusive I-TUBE, une construction sans couture qui \u00e9limine le probl\u00e8me de la perte du mat\u00e9riau isolant Micro Roll dans le cas de ce v\u00eatement.<br \/>\nLa large ceinture r\u00e9alis\u00e9e avec Vuelta, un tissu fabriqu\u00e9 en Italie, reste en place et garantit confort et chaleur sur les hanches et le bas du dos.<br \/>\nLes deux fermetures \u00e9clair lat\u00e9rales peuvent \u00eatre maintenues partiellement ouvertes pour am\u00e9liorer le confort lors des mouvements. <\/p>\n<p>\u2022 Large ceinture en Vuelta, le tissu softshell fabriqu\u00e9 en Italie<br \/>\n\u2022 Longue fermeture \u00e9clair d\u2019un c\u00f4t\u00e9<br \/>\n\u2022 Fermeture \u00e9clair courte pour l\u2019ajustement de l\u2019autre c\u00f4t\u00e9<br \/>\n\u2022 Isolation Micro Roll dans les panneaux I-TUBE<br \/>\n\u2022 Logos r\u00e9fl\u00e9chissants<\/p>\n<p>POIDS&nbsp;: 170 gr<\/p>\n","protected":false},"excerpt":{"rendered":"<p>Jupe isol\u00e9e pour les activit\u00e9s de plein air dans les conditions les plus froides, protection suppl\u00e9mentaire sur un collant, un<\/p>\n","protected":false},"featured_media":404129,"template":"","meta":{"_seopress_robots_primary_cat":"","_seopress_titles_title":"","_seopress_titles_desc":"","_seopress_robots_index":""},"product_brand":[3616],"product_cat":[81,981,1387],"product_tag":[],"class_list":{"0":"post-415470","1":"product","2":"type-product","3":"status-publish","4":"has-post-thumbnail","6":"product_brand-crazy-fr","7":"product_cat-vetements","8":"product_cat-vetements-de-loisirs","9":"product_cat-vetements-pour-femmes","10":"sws-gruppo-abb-libero-fr","11":"sws-conto-ricavi-merci-rivendita-abbigliamento-fr","12":"sws-gruppo-iva-iva81-fr","14":"first","15":"instock","16":"sale","17":"shipping-taxable","18":"purchasable","19":"product-type-variable"},"_links":{"self":[{"href":"https:\/\/lucacastelli.com\/fr\/wp-json\/wp\/v2\/product\/415470","targetHints":{"allow":["GET"]}}],"collection":[{"href":"https:\/\/lucacastelli.com\/fr\/wp-json\/wp\/v2\/product"}],"about":[{"href":"https:\/\/lucacastelli.com\/fr\/wp-json\/wp\/v2\/types\/product"}],"wp:featuredmedia":[{"embeddable":true,"href":"https:\/\/lucacastelli.com\/fr\/wp-json\/wp\/v2\/media\/404129"}],"wp:attachment":[{"href":"https:\/\/lucacastelli.com\/fr\/wp-json\/wp\/v2\/media?parent=415470"}],"wp:term":[{"taxonomy":"product_brand","embeddable":true,"href":"https:\/\/lucacastelli.com\/fr\/wp-json\/wp\/v2\/product_brand?post=415470"},{"taxonomy":"product_cat","embeddable":true,"href":"https:\/\/lucacastelli.com\/fr\/wp-json\/wp\/v2\/product_cat?post=415470"},{"taxonomy":"product_tag","embeddable":true,"href":"https:\/\/lucacastelli.com\/fr\/wp-json\/wp\/v2\/product_tag?post=415470"}],"curies":[{"name":"wp","href":"https:\/\/api.w.org\/{rel}","templated":true}]}}